{"id":43567,"date":"2025-08-11T11:22:13","date_gmt":"2025-08-11T11:22:13","guid":{"rendered":"https:\/\/skinstudio.ee\/?post_type=product&#038;p=43567"},"modified":"2026-01-19T15:12:49","modified_gmt":"2026-01-19T15:12:49","slug":"vitamin-a-boosting-cream","status":"publish","type":"product","link":"https:\/\/skinstudio.ee\/lv\/catalog\/circadia\/vitamin-a-boosting-cream\/","title":{"rendered":"Vitamin A Boosting Cream"},"content":{"rendered":"<p data-start=\"102\" data-end=\"184\">Vitamin A Boosting Cream \u2014 atjaunojo\u0161s sejas kr\u0113ms ar A vitam\u012bnu.<\/p>\n<p data-start=\"186\" data-end=\"489\">Atjaunojo\u0161s nakts kr\u0113ms ar A vitam\u012bna (Retinyl Acetate 1%) un E vitam\u012bna kombin\u0101ciju efekt\u012bvai c\u012b\u0146ai ar da\u017e\u0101d\u0101m \u0101das noveco\u0161an\u0101s paz\u012bm\u0113m: ar vecumu saist\u012btas izmai\u0146as, \u0101das at\u016bde\u0146o\u0161an\u0101s, UV starojuma un br\u012bvo radik\u0101\u013cu rad\u012btie boj\u0101jumi. Pal\u012bdz samazin\u0101t eso\u0161o grumbu redzam\u012bbu un uzlabo \u0101das kvalit\u0101ti.<\/p>\n<p data-start=\"491\" data-end=\"511\"><strong data-start=\"491\" data-end=\"503\">Tilpums:<\/strong> 50 ml<\/p>\n","protected":false},"excerpt":{"rendered":"<p data-start=\"595\" data-end=\"638\">Atjaunojo\u0161s nakts kr\u0113ms ar A vitam\u012bnu<\/p>\n<h2 data-start=\"640\" data-end=\"932\"><strong data-start=\"640\" data-end=\"686\">Circadia Vitamin A Boosting Cream \u012bpa\u0161\u012bbas<\/strong><\/h2>\n<p data-start=\"640\" data-end=\"932\">\u2714\ufe0f Veicina \u0161\u016bnu atjauno\u0161anos un pa\u0101trina re\u0123ener\u0101ciju<br data-start=\"742\" data-end=\"745\" \/>\u2714\ufe0f Izl\u012bdzina grumbas un uzlabo \u0101das tekst\u016bru<br data-start=\"789\" data-end=\"792\" \/>\u2714\ufe0f Vienm\u0113r\u012bgi izl\u012bdzina toni un uzlabo elast\u012bbu<br data-start=\"839\" data-end=\"842\" \/>\u2714\ufe0f Stiprina aizsargbarjeru un saglab\u0101 mitrumu<br data-start=\"887\" data-end=\"890\" \/>\u2714\ufe0f Piem\u0113rots \u0101dai ar noveco\u0161an\u0101s paz\u012bm\u0113m<\/p>\n","protected":false},"featured_media":43558,"template":"","meta":[],"pwb-brand":[800],"product_brand":[],"product_cat":[727],"product_tag":[],"giftcard-category":[],"class_list":{"0":"post-43567","1":"product","2":"type-product","3":"status-publish","4":"has-post-thumbnail","6":"pwb-brand-circadia","7":"product_cat-a-vitamins-retinols","9":"first","10":"instock","11":"taxable","12":"shipping-taxable","13":"purchasable","14":"product-type-simple"},"acf":[],"brands":[{"id":800,"name":"Circadia","slug":"circadia"}],"_links":{"self":[{"href":"https:\/\/skinstudio.ee\/lv\/wp-json\/wp\/v2\/product\/43567","targetHints":{"allow":["GET"]}}],"collection":[{"href":"https:\/\/skinstudio.ee\/lv\/wp-json\/wp\/v2\/product"}],"about":[{"href":"https:\/\/skinstudio.ee\/lv\/wp-json\/wp\/v2\/types\/product"}],"version-history":[{"count":0,"href":"https:\/\/skinstudio.ee\/lv\/wp-json\/wp\/v2\/product\/43567\/revisions"}],"wp:featuredmedia":[{"embeddable":true,"href":"https:\/\/skinstudio.ee\/lv\/wp-json\/wp\/v2\/media\/43558"}],"wp:attachment":[{"href":"https:\/\/skinstudio.ee\/lv\/wp-json\/wp\/v2\/media?parent=43567"}],"wp:term":[{"taxonomy":"pwb-brand","embeddable":true,"href":"https:\/\/skinstudio.ee\/lv\/wp-json\/wp\/v2\/pwb-brand?post=43567"},{"taxonomy":"product_brand","embeddable":true,"href":"https:\/\/skinstudio.ee\/lv\/wp-json\/wp\/v2\/product_brand?post=43567"},{"taxonomy":"product_cat","embeddable":true,"href":"https:\/\/skinstudio.ee\/lv\/wp-json\/wp\/v2\/product_cat?post=43567"},{"taxonomy":"product_tag","embeddable":true,"href":"https:\/\/skinstudio.ee\/lv\/wp-json\/wp\/v2\/product_tag?post=43567"},{"taxonomy":"giftcard-category","embeddable":true,"href":"https:\/\/skinstudio.ee\/lv\/wp-json\/wp\/v2\/giftcard-category?post=43567"}],"curies":[{"name":"wp","href":"https:\/\/api.w.org\/{rel}","templated":true}]}}