{"id":43587,"date":"2025-08-11T11:54:46","date_gmt":"2025-08-11T11:54:46","guid":{"rendered":"https:\/\/skinstudio.ee\/?post_type=product&#038;p=43587"},"modified":"2026-01-19T15:12:49","modified_gmt":"2026-01-19T15:12:49","slug":"vitamin-a-gel","status":"publish","type":"product","link":"https:\/\/skinstudio.ee\/lv\/catalog\/circadia\/vitamin-a-gel\/","title":{"rendered":"Vitamin A Gel"},"content":{"rendered":"<p data-start=\"16\" data-end=\"59\">Vitamin A Gel \u2014 gels \u0101dai ar 1% retinolu.<\/p>\n<p data-start=\"61\" data-end=\"478\">Koncentr\u0113ts gels ar retinolu sniedz izteiktu efektu c\u012b\u0146\u0101 ar noveco\u0161an\u0101s paz\u012bm\u0113m, samazinot grumbu un smalko l\u012bniju redzam\u012bbu. Uzlabo \u0101das reljefu un toni, veicina \u0101das atjauno\u0161anos. Retinols ir labi izp\u0113t\u012bta, daudzfunkcion\u0101la sast\u0101vda\u013ca. Darbojas vair\u0101kos virzienos, uzlabojot \u0101das st\u0101vokli ar\u012b pigment\u0101cijas vai p\u0113caknes gad\u012bjum\u0101 un pozit\u012bvi ietekm\u0113jot \u0101du ar akni. Pal\u012bdz att\u012br\u012bt poras un regul\u0113t sebuma izstr\u0101di.<\/p>\n<p data-start=\"480\" data-end=\"500\"><strong data-start=\"480\" data-end=\"492\">Tilpums:<\/strong> 29 ml<\/p>\n","protected":false},"excerpt":{"rendered":"<p data-start=\"1219\" data-end=\"1251\">Atjaunojo\u0161s gels ar A vitam\u012bnu<\/p>\n<h2 data-start=\"1253\" data-end=\"1523\"><strong data-start=\"1253\" data-end=\"1288\">Circadia Vitamin A Gel \u012bpa\u0161\u012bbas<\/strong><\/h2>\n<p data-start=\"1253\" data-end=\"1523\">\u2714\ufe0f Stimul\u0113 \u0161\u016bnu atjauno\u0161anos un pa\u0101trina re\u0123ener\u0101ciju<br data-start=\"1344\" data-end=\"1347\" \/>\u2714\ufe0f Izl\u012bdzina grumbas un uzlabo \u0101das tekst\u016bru<br data-start=\"1391\" data-end=\"1394\" \/>\u2714\ufe0f Vienm\u0113r\u012bgi izl\u012bdzina toni un uzlabo elast\u012bbu<br data-start=\"1441\" data-end=\"1444\" \/>\u2714\ufe0f Uztur \u0101das elast\u012bbu un vesel\u012bbu<br data-start=\"1478\" data-end=\"1481\" \/>\u2714\ufe0f Piem\u0113rots \u0101dai ar noveco\u0161an\u0101s paz\u012bm\u0113m<\/p>\n","protected":false},"featured_media":66293,"template":"","meta":[],"pwb-brand":[800],"product_brand":[],"product_cat":[727],"product_tag":[],"giftcard-category":[],"class_list":{"0":"post-43587","1":"product","2":"type-product","3":"status-publish","4":"has-post-thumbnail","6":"pwb-brand-circadia","7":"product_cat-a-vitamins-retinols","9":"first","10":"instock","11":"taxable","12":"shipping-taxable","13":"purchasable","14":"product-type-simple"},"acf":[],"brands":[{"id":800,"name":"Circadia","slug":"circadia"}],"_links":{"self":[{"href":"https:\/\/skinstudio.ee\/lv\/wp-json\/wp\/v2\/product\/43587","targetHints":{"allow":["GET"]}}],"collection":[{"href":"https:\/\/skinstudio.ee\/lv\/wp-json\/wp\/v2\/product"}],"about":[{"href":"https:\/\/skinstudio.ee\/lv\/wp-json\/wp\/v2\/types\/product"}],"version-history":[{"count":0,"href":"https:\/\/skinstudio.ee\/lv\/wp-json\/wp\/v2\/product\/43587\/revisions"}],"wp:featuredmedia":[{"embeddable":true,"href":"https:\/\/skinstudio.ee\/lv\/wp-json\/wp\/v2\/media\/66293"}],"wp:attachment":[{"href":"https:\/\/skinstudio.ee\/lv\/wp-json\/wp\/v2\/media?parent=43587"}],"wp:term":[{"taxonomy":"pwb-brand","embeddable":true,"href":"https:\/\/skinstudio.ee\/lv\/wp-json\/wp\/v2\/pwb-brand?post=43587"},{"taxonomy":"product_brand","embeddable":true,"href":"https:\/\/skinstudio.ee\/lv\/wp-json\/wp\/v2\/product_brand?post=43587"},{"taxonomy":"product_cat","embeddable":true,"href":"https:\/\/skinstudio.ee\/lv\/wp-json\/wp\/v2\/product_cat?post=43587"},{"taxonomy":"product_tag","embeddable":true,"href":"https:\/\/skinstudio.ee\/lv\/wp-json\/wp\/v2\/product_tag?post=43587"},{"taxonomy":"giftcard-category","embeddable":true,"href":"https:\/\/skinstudio.ee\/lv\/wp-json\/wp\/v2\/giftcard-category?post=43587"}],"curies":[{"name":"wp","href":"https:\/\/api.w.org\/{rel}","templated":true}]}}