{"id":43604,"date":"2025-08-11T12:06:14","date_gmt":"2025-08-11T12:06:14","guid":{"rendered":"https:\/\/skinstudio.ee\/?post_type=product&#038;p=43604"},"modified":"2026-01-19T15:12:48","modified_gmt":"2026-01-19T15:12:48","slug":"meristem-serum","status":"publish","type":"product","link":"https:\/\/skinstudio.ee\/lv\/catalog\/circadia\/meristem-serum\/","title":{"rendered":"MeriStem Serum"},"content":{"rendered":"<p data-start=\"16\" data-end=\"512\"><strong data-start=\"16\" data-end=\"41\">MeriStem sejas serums<\/strong> ir izstr\u0101d\u0101ts, pamatojoties uz \u0101bolu cilmes \u0161\u016bnu un edelveisa cilmes \u0161\u016bnu ekstraktiem. Formula nodro\u0161ina pretnoveco\u0161an\u0101s iedarb\u012bbu, antioksidantu aizsardz\u012bbu, c\u012bn\u0101s ar br\u012bvo radik\u0101\u013cu negat\u012bvo ietekmi un pal\u0113nina \u0161\u016bnu noveco\u0161anos. Akt\u012bv\u0101s sast\u0101vda\u013cas efekt\u012bvi izl\u012bdzina grumbas, atjauno boj\u0101to \u0161\u016bnu integrit\u0101ti, nov\u0113r\u0161 priek\u0161laic\u012bgu noveco\u0161anos un \u0101das \u013cenganumu. Ekstrakti mitrina dzi\u013c\u0101kos \u0101das sl\u0101\u0146us, saglab\u0101 mitrumu \u0161\u016bn\u0101s, pie\u0161\u0137ir sejai vienm\u0113r\u012bgu toni un mirdzumu.<\/p>\n<p data-start=\"514\" data-end=\"534\"><strong data-start=\"514\" data-end=\"526\">Tilpums:<\/strong> 15 ml<\/p>\n","protected":false},"excerpt":{"rendered":"<p data-start=\"614\" data-end=\"659\">Atjaunojo\u0161s serums ar augu cilmes \u0161\u016bn\u0101m<\/p>\n<h2 data-start=\"661\" data-end=\"921\"><strong data-start=\"661\" data-end=\"697\">Circadia MeriStem Serum \u012bpa\u0161\u012bbas<\/strong><\/h2>\n<p data-start=\"661\" data-end=\"921\">\u2714\ufe0f Pa\u0101trina \u0161\u016bnu re\u0123ener\u0101ciju un \u0101das dz\u012b\u0161anu<br data-start=\"745\" data-end=\"748\" \/>\u2714\ufe0f Izl\u012bdzina grumbas un uzlabo \u0101das elast\u012bbu<br data-start=\"792\" data-end=\"795\" \/>\u2714\ufe0f Vienm\u0113r\u012bgs \u0101das tonis un uzlabota tekst\u016bra<br data-start=\"840\" data-end=\"843\" \/>\u2714\ufe0f Aizsarg\u0101 pret br\u012bvo radik\u0101\u013cu iedarb\u012bbu<br data-start=\"884\" data-end=\"887\" \/>\u2714\ufe0f Intens\u012bvi mitrina un baro \u0101du<\/p>\n","protected":false},"featured_media":66288,"template":"","meta":[],"pwb-brand":[800],"product_brand":[],"product_cat":[749,723],"product_tag":[],"giftcard-category":[],"class_list":{"0":"post-43604","1":"product","2":"type-product","3":"status-publish","4":"has-post-thumbnail","6":"pwb-brand-circadia","7":"product_cat-novecojosa-ada","8":"product_cat-serumi","10":"first","11":"instock","12":"taxable","13":"shipping-taxable","14":"purchasable","15":"product-type-simple"},"acf":[],"brands":[{"id":800,"name":"Circadia","slug":"circadia"}],"_links":{"self":[{"href":"https:\/\/skinstudio.ee\/lv\/wp-json\/wp\/v2\/product\/43604","targetHints":{"allow":["GET"]}}],"collection":[{"href":"https:\/\/skinstudio.ee\/lv\/wp-json\/wp\/v2\/product"}],"about":[{"href":"https:\/\/skinstudio.ee\/lv\/wp-json\/wp\/v2\/types\/product"}],"version-history":[{"count":0,"href":"https:\/\/skinstudio.ee\/lv\/wp-json\/wp\/v2\/product\/43604\/revisions"}],"wp:featuredmedia":[{"embeddable":true,"href":"https:\/\/skinstudio.ee\/lv\/wp-json\/wp\/v2\/media\/66288"}],"wp:attachment":[{"href":"https:\/\/skinstudio.ee\/lv\/wp-json\/wp\/v2\/media?parent=43604"}],"wp:term":[{"taxonomy":"pwb-brand","embeddable":true,"href":"https:\/\/skinstudio.ee\/lv\/wp-json\/wp\/v2\/pwb-brand?post=43604"},{"taxonomy":"product_brand","embeddable":true,"href":"https:\/\/skinstudio.ee\/lv\/wp-json\/wp\/v2\/product_brand?post=43604"},{"taxonomy":"product_cat","embeddable":true,"href":"https:\/\/skinstudio.ee\/lv\/wp-json\/wp\/v2\/product_cat?post=43604"},{"taxonomy":"product_tag","embeddable":true,"href":"https:\/\/skinstudio.ee\/lv\/wp-json\/wp\/v2\/product_tag?post=43604"},{"taxonomy":"giftcard-category","embeddable":true,"href":"https:\/\/skinstudio.ee\/lv\/wp-json\/wp\/v2\/giftcard-category?post=43604"}],"curies":[{"name":"wp","href":"https:\/\/api.w.org\/{rel}","templated":true}]}}