{"id":43621,"date":"2025-08-11T12:16:32","date_gmt":"2025-08-11T12:16:32","guid":{"rendered":"https:\/\/skinstudio.ee\/?post_type=product&#038;p=43621"},"modified":"2026-01-19T15:12:48","modified_gmt":"2026-01-19T15:12:48","slug":"phito-pep-1-6","status":"publish","type":"product","link":"https:\/\/skinstudio.ee\/lv\/catalog\/circadia\/phito-pep-1-6\/","title":{"rendered":"PhiTo-Pep 1.6"},"content":{"rendered":"<p data-start=\"0\" data-end=\"66\"><strong data-start=\"9\" data-end=\"64\">PhiTo-Pep 1.6 \u2014 nostiprino\u0161s univers\u0101ls sejas kr\u0113ms<\/strong><\/p>\n<p data-start=\"68\" data-end=\"476\">Kr\u0113ms, kura pamat\u0101 ir unik\u0101la mitrino\u0161o un atjaunojo\u0161o sast\u0101vda\u013cu, k\u0101 ar\u012b pept\u012bdu un augu ekstraktu kombin\u0101cija. Stiprina \u0101das aizsargbarjeru, regul\u0113 mitruma l\u012bmeni un nov\u0113r\u0161 transepiderm\u0101lo \u016bdens zudumu. Aizsarg\u0101 \u0101das lip\u012bdus un DNS no br\u012bvo radik\u0101\u013cu rad\u012btiem boj\u0101jumiem, pal\u012bdz nov\u0113rst priek\u0161laic\u012bgu noveco\u0161anos un hrononoveco\u0161an\u0101s paz\u012bmju par\u0101d\u012b\u0161anos. Uzlabo \u0101das tekst\u016bru, padarot to gludu un elast\u012bgu.<\/p>\n<p data-start=\"478\" data-end=\"498\"><strong data-start=\"478\" data-end=\"490\">Tilpums:<\/strong> 59 ml<\/p>\n","protected":false},"excerpt":{"rendered":"<p data-start=\"642\" data-end=\"675\">Atjaunojo\u0161s serums ar pept\u012bdiem<\/p>\n<h2 data-start=\"677\" data-end=\"920\"><strong data-start=\"677\" data-end=\"712\">Circadia PhiTo-Pep 1.6 \u012bpa\u0161\u012bbas<\/strong><\/h2>\n<p data-start=\"677\" data-end=\"920\">\u2714\ufe0f Stimul\u0113 kolag\u0113na un elast\u012bna sint\u0113zi<br data-start=\"754\" data-end=\"757\" \/>\u2714\ufe0f Samazina grumbas un uzlabo \u0101das elast\u012bbu<br data-start=\"800\" data-end=\"803\" \/>\u2714\ufe0f Uzlabo \u0101das tekst\u016bru un toni<br data-start=\"834\" data-end=\"837\" \/>\u2714\ufe0f Mitrina un stiprina aizsargbarjeru<br data-start=\"874\" data-end=\"877\" \/>\u2714\ufe0f Aizsarg\u0101 pret br\u012bvo radik\u0101\u013cu iedarb\u012bbu<\/p>\n","protected":false},"featured_media":43613,"template":"","meta":[],"pwb-brand":[800],"product_brand":[],"product_cat":[737],"product_tag":[],"giftcard-category":[],"class_list":{"0":"post-43621","1":"product","2":"type-product","3":"status-publish","4":"has-post-thumbnail","6":"pwb-brand-circadia","7":"product_cat-mitrinasana","9":"first","10":"instock","11":"taxable","12":"shipping-taxable","13":"purchasable","14":"product-type-simple"},"acf":[],"brands":[{"id":800,"name":"Circadia","slug":"circadia"}],"_links":{"self":[{"href":"https:\/\/skinstudio.ee\/lv\/wp-json\/wp\/v2\/product\/43621","targetHints":{"allow":["GET"]}}],"collection":[{"href":"https:\/\/skinstudio.ee\/lv\/wp-json\/wp\/v2\/product"}],"about":[{"href":"https:\/\/skinstudio.ee\/lv\/wp-json\/wp\/v2\/types\/product"}],"version-history":[{"count":0,"href":"https:\/\/skinstudio.ee\/lv\/wp-json\/wp\/v2\/product\/43621\/revisions"}],"wp:featuredmedia":[{"embeddable":true,"href":"https:\/\/skinstudio.ee\/lv\/wp-json\/wp\/v2\/media\/43613"}],"wp:attachment":[{"href":"https:\/\/skinstudio.ee\/lv\/wp-json\/wp\/v2\/media?parent=43621"}],"wp:term":[{"taxonomy":"pwb-brand","embeddable":true,"href":"https:\/\/skinstudio.ee\/lv\/wp-json\/wp\/v2\/pwb-brand?post=43621"},{"taxonomy":"product_brand","embeddable":true,"href":"https:\/\/skinstudio.ee\/lv\/wp-json\/wp\/v2\/product_brand?post=43621"},{"taxonomy":"product_cat","embeddable":true,"href":"https:\/\/skinstudio.ee\/lv\/wp-json\/wp\/v2\/product_cat?post=43621"},{"taxonomy":"product_tag","embeddable":true,"href":"https:\/\/skinstudio.ee\/lv\/wp-json\/wp\/v2\/product_tag?post=43621"},{"taxonomy":"giftcard-category","embeddable":true,"href":"https:\/\/skinstudio.ee\/lv\/wp-json\/wp\/v2\/giftcard-category?post=43621"}],"curies":[{"name":"wp","href":"https:\/\/api.w.org\/{rel}","templated":true}]}}