{"id":43636,"date":"2025-08-11T12:24:14","date_gmt":"2025-08-11T12:24:14","guid":{"rendered":"https:\/\/skinstudio.ee\/?post_type=product&#038;p=43636"},"modified":"2026-01-19T15:12:47","modified_gmt":"2026-01-19T15:12:47","slug":"cyto-comm-serum","status":"publish","type":"product","link":"https:\/\/skinstudio.ee\/lv\/catalog\/circadia\/cyto-comm-serum\/","title":{"rendered":"Cyto-Comm Serum"},"content":{"rendered":"<p data-start=\"59\" data-end=\"343\">Starpraku komunik\u0101cijai ir b\u016btiska ietekme uz \u0101das vesel\u012bbu. \u0160is serums optimiz\u0113 \u0161o procesu un pal\u012bdz uzlabot \u0101das st\u0101vokli. Cyto-Comm Serum satur sast\u0101vda\u013cas, kas uzlabo dabiskos starpraku savienojumus, veicinot \u0101das atjauno\u0161anos un restrukturiz\u0101ciju. Piem\u0113rots visiem \u0101das tipiem.<\/p>\n<p data-start=\"345\" data-end=\"365\"><strong data-start=\"345\" data-end=\"357\">Tilpums:<\/strong> 15 ml<\/p>\n","protected":false},"excerpt":{"rendered":"<p data-start=\"0\" data-end=\"78\">Atjaunojo\u0161s serums<\/p>\n<h2 data-start=\"0\" data-end=\"78\"><strong data-start=\"459\" data-end=\"496\">Circadia Cyto-Comm Serum \u012bpa\u0161\u012bbas<\/strong><\/h2>\n<p data-start=\"0\" data-end=\"78\">\u2714\ufe0f Stimul\u0113 \u0161\u016bnu re\u0123ener\u0101ciju un \u0101das dz\u012b\u0161anu<br data-start=\"543\" data-end=\"546\" \/>\u2714\ufe0f Uzlabo elast\u012bbu un tvirtumu<br data-start=\"576\" data-end=\"579\" \/>\u2714\ufe0f Samazina s\u012bkas grumbi\u0146as<br data-start=\"606\" data-end=\"609\" \/>\u2714\ufe0f Aizsarg\u0101 pret br\u012bvo radik\u0101\u013cu iedarb\u012bbu<br data-start=\"650\" data-end=\"653\" \/>\u2714\ufe0f Uztur vesel\u012bgu \u0101das toni un tekst\u016bru<\/p>\n","protected":false},"featured_media":66283,"template":"","meta":[],"pwb-brand":[800],"product_brand":[],"product_cat":[749,723],"product_tag":[],"giftcard-category":[],"class_list":{"0":"post-43636","1":"product","2":"type-product","3":"status-publish","4":"has-post-thumbnail","6":"pwb-brand-circadia","7":"product_cat-novecojosa-ada","8":"product_cat-serumi","10":"first","11":"instock","12":"taxable","13":"shipping-taxable","14":"purchasable","15":"product-type-simple"},"acf":[],"brands":[{"id":800,"name":"Circadia","slug":"circadia"}],"_links":{"self":[{"href":"https:\/\/skinstudio.ee\/lv\/wp-json\/wp\/v2\/product\/43636","targetHints":{"allow":["GET"]}}],"collection":[{"href":"https:\/\/skinstudio.ee\/lv\/wp-json\/wp\/v2\/product"}],"about":[{"href":"https:\/\/skinstudio.ee\/lv\/wp-json\/wp\/v2\/types\/product"}],"version-history":[{"count":0,"href":"https:\/\/skinstudio.ee\/lv\/wp-json\/wp\/v2\/product\/43636\/revisions"}],"wp:featuredmedia":[{"embeddable":true,"href":"https:\/\/skinstudio.ee\/lv\/wp-json\/wp\/v2\/media\/66283"}],"wp:attachment":[{"href":"https:\/\/skinstudio.ee\/lv\/wp-json\/wp\/v2\/media?parent=43636"}],"wp:term":[{"taxonomy":"pwb-brand","embeddable":true,"href":"https:\/\/skinstudio.ee\/lv\/wp-json\/wp\/v2\/pwb-brand?post=43636"},{"taxonomy":"product_brand","embeddable":true,"href":"https:\/\/skinstudio.ee\/lv\/wp-json\/wp\/v2\/product_brand?post=43636"},{"taxonomy":"product_cat","embeddable":true,"href":"https:\/\/skinstudio.ee\/lv\/wp-json\/wp\/v2\/product_cat?post=43636"},{"taxonomy":"product_tag","embeddable":true,"href":"https:\/\/skinstudio.ee\/lv\/wp-json\/wp\/v2\/product_tag?post=43636"},{"taxonomy":"giftcard-category","embeddable":true,"href":"https:\/\/skinstudio.ee\/lv\/wp-json\/wp\/v2\/giftcard-category?post=43636"}],"curies":[{"name":"wp","href":"https:\/\/api.w.org\/{rel}","templated":true}]}}