{"id":43654,"date":"2025-08-11T13:32:11","date_gmt":"2025-08-11T13:32:11","guid":{"rendered":"https:\/\/skinstudio.ee\/?post_type=product&#038;p=43654"},"modified":"2026-01-19T15:12:49","modified_gmt":"2026-01-19T15:12:49","slug":"revita-cyte-complex","status":"publish","type":"product","link":"https:\/\/skinstudio.ee\/lv\/catalog\/circadia\/revita-cyte-complex\/","title":{"rendered":"Revita-Cyte Complex"},"content":{"rendered":"<p data-start=\"16\" data-end=\"308\"><strong data-start=\"16\" data-end=\"39\">Revita-Cyte Complex<\/strong> ir A vitam\u012bna alternat\u012bva klientiem, kuriem retino\u012bdi ir kontrindic\u0113ti. \u0160is pretnoveco\u0161an\u0101s komplekss uzlabo \u0101das stingr\u012bbu un gludumu, padarot to maigu jau p\u0113c pirm\u0101s lieto\u0161anas reizes. Ide\u0101li piem\u0113rots lieto\u0161anai kop\u0101 ar m\u016bsu <strong data-start=\"268\" data-end=\"305\">SWiCH\u2122 Dermal Rejuvenation System<\/strong>.<\/p>\n<p data-start=\"310\" data-end=\"476\"><strong data-start=\"310\" data-end=\"333\">Revita-Cyte Complex<\/strong> ir A vitam\u012bna alternat\u012bva klientiem, kuri nevar lietot retino\u012bdus. Lieliski piem\u0113rots kombin\u0113\u0161anai ar <strong data-start=\"436\" data-end=\"473\">SWiCH\u2122 Dermal Rejuvenation System<\/strong>.<\/p>\n<p data-start=\"478\" data-end=\"498\"><strong data-start=\"478\" data-end=\"490\">Tilpums:<\/strong> 59 ml<\/p>\n","protected":false},"excerpt":{"rendered":"<p data-start=\"758\" data-end=\"813\">Atjaunojo\u0161s kr\u0113ms ar pept\u012bdiem un antioksidantiem<\/p>\n<h2 data-start=\"815\" data-end=\"1104\"><strong data-start=\"815\" data-end=\"856\">Circadia Revita-Cyte Complex \u012bpa\u0161\u012bbas<\/strong><\/h2>\n<p data-start=\"815\" data-end=\"1104\">\u2714\ufe0f Stimul\u0113 \u0161\u016bnu re\u0123ener\u0101ciju un \u0101das atjauno\u0161anos<br data-start=\"908\" data-end=\"911\" \/>\u2714\ufe0f Stiprina aizsargbarjeru un uzlabo elast\u012bbu<br data-start=\"956\" data-end=\"959\" \/>\u2714\ufe0f Samazina smalk\u0101s krunci\u0146as un uzlabo \u0101das tekst\u016bru<br data-start=\"1012\" data-end=\"1015\" \/>\u2714\ufe0f Aizsarg\u0101 pret br\u012bvo radik\u0101\u013cu boj\u0101jumiem<br data-start=\"1057\" data-end=\"1060\" \/>\u2714\ufe0f Uztur vesel\u012bgu \u0101das toni un mitrin\u0101\u0161anu<\/p>\n","protected":false},"featured_media":66278,"template":"","meta":[],"pwb-brand":[800],"product_brand":[],"product_cat":[737,749],"product_tag":[],"giftcard-category":[],"class_list":{"0":"post-43654","1":"product","2":"type-product","3":"status-publish","4":"has-post-thumbnail","6":"pwb-brand-circadia","7":"product_cat-mitrinasana","8":"product_cat-novecojosa-ada","10":"first","11":"instock","12":"taxable","13":"shipping-taxable","14":"purchasable","15":"product-type-simple"},"acf":[],"brands":[{"id":800,"name":"Circadia","slug":"circadia"}],"_links":{"self":[{"href":"https:\/\/skinstudio.ee\/lv\/wp-json\/wp\/v2\/product\/43654","targetHints":{"allow":["GET"]}}],"collection":[{"href":"https:\/\/skinstudio.ee\/lv\/wp-json\/wp\/v2\/product"}],"about":[{"href":"https:\/\/skinstudio.ee\/lv\/wp-json\/wp\/v2\/types\/product"}],"version-history":[{"count":0,"href":"https:\/\/skinstudio.ee\/lv\/wp-json\/wp\/v2\/product\/43654\/revisions"}],"wp:featuredmedia":[{"embeddable":true,"href":"https:\/\/skinstudio.ee\/lv\/wp-json\/wp\/v2\/media\/66278"}],"wp:attachment":[{"href":"https:\/\/skinstudio.ee\/lv\/wp-json\/wp\/v2\/media?parent=43654"}],"wp:term":[{"taxonomy":"pwb-brand","embeddable":true,"href":"https:\/\/skinstudio.ee\/lv\/wp-json\/wp\/v2\/pwb-brand?post=43654"},{"taxonomy":"product_brand","embeddable":true,"href":"https:\/\/skinstudio.ee\/lv\/wp-json\/wp\/v2\/product_brand?post=43654"},{"taxonomy":"product_cat","embeddable":true,"href":"https:\/\/skinstudio.ee\/lv\/wp-json\/wp\/v2\/product_cat?post=43654"},{"taxonomy":"product_tag","embeddable":true,"href":"https:\/\/skinstudio.ee\/lv\/wp-json\/wp\/v2\/product_tag?post=43654"},{"taxonomy":"giftcard-category","embeddable":true,"href":"https:\/\/skinstudio.ee\/lv\/wp-json\/wp\/v2\/giftcard-category?post=43654"}],"curies":[{"name":"wp","href":"https:\/\/api.w.org\/{rel}","templated":true}]}}