{"id":43670,"date":"2025-08-11T13:54:24","date_gmt":"2025-08-11T13:54:24","guid":{"rendered":"https:\/\/skinstudio.ee\/?post_type=product&#038;p=43670"},"modified":"2026-01-19T15:12:47","modified_gmt":"2026-01-19T15:12:47","slug":"counter-a-g-e","status":"publish","type":"product","link":"https:\/\/skinstudio.ee\/lv\/catalog\/circadia\/counter-a-g-e\/","title":{"rendered":"Counter A.G.E."},"content":{"rendered":"<p data-start=\"16\" data-end=\"262\">\u0160is vieglais uz \u016bdens b\u0101zes serums ir \u012bpa\u0161i izstr\u0101d\u0101ts, lai neitraliz\u0113tu nekontrol\u0113tas glik\u0101cijas kait\u012bgo ietekmi uz \u0101du. Hialuronsk\u0101be piesaista mitrumu \u0101dai, bet fito\u0137\u012bmisk\u0101s vielas nodro\u0161ina sp\u0113c\u012bgu antioksidantu un detoksik\u0101cijas iedarb\u012bbu.<\/p>\n<p data-start=\"264\" data-end=\"284\"><strong data-start=\"264\" data-end=\"276\">Tilpums:<\/strong> 15 ml<\/p>\n","protected":false},"excerpt":{"rendered":"<p data-start=\"446\" data-end=\"474\">Pretglik\u0101cijas \u0101das serums<\/p>\n<h2 data-start=\"476\" data-end=\"731\"><strong data-start=\"476\" data-end=\"511\">Circadia Counter A.G.E. \u012bpa\u0161\u012bbas<\/strong><\/h2>\n<p data-start=\"476\" data-end=\"731\">\u2714\ufe0f Neitraliz\u0113 glik\u0101cijas sekas un pal\u0113nina \u0101das noveco\u0161anos<br data-start=\"573\" data-end=\"576\" \/>\u2714\ufe0f Dzi\u013ci mitrina ar hialuronsk\u0101bi<br data-start=\"609\" data-end=\"612\" \/>\u2714\ufe0f Nodro\u0161ina sp\u0113c\u012bgu antioksidantu aizsardz\u012bbu<br data-start=\"658\" data-end=\"661\" \/>\u2714\ufe0f Veicina \u0101das detoksik\u0101ciju<br data-start=\"690\" data-end=\"693\" \/>\u2714\ufe0f Piem\u0113rots r\u012bta un vakara kop\u0161anai<\/p>\n","protected":false},"featured_media":66273,"template":"","meta":[],"pwb-brand":[800],"product_brand":[],"product_cat":[749,723],"product_tag":[],"giftcard-category":[],"class_list":{"0":"post-43670","1":"product","2":"type-product","3":"status-publish","4":"has-post-thumbnail","6":"pwb-brand-circadia","7":"product_cat-novecojosa-ada","8":"product_cat-serumi","10":"first","11":"instock","12":"taxable","13":"shipping-taxable","14":"purchasable","15":"product-type-simple"},"acf":[],"brands":[{"id":800,"name":"Circadia","slug":"circadia"}],"_links":{"self":[{"href":"https:\/\/skinstudio.ee\/lv\/wp-json\/wp\/v2\/product\/43670","targetHints":{"allow":["GET"]}}],"collection":[{"href":"https:\/\/skinstudio.ee\/lv\/wp-json\/wp\/v2\/product"}],"about":[{"href":"https:\/\/skinstudio.ee\/lv\/wp-json\/wp\/v2\/types\/product"}],"version-history":[{"count":0,"href":"https:\/\/skinstudio.ee\/lv\/wp-json\/wp\/v2\/product\/43670\/revisions"}],"wp:featuredmedia":[{"embeddable":true,"href":"https:\/\/skinstudio.ee\/lv\/wp-json\/wp\/v2\/media\/66273"}],"wp:attachment":[{"href":"https:\/\/skinstudio.ee\/lv\/wp-json\/wp\/v2\/media?parent=43670"}],"wp:term":[{"taxonomy":"pwb-brand","embeddable":true,"href":"https:\/\/skinstudio.ee\/lv\/wp-json\/wp\/v2\/pwb-brand?post=43670"},{"taxonomy":"product_brand","embeddable":true,"href":"https:\/\/skinstudio.ee\/lv\/wp-json\/wp\/v2\/product_brand?post=43670"},{"taxonomy":"product_cat","embeddable":true,"href":"https:\/\/skinstudio.ee\/lv\/wp-json\/wp\/v2\/product_cat?post=43670"},{"taxonomy":"product_tag","embeddable":true,"href":"https:\/\/skinstudio.ee\/lv\/wp-json\/wp\/v2\/product_tag?post=43670"},{"taxonomy":"giftcard-category","embeddable":true,"href":"https:\/\/skinstudio.ee\/lv\/wp-json\/wp\/v2\/giftcard-category?post=43670"}],"curies":[{"name":"wp","href":"https:\/\/api.w.org\/{rel}","templated":true}]}}