{"id":43685,"date":"2025-08-11T14:05:52","date_gmt":"2025-08-11T14:05:52","guid":{"rendered":"https:\/\/skinstudio.ee\/?post_type=product&#038;p=43685"},"modified":"2026-01-19T15:12:48","modified_gmt":"2026-01-19T15:12:48","slug":"glyco-guard","status":"publish","type":"product","link":"https:\/\/skinstudio.ee\/lv\/catalog\/circadia\/glyco-guard\/","title":{"rendered":"Glyco-Guard"},"content":{"rendered":"<p data-start=\"0\" data-end=\"368\">Pal\u012bdz aizsarg\u0101t \u0101du no apk\u0101rt\u0113j\u0101s vides kait\u012bg\u0101s ietekmes, kas var izrais\u012bt \u0101dai posto\u0161u glik\u0101ciju. \u0160is inovat\u012bvais kr\u0113ms satur saldo osmantusu (smar\u017e\u012bg\u0101 ol\u012bvkoka) ekstraktu, kas ir paz\u012bstams ar sp\u0113c\u012bg\u0101m antioksidanta \u012bpa\u0161\u012bb\u0101m. Att\u012bra \u0101du no kait\u012bgiem oksidantiem un glik\u0101cijas a\u0123entiem, nodro\u0161inot visaptvero\u0161u aizsardz\u012bbu un pretnoveco\u0161an\u0101s efektu.<\/p>\n<p data-start=\"370\" data-end=\"390\"><strong data-start=\"370\" data-end=\"382\">Tilpums:<\/strong> 59 ml<\/p>\n","protected":false},"excerpt":{"rendered":"<p data-start=\"578\" data-end=\"607\">Aizsargkr\u0113ms pret glik\u0101ciju<\/p>\n<h2 data-start=\"609\" data-end=\"906\"><strong data-start=\"609\" data-end=\"642\">Circadia Glyco-Guard \u012bpa\u0161\u012bbas<\/strong><\/h2>\n<p data-start=\"609\" data-end=\"906\">\u2714\ufe0f Aizsarg\u0101 \u0101du no glik\u0101cijas un priek\u0161laic\u012bgas noveco\u0161an\u0101s<br data-start=\"704\" data-end=\"707\" \/>\u2714\ufe0f Satur saldo osmantusu ar sp\u0113c\u012bgu antioksidanta iedarb\u012bbu<br data-start=\"766\" data-end=\"769\" \/>\u2714\ufe0f Detoksic\u0113 \u0101du no oksidantiem un glik\u0101cijas a\u0123entiem<br data-start=\"823\" data-end=\"826\" \/>\u2714\ufe0f Uztur \u0101das vesel\u012bbu un elast\u012bbu<br data-start=\"860\" data-end=\"863\" \/>\u2714\ufe0f Piem\u0113rots lieto\u0161anai no r\u012bta un vakar\u0101<\/p>\n","protected":false},"featured_media":66268,"template":"","meta":[],"pwb-brand":[800],"product_brand":[],"product_cat":[737,749],"product_tag":[],"giftcard-category":[],"class_list":{"0":"post-43685","1":"product","2":"type-product","3":"status-publish","4":"has-post-thumbnail","6":"pwb-brand-circadia","7":"product_cat-mitrinasana","8":"product_cat-novecojosa-ada","10":"first","11":"instock","12":"taxable","13":"shipping-taxable","14":"purchasable","15":"product-type-simple"},"acf":[],"brands":[{"id":800,"name":"Circadia","slug":"circadia"}],"_links":{"self":[{"href":"https:\/\/skinstudio.ee\/lv\/wp-json\/wp\/v2\/product\/43685","targetHints":{"allow":["GET"]}}],"collection":[{"href":"https:\/\/skinstudio.ee\/lv\/wp-json\/wp\/v2\/product"}],"about":[{"href":"https:\/\/skinstudio.ee\/lv\/wp-json\/wp\/v2\/types\/product"}],"version-history":[{"count":0,"href":"https:\/\/skinstudio.ee\/lv\/wp-json\/wp\/v2\/product\/43685\/revisions"}],"wp:featuredmedia":[{"embeddable":true,"href":"https:\/\/skinstudio.ee\/lv\/wp-json\/wp\/v2\/media\/66268"}],"wp:attachment":[{"href":"https:\/\/skinstudio.ee\/lv\/wp-json\/wp\/v2\/media?parent=43685"}],"wp:term":[{"taxonomy":"pwb-brand","embeddable":true,"href":"https:\/\/skinstudio.ee\/lv\/wp-json\/wp\/v2\/pwb-brand?post=43685"},{"taxonomy":"product_brand","embeddable":true,"href":"https:\/\/skinstudio.ee\/lv\/wp-json\/wp\/v2\/product_brand?post=43685"},{"taxonomy":"product_cat","embeddable":true,"href":"https:\/\/skinstudio.ee\/lv\/wp-json\/wp\/v2\/product_cat?post=43685"},{"taxonomy":"product_tag","embeddable":true,"href":"https:\/\/skinstudio.ee\/lv\/wp-json\/wp\/v2\/product_tag?post=43685"},{"taxonomy":"giftcard-category","embeddable":true,"href":"https:\/\/skinstudio.ee\/lv\/wp-json\/wp\/v2\/giftcard-category?post=43685"}],"curies":[{"name":"wp","href":"https:\/\/api.w.org\/{rel}","templated":true}]}}