{"id":43701,"date":"2025-08-11T14:22:43","date_gmt":"2025-08-11T14:22:43","guid":{"rendered":"https:\/\/skinstudio.ee\/?post_type=product&#038;p=43701"},"modified":"2026-01-19T15:12:48","modified_gmt":"2026-01-19T15:12:48","slug":"myo-cyte-plus-anti-wrinkle-serum","status":"publish","type":"product","link":"https:\/\/skinstudio.ee\/lv\/catalog\/circadia\/myo-cyte-plus-anti-wrinkle-serum\/","title":{"rendered":"Myo-Cyte Plus Anti Wrinkle Serum"},"content":{"rendered":"<p data-start=\"16\" data-end=\"458\">Efekt\u012bvs pretnoveco\u0161an\u0101s serums, kas izstr\u0101d\u0101ts, lai samazin\u0101tu mimikas grumbu redzam\u012bbu un nov\u0113rstu to veido\u0161anos. Formula satur sp\u0113c\u012bgu pept\u012bdu kompleksu \u2014 Matrixyl\u00ae, Matrixyl\u00ae 3000, Snap 8 un Inyline\u2122, kas stimul\u0113 kolag\u0113na un elast\u012bna sint\u0113zi, atsl\u0101bina sejas musku\u013cus, uzlabo \u0101das elast\u012bbu un izl\u012bdzina tekst\u016bru. Pateicoties unik\u0101lajam sast\u0101vam un augstajai efektivit\u0101tei, produkts ir ieguvis daudzas balvas skaistumkop\u0161anas industrij\u0101.<\/p>\n<p data-start=\"460\" data-end=\"590\">Serums ir piem\u0113rots sejas, kakla un acu zonas kop\u0161anai. Regul\u0101ri lietojot, \u0101da k\u013c\u016bst glud\u0101ka, stingr\u0101ka un vizu\u0101li jaunekl\u012bg\u0101ka.<\/p>\n<p data-start=\"592\" data-end=\"612\"><strong data-start=\"592\" data-end=\"604\">Tilpums:<\/strong> 15 ml<\/p>\n","protected":false},"excerpt":{"rendered":"<p data-start=\"792\" data-end=\"826\">Intens\u012bvs serums mimikas grumb\u0101m<\/p>\n<h2 data-start=\"828\" data-end=\"1127\"><strong data-start=\"828\" data-end=\"882\">Circadia Myo-Cyte Plus Anti Wrinkle Serum \u012bpa\u0161\u012bbas<\/strong><\/h2>\n<p data-start=\"828\" data-end=\"1127\">\u2714\ufe0f Samazina mimikas grumbu dzi\u013cumu un redzam\u012bbu<br data-start=\"932\" data-end=\"935\" \/>\u2714\ufe0f Atsl\u0101bina sejas musku\u013cus, nov\u0113r\u0161ot jaunu kroku veido\u0161anos<br data-start=\"995\" data-end=\"998\" \/>\u2714\ufe0f Stimul\u0113 kolag\u0113na un elast\u012bna ra\u017eo\u0161anu<br data-start=\"1038\" data-end=\"1041\" \/>\u2714\ufe0f Nostiprina \u0101du un uzlabo t\u0101s elast\u012bbu<br data-start=\"1081\" data-end=\"1084\" \/>\u2714\ufe0f Izl\u012bdzina tekst\u016bru un uzlabo \u0101das toni<\/p>\n","protected":false},"featured_media":66263,"template":"","meta":[],"pwb-brand":[800],"product_brand":[],"product_cat":[749,723],"product_tag":[],"giftcard-category":[],"class_list":{"0":"post-43701","1":"product","2":"type-product","3":"status-publish","4":"has-post-thumbnail","6":"pwb-brand-circadia","7":"product_cat-novecojosa-ada","8":"product_cat-serumi","10":"first","11":"instock","12":"taxable","13":"shipping-taxable","14":"purchasable","15":"product-type-simple"},"acf":[],"brands":[{"id":800,"name":"Circadia","slug":"circadia"}],"_links":{"self":[{"href":"https:\/\/skinstudio.ee\/lv\/wp-json\/wp\/v2\/product\/43701","targetHints":{"allow":["GET"]}}],"collection":[{"href":"https:\/\/skinstudio.ee\/lv\/wp-json\/wp\/v2\/product"}],"about":[{"href":"https:\/\/skinstudio.ee\/lv\/wp-json\/wp\/v2\/types\/product"}],"version-history":[{"count":0,"href":"https:\/\/skinstudio.ee\/lv\/wp-json\/wp\/v2\/product\/43701\/revisions"}],"wp:featuredmedia":[{"embeddable":true,"href":"https:\/\/skinstudio.ee\/lv\/wp-json\/wp\/v2\/media\/66263"}],"wp:attachment":[{"href":"https:\/\/skinstudio.ee\/lv\/wp-json\/wp\/v2\/media?parent=43701"}],"wp:term":[{"taxonomy":"pwb-brand","embeddable":true,"href":"https:\/\/skinstudio.ee\/lv\/wp-json\/wp\/v2\/pwb-brand?post=43701"},{"taxonomy":"product_brand","embeddable":true,"href":"https:\/\/skinstudio.ee\/lv\/wp-json\/wp\/v2\/product_brand?post=43701"},{"taxonomy":"product_cat","embeddable":true,"href":"https:\/\/skinstudio.ee\/lv\/wp-json\/wp\/v2\/product_cat?post=43701"},{"taxonomy":"product_tag","embeddable":true,"href":"https:\/\/skinstudio.ee\/lv\/wp-json\/wp\/v2\/product_tag?post=43701"},{"taxonomy":"giftcard-category","embeddable":true,"href":"https:\/\/skinstudio.ee\/lv\/wp-json\/wp\/v2\/giftcard-category?post=43701"}],"curies":[{"name":"wp","href":"https:\/\/api.w.org\/{rel}","templated":true}]}}