{"id":43717,"date":"2025-08-11T14:32:17","date_gmt":"2025-08-11T14:32:17","guid":{"rendered":"https:\/\/skinstudio.ee\/?post_type=product&#038;p=43717"},"modified":"2026-01-19T15:12:48","modified_gmt":"2026-01-19T15:12:48","slug":"full-circle-eye-repair","status":"publish","type":"product","link":"https:\/\/skinstudio.ee\/lv\/catalog\/circadia\/full-circle-eye-repair\/","title":{"rendered":"Full Circle Eye Repair"},"content":{"rendered":"<p data-start=\"16\" data-end=\"265\"><strong data-start=\"16\" data-end=\"35\">Dienas formula:<\/strong> Inovat\u012bva pept\u012bdu tehnolo\u0123ija un vitam\u012bni kop\u0101 ar izl\u012bdzino\u0161\u0101m sast\u0101vda\u013c\u0101m padara \u0161o acu kop\u0161anas l\u012bdzekli unik\u0101lu. Pal\u012bdz stiprin\u0101t un mitrin\u0101t maigo \u0101du ap ac\u012bm, samazina grumbu redzam\u012bbu un pie\u0161\u0137ir svaigu, atp\u016btu\u0161os izskatu.<\/p>\n<p data-start=\"267\" data-end=\"474\"><strong data-start=\"267\" data-end=\"285\">Nakts formula:<\/strong> Pastiprina dabiskos \u0101das atjauno\u0161an\u0101s procesus, pal\u012bdz nov\u0113rst jaunu grumbu veido\u0161anos, samazina piet\u016bkumu un tum\u0161os lokus. Barojo\u0161\u0101s sast\u0101vda\u013cas padara \u0101du stingr\u0101ku un glud\u0101ku no r\u012bta.<\/p>\n<p data-start=\"476\" data-end=\"500\"><strong data-start=\"476\" data-end=\"488\">Tilpums:<\/strong> 2 x 15 ml<\/p>\n","protected":false},"excerpt":{"rendered":"<p data-start=\"814\" data-end=\"855\">Atjaunojo\u0161s acu \u0101das kop\u0161anas komplekss<\/p>\n<h2 data-start=\"857\" data-end=\"1122\"><strong data-start=\"857\" data-end=\"901\">Circadia Full Circle Eye Repair \u012bpa\u0161\u012bbas<\/strong><\/h2>\n<p data-start=\"857\" data-end=\"1122\">\u2714\ufe0f Samazina grumbu dzi\u013cumu un redzam\u012bbu<br data-start=\"943\" data-end=\"946\" \/>\u2714\ufe0f Samazina piet\u016bkumu un izgaismo tum\u0161os lokus<br data-start=\"992\" data-end=\"995\" \/>\u2714\ufe0f Stiprina un uzlabo plaksti\u0146u \u0101das elast\u012bbu<br data-start=\"1040\" data-end=\"1043\" \/>\u2714\ufe0f Intens\u012bvi mitrina un baro<br data-start=\"1071\" data-end=\"1074\" \/>\u2714\ufe0f Aizsarg\u0101 pret \u0101r\u0113jiem kait\u012bgajiem faktoriem<\/p>\n","protected":false},"featured_media":66258,"template":"","meta":[],"pwb-brand":[800],"product_brand":[],"product_cat":[733],"product_tag":[],"giftcard-category":[],"class_list":{"0":"post-43717","1":"product","2":"type-product","3":"status-publish","4":"has-post-thumbnail","6":"pwb-brand-circadia","7":"product_cat-ada-ap-acim","9":"first","10":"instock","11":"taxable","12":"shipping-taxable","13":"purchasable","14":"product-type-simple"},"acf":[],"brands":[{"id":800,"name":"Circadia","slug":"circadia"}],"_links":{"self":[{"href":"https:\/\/skinstudio.ee\/lv\/wp-json\/wp\/v2\/product\/43717","targetHints":{"allow":["GET"]}}],"collection":[{"href":"https:\/\/skinstudio.ee\/lv\/wp-json\/wp\/v2\/product"}],"about":[{"href":"https:\/\/skinstudio.ee\/lv\/wp-json\/wp\/v2\/types\/product"}],"version-history":[{"count":0,"href":"https:\/\/skinstudio.ee\/lv\/wp-json\/wp\/v2\/product\/43717\/revisions"}],"wp:featuredmedia":[{"embeddable":true,"href":"https:\/\/skinstudio.ee\/lv\/wp-json\/wp\/v2\/media\/66258"}],"wp:attachment":[{"href":"https:\/\/skinstudio.ee\/lv\/wp-json\/wp\/v2\/media?parent=43717"}],"wp:term":[{"taxonomy":"pwb-brand","embeddable":true,"href":"https:\/\/skinstudio.ee\/lv\/wp-json\/wp\/v2\/pwb-brand?post=43717"},{"taxonomy":"product_brand","embeddable":true,"href":"https:\/\/skinstudio.ee\/lv\/wp-json\/wp\/v2\/product_brand?post=43717"},{"taxonomy":"product_cat","embeddable":true,"href":"https:\/\/skinstudio.ee\/lv\/wp-json\/wp\/v2\/product_cat?post=43717"},{"taxonomy":"product_tag","embeddable":true,"href":"https:\/\/skinstudio.ee\/lv\/wp-json\/wp\/v2\/product_tag?post=43717"},{"taxonomy":"giftcard-category","embeddable":true,"href":"https:\/\/skinstudio.ee\/lv\/wp-json\/wp\/v2\/giftcard-category?post=43717"}],"curies":[{"name":"wp","href":"https:\/\/api.w.org\/{rel}","templated":true}]}}