{"id":43732,"date":"2025-08-11T14:46:19","date_gmt":"2025-08-11T14:46:19","guid":{"rendered":"https:\/\/skinstudio.ee\/?post_type=product&#038;p=43732"},"modified":"2026-01-19T15:12:48","modified_gmt":"2026-01-19T15:12:48","slug":"emergency-eye-lift","status":"publish","type":"product","link":"https:\/\/skinstudio.ee\/lv\/catalog\/circadia\/emergency-eye-lift\/","title":{"rendered":"Emergency Eye Lift"},"content":{"rendered":"<p data-start=\"0\" data-end=\"293\">Circadia Emergency Eye Lift serums ir sp\u0113c\u012bgs l\u012bdzeklis, kas samazina tum\u0161os lokus, piet\u016bkumu un smalk\u0101s krunci\u0146as. Satur Argireline, hialuronsk\u0101bi, kofe\u012bnu un dab\u012bgos augu ekstraktus, kas nostiprina, pace\u013c un mitrina \u0101du ap ac\u012bm. Piem\u0113rots ikdienas lieto\u0161anai \u0101das kop\u0161anas rut\u012bn\u0101.<\/p>\n<p data-start=\"295\" data-end=\"315\"><strong data-start=\"295\" data-end=\"307\">Tilpums:<\/strong> 15 ml<\/p>\n","protected":false},"excerpt":{"rendered":"<p data-start=\"479\" data-end=\"500\">Acu liftinga serums<\/p>\n<h2 data-start=\"502\" data-end=\"728\"><strong data-start=\"502\" data-end=\"542\">Circadia Emergency Eye Lift \u012bpa\u0161\u012bbas<\/strong><\/h2>\n<p data-start=\"502\" data-end=\"728\">\u2714\ufe0f Samazina tum\u0161os lokus un piet\u016bkumu<br data-start=\"582\" data-end=\"585\" \/>\u2714\ufe0f Izl\u012bdzina smalk\u0101s krunci\u0146as<br data-start=\"615\" data-end=\"618\" \/>\u2714\ufe0f Nostiprina un pace\u013c plaksti\u0146us<br data-start=\"651\" data-end=\"654\" \/>\u2714\ufe0f Dzi\u013ci mitrina un baro<br data-start=\"678\" data-end=\"681\" \/>\u2714\ufe0f Atsvaidzina un uzlabo \u0101das izskatu ap ac\u012bm<\/p>\n","protected":false},"featured_media":66253,"template":"","meta":[],"pwb-brand":[800],"product_brand":[],"product_cat":[733],"product_tag":[],"giftcard-category":[],"class_list":{"0":"post-43732","1":"product","2":"type-product","3":"status-publish","4":"has-post-thumbnail","6":"pwb-brand-circadia","7":"product_cat-ada-ap-acim","9":"first","10":"instock","11":"taxable","12":"shipping-taxable","13":"purchasable","14":"product-type-simple"},"acf":[],"brands":[{"id":800,"name":"Circadia","slug":"circadia"}],"_links":{"self":[{"href":"https:\/\/skinstudio.ee\/lv\/wp-json\/wp\/v2\/product\/43732","targetHints":{"allow":["GET"]}}],"collection":[{"href":"https:\/\/skinstudio.ee\/lv\/wp-json\/wp\/v2\/product"}],"about":[{"href":"https:\/\/skinstudio.ee\/lv\/wp-json\/wp\/v2\/types\/product"}],"version-history":[{"count":0,"href":"https:\/\/skinstudio.ee\/lv\/wp-json\/wp\/v2\/product\/43732\/revisions"}],"wp:featuredmedia":[{"embeddable":true,"href":"https:\/\/skinstudio.ee\/lv\/wp-json\/wp\/v2\/media\/66253"}],"wp:attachment":[{"href":"https:\/\/skinstudio.ee\/lv\/wp-json\/wp\/v2\/media?parent=43732"}],"wp:term":[{"taxonomy":"pwb-brand","embeddable":true,"href":"https:\/\/skinstudio.ee\/lv\/wp-json\/wp\/v2\/pwb-brand?post=43732"},{"taxonomy":"product_brand","embeddable":true,"href":"https:\/\/skinstudio.ee\/lv\/wp-json\/wp\/v2\/product_brand?post=43732"},{"taxonomy":"product_cat","embeddable":true,"href":"https:\/\/skinstudio.ee\/lv\/wp-json\/wp\/v2\/product_cat?post=43732"},{"taxonomy":"product_tag","embeddable":true,"href":"https:\/\/skinstudio.ee\/lv\/wp-json\/wp\/v2\/product_tag?post=43732"},{"taxonomy":"giftcard-category","embeddable":true,"href":"https:\/\/skinstudio.ee\/lv\/wp-json\/wp\/v2\/giftcard-category?post=43732"}],"curies":[{"name":"wp","href":"https:\/\/api.w.org\/{rel}","templated":true}]}}