{"id":43749,"date":"2025-08-11T15:02:50","date_gmt":"2025-08-11T15:02:50","guid":{"rendered":"https:\/\/skinstudio.ee\/?post_type=product&#038;p=43749"},"modified":"2026-01-19T15:12:49","modified_gmt":"2026-01-19T15:12:49","slug":"serum-71","status":"publish","type":"product","link":"https:\/\/skinstudio.ee\/lv\/catalog\/circadia\/serum-71\/","title":{"rendered":"Serum 71"},"content":{"rendered":"<p data-start=\"0\" data-end=\"404\">Serum 71 ir imunit\u0101ti stiprino\u0161a un ar uzturviel\u0101m bag\u0101ta formula, kas apvieno sp\u0113c\u012bgas sk\u0101bes: traneks\u0101msk\u0101bi, mande\u013csk\u0101bi un azelainsk\u0101bi. \u0160\u012bs sk\u0101bes pal\u012bdz intens\u012bvi izgaismot \u0101du, samazin\u0101t pigment\u0101cijas plankumus un izsitumus, k\u0101 ar\u012b uzlabot \u0101das tekst\u016bru un toni. Serums iev\u0113rojami palielina \u0101das elast\u012bbu, tvirtumu un iztur\u012bbu, nodro\u0161inot vienm\u0113r\u012bg\u0101ku un starojo\u0161\u0101ku izskatu.<\/p>\n<p data-start=\"406\" data-end=\"423\"><strong data-start=\"406\" data-end=\"415\">Size:<\/strong> 15 ml<\/p>\n","protected":false},"excerpt":{"rendered":"<p data-start=\"565\" data-end=\"621\">Pretnoveco\u0161an\u0101s serums ar pept\u012bdiem un antioksidantiem<\/p>\n<h2 data-start=\"623\" data-end=\"860\"><strong data-start=\"623\" data-end=\"653\">Circadia Serum 71 \u012bpa\u0161\u012bbas<\/strong><\/h2>\n<p data-start=\"623\" data-end=\"860\">\u2714\ufe0f Stimul\u0113 kolag\u0113na un elast\u012bna veido\u0161anos<br data-start=\"698\" data-end=\"701\" \/>\u2714\ufe0f Izl\u012bdzina grumbas un uzlabo \u0101das tvirtumu<br data-start=\"745\" data-end=\"748\" \/>\u2714\ufe0f Nodro\u0161ina antioksidantu aizsardz\u012bbu<br data-start=\"786\" data-end=\"789\" \/>\u2714\ufe0f Mitrina un stiprina \u0101das barjeru<br data-start=\"824\" data-end=\"827\" \/>\u2714\ufe0f Uzlabo \u0101das tekst\u016bru un toni<\/p>\n","protected":false},"featured_media":66248,"template":"","meta":[],"pwb-brand":[800],"product_brand":[],"product_cat":[749,723],"product_tag":[],"giftcard-category":[],"class_list":{"0":"post-43749","1":"product","2":"type-product","3":"status-publish","4":"has-post-thumbnail","6":"pwb-brand-circadia","7":"product_cat-novecojosa-ada","8":"product_cat-serumi","10":"first","11":"instock","12":"taxable","13":"shipping-taxable","14":"purchasable","15":"product-type-simple"},"acf":[],"brands":[{"id":800,"name":"Circadia","slug":"circadia"}],"_links":{"self":[{"href":"https:\/\/skinstudio.ee\/lv\/wp-json\/wp\/v2\/product\/43749","targetHints":{"allow":["GET"]}}],"collection":[{"href":"https:\/\/skinstudio.ee\/lv\/wp-json\/wp\/v2\/product"}],"about":[{"href":"https:\/\/skinstudio.ee\/lv\/wp-json\/wp\/v2\/types\/product"}],"version-history":[{"count":0,"href":"https:\/\/skinstudio.ee\/lv\/wp-json\/wp\/v2\/product\/43749\/revisions"}],"wp:featuredmedia":[{"embeddable":true,"href":"https:\/\/skinstudio.ee\/lv\/wp-json\/wp\/v2\/media\/66248"}],"wp:attachment":[{"href":"https:\/\/skinstudio.ee\/lv\/wp-json\/wp\/v2\/media?parent=43749"}],"wp:term":[{"taxonomy":"pwb-brand","embeddable":true,"href":"https:\/\/skinstudio.ee\/lv\/wp-json\/wp\/v2\/pwb-brand?post=43749"},{"taxonomy":"product_brand","embeddable":true,"href":"https:\/\/skinstudio.ee\/lv\/wp-json\/wp\/v2\/product_brand?post=43749"},{"taxonomy":"product_cat","embeddable":true,"href":"https:\/\/skinstudio.ee\/lv\/wp-json\/wp\/v2\/product_cat?post=43749"},{"taxonomy":"product_tag","embeddable":true,"href":"https:\/\/skinstudio.ee\/lv\/wp-json\/wp\/v2\/product_tag?post=43749"},{"taxonomy":"giftcard-category","embeddable":true,"href":"https:\/\/skinstudio.ee\/lv\/wp-json\/wp\/v2\/giftcard-category?post=43749"}],"curies":[{"name":"wp","href":"https:\/\/api.w.org\/{rel}","templated":true}]}}