{"id":43782,"date":"2025-08-12T09:18:12","date_gmt":"2025-08-12T09:18:12","guid":{"rendered":"https:\/\/skinstudio.ee\/?post_type=product&#038;p=43782"},"modified":"2026-01-19T15:12:47","modified_gmt":"2026-01-19T15:12:47","slug":"blueberry-white-tea-hydrating-mist","status":"publish","type":"product","link":"https:\/\/skinstudio.ee\/lv\/catalog\/circadia\/blueberry-white-tea-hydrating-mist\/","title":{"rendered":"Blueberry &#038; White Tea Hydrating Mist"},"content":{"rendered":"<p data-start=\"60\" data-end=\"447\">Nodro\u0161iniet \u0101dai dzi\u013cu mitrin\u0101\u0161anu un baro\u0161anu, vienlaikus aizsarg\u0101jot to ar sp\u0113c\u012bgu antioksidantu kompleksu. \u0160is aerosols ne tikai pal\u012bdz atjaunot mitruma l\u012bdzsvaru, bet ar\u012b akt\u012bvi c\u012bn\u0101s ar noveco\u0161an\u0101s paz\u012bm\u0113m, pie\u0161\u0137irot \u0101dai vesel\u012bgu mirdzumu un svaigumu. Izmantojot to visa dienas laik\u0101, j\u016bs saglab\u0101jat \u0101du mitrin\u0101tu, un t\u0101s tekst\u016bra k\u013c\u016bst stingr\u0101ka un glud\u0101ka.<\/p>\n<p data-start=\"449\" data-end=\"467\"><strong data-start=\"449\" data-end=\"460\">Izm\u0113rs:<\/strong> 118 ml<\/p>\n","protected":false},"excerpt":{"rendered":"<p data-start=\"681\" data-end=\"744\">Mitrino\u0161s aerosols ar mellen\u0113m un balto t\u0113ju<\/p>\n<h2 data-start=\"746\" data-end=\"804\"><strong data-start=\"746\" data-end=\"804\">Circadia Blueberry &amp; White Tea Hydrating Mist ieguvumi<\/strong><\/h2>\n<p data-start=\"806\" data-end=\"1043\">\u2714\ufe0f Intens\u012bvi mitrina un baro \u0101du<br data-start=\"838\" data-end=\"841\" \/>\u2714\ufe0f Aizsarg\u0101 \u0101du ar sp\u0113c\u012bgu antioksidantu kompleksu<br data-start=\"891\" data-end=\"894\" \/>\u2714\ufe0f Atsvaidzina un atdz\u012bvina visa dienas laik\u0101<br data-start=\"939\" data-end=\"942\" \/>\u2714\ufe0f Veicina \u0101das atjauno\u0161anos un uzlabo t\u0101s st\u0101vokli<br data-start=\"993\" data-end=\"996\" \/>\u2714\ufe0f Viegl\u0101 tekst\u016bra, neatst\u0101j taukainu sp\u012bdumu<\/p>\n","protected":false},"featured_media":66243,"template":"","meta":[],"pwb-brand":[800],"product_brand":[],"product_cat":[721],"product_tag":[],"giftcard-category":[],"class_list":{"0":"post-43782","1":"product","2":"type-product","3":"status-publish","4":"has-post-thumbnail","6":"pwb-brand-circadia","7":"product_cat-toniki-lv","9":"first","10":"instock","11":"taxable","12":"shipping-taxable","13":"purchasable","14":"product-type-simple"},"acf":[],"brands":[{"id":800,"name":"Circadia","slug":"circadia"}],"_links":{"self":[{"href":"https:\/\/skinstudio.ee\/lv\/wp-json\/wp\/v2\/product\/43782","targetHints":{"allow":["GET"]}}],"collection":[{"href":"https:\/\/skinstudio.ee\/lv\/wp-json\/wp\/v2\/product"}],"about":[{"href":"https:\/\/skinstudio.ee\/lv\/wp-json\/wp\/v2\/types\/product"}],"version-history":[{"count":0,"href":"https:\/\/skinstudio.ee\/lv\/wp-json\/wp\/v2\/product\/43782\/revisions"}],"wp:featuredmedia":[{"embeddable":true,"href":"https:\/\/skinstudio.ee\/lv\/wp-json\/wp\/v2\/media\/66243"}],"wp:attachment":[{"href":"https:\/\/skinstudio.ee\/lv\/wp-json\/wp\/v2\/media?parent=43782"}],"wp:term":[{"taxonomy":"pwb-brand","embeddable":true,"href":"https:\/\/skinstudio.ee\/lv\/wp-json\/wp\/v2\/pwb-brand?post=43782"},{"taxonomy":"product_brand","embeddable":true,"href":"https:\/\/skinstudio.ee\/lv\/wp-json\/wp\/v2\/product_brand?post=43782"},{"taxonomy":"product_cat","embeddable":true,"href":"https:\/\/skinstudio.ee\/lv\/wp-json\/wp\/v2\/product_cat?post=43782"},{"taxonomy":"product_tag","embeddable":true,"href":"https:\/\/skinstudio.ee\/lv\/wp-json\/wp\/v2\/product_tag?post=43782"},{"taxonomy":"giftcard-category","embeddable":true,"href":"https:\/\/skinstudio.ee\/lv\/wp-json\/wp\/v2\/giftcard-category?post=43782"}],"curies":[{"name":"wp","href":"https:\/\/api.w.org\/{rel}","templated":true}]}}