{"id":43800,"date":"2025-08-12T09:35:41","date_gmt":"2025-08-12T09:35:41","guid":{"rendered":"https:\/\/skinstudio.ee\/?post_type=product&#038;p=43800"},"modified":"2026-01-19T15:12:48","modified_gmt":"2026-01-19T15:12:48","slug":"hydralox-facial-oil","status":"publish","type":"product","link":"https:\/\/skinstudio.ee\/lv\/catalog\/circadia\/hydralox-facial-oil\/","title":{"rendered":"Hydralox Facial Oil"},"content":{"rendered":"<p data-start=\"65\" data-end=\"345\">\u0160\u012b e\u013c\u013cas formula ir izstr\u0101d\u0101ta, lai saglab\u0101tu svar\u012bgu mitrumu \u0101d\u0101, samazin\u0101tu t\u0101 zudumu un pie\u0161\u0137irtu \u0101dai vesel\u012bgu mirdzumu. T\u0101 pal\u012bdz atjaunot \u0101das mitrin\u0101\u0161anu, padarot to m\u012bkstu un elast\u012bgu. \u0160o e\u013c\u013cu var pievienot citiem Circadia produktiem, lai pastiprin\u0101tu mitrin\u0101\u0161anas efektu.<\/p>\n<p data-start=\"347\" data-end=\"364\"><strong data-start=\"347\" data-end=\"358\">Izm\u0113rs:<\/strong> 15 ml<\/p>\n","protected":false},"excerpt":{"rendered":"<p data-start=\"544\" data-end=\"583\">Mitrino\u0161s sejas e\u013c\u013ca<\/p>\n<h2 data-start=\"585\" data-end=\"626\"><strong data-start=\"585\" data-end=\"626\">Circadia Hydralox Facial Oil ieguvumi<\/strong><\/h2>\n<p data-start=\"628\" data-end=\"916\">\u2714\ufe0f Saglab\u0101 svar\u012bgu mitrumu un atjauno \u0101das mitrin\u0101\u0161anu<br data-start=\"682\" data-end=\"685\" \/>\u2714\ufe0f Samazina \u016bdens zudumu caur \u0101du, nodro\u0161inot ilgsto\u0161u mitrin\u0101\u0161anu<br data-start=\"751\" data-end=\"754\" \/>\u2714\ufe0f Pie\u0161\u0137ir \u0101dai elast\u012bgu mirdzumu un gludumu<br data-start=\"798\" data-end=\"801\" \/>\u2714\ufe0f Stiprina \u0101das dabisko aizsargbarjeru<br data-start=\"840\" data-end=\"843\" \/>\u2714\ufe0f Var pievienot citiem Circadia produktiem, lai pastiprin\u0101tu mitrin\u0101\u0161anu<\/p>\n","protected":false},"featured_media":66238,"template":"","meta":[],"pwb-brand":[800],"product_brand":[],"product_cat":[737,739],"product_tag":[],"giftcard-category":[],"class_list":{"0":"post-43800","1":"product","2":"type-product","3":"status-publish","4":"has-post-thumbnail","6":"pwb-brand-circadia","7":"product_cat-mitrinasana","8":"product_cat-sausai-adai","10":"first","11":"instock","12":"taxable","13":"shipping-taxable","14":"purchasable","15":"product-type-simple"},"acf":[],"brands":[{"id":800,"name":"Circadia","slug":"circadia"}],"_links":{"self":[{"href":"https:\/\/skinstudio.ee\/lv\/wp-json\/wp\/v2\/product\/43800","targetHints":{"allow":["GET"]}}],"collection":[{"href":"https:\/\/skinstudio.ee\/lv\/wp-json\/wp\/v2\/product"}],"about":[{"href":"https:\/\/skinstudio.ee\/lv\/wp-json\/wp\/v2\/types\/product"}],"version-history":[{"count":0,"href":"https:\/\/skinstudio.ee\/lv\/wp-json\/wp\/v2\/product\/43800\/revisions"}],"wp:featuredmedia":[{"embeddable":true,"href":"https:\/\/skinstudio.ee\/lv\/wp-json\/wp\/v2\/media\/66238"}],"wp:attachment":[{"href":"https:\/\/skinstudio.ee\/lv\/wp-json\/wp\/v2\/media?parent=43800"}],"wp:term":[{"taxonomy":"pwb-brand","embeddable":true,"href":"https:\/\/skinstudio.ee\/lv\/wp-json\/wp\/v2\/pwb-brand?post=43800"},{"taxonomy":"product_brand","embeddable":true,"href":"https:\/\/skinstudio.ee\/lv\/wp-json\/wp\/v2\/product_brand?post=43800"},{"taxonomy":"product_cat","embeddable":true,"href":"https:\/\/skinstudio.ee\/lv\/wp-json\/wp\/v2\/product_cat?post=43800"},{"taxonomy":"product_tag","embeddable":true,"href":"https:\/\/skinstudio.ee\/lv\/wp-json\/wp\/v2\/product_tag?post=43800"},{"taxonomy":"giftcard-category","embeddable":true,"href":"https:\/\/skinstudio.ee\/lv\/wp-json\/wp\/v2\/giftcard-category?post=43800"}],"curies":[{"name":"wp","href":"https:\/\/api.w.org\/{rel}","templated":true}]}}