{"id":43816,"date":"2025-08-12T09:48:09","date_gmt":"2025-08-12T09:48:09","guid":{"rendered":"https:\/\/skinstudio.ee\/?post_type=product&#038;p=43816"},"modified":"2026-01-19T15:12:48","modified_gmt":"2026-01-19T15:12:48","slug":"moisture-on-demand","status":"publish","type":"product","link":"https:\/\/skinstudio.ee\/lv\/catalog\/circadia\/moisture-on-demand\/","title":{"rendered":"Moisture on Demand"},"content":{"rendered":"<p data-start=\"65\" data-end=\"482\">\u0160\u012b ir jauna koncepcija &#8220;viedajos&#8221; produktos \u2014 viegla seruma, kas nodro\u0161ina papildu mitrin\u0101\u0161anu atbilsto\u0161i j\u016bsu \u0101das vajadz\u012bb\u0101m un apk\u0101rt\u0113jai videi. Tas piel\u0101gojas klimatam, zinot, kas j\u016bsu \u0101dai nepiecie\u0161ams katr\u0101 br\u012bd\u012b, vai t\u0101 b\u016btu mitrin\u0101\u0161ana karst\u0101 laik\u0101 vai papildu aizsardz\u012bba pret sausumu aukstaj\u0101 sezon\u0101. \u0160\u0101da pieeja pal\u012bdz uztur\u0113t optim\u0101lu mitruma l\u012bmeni visas dienas garum\u0101, radot svaiguma un komforta saj\u016btu.<\/p>\n<p data-start=\"484\" data-end=\"501\"><strong data-start=\"484\" data-end=\"495\">Izm\u0113rs:<\/strong> 15 ml<\/p>\n","protected":false},"excerpt":{"rendered":"<p data-start=\"683\" data-end=\"714\">Mitrino\u0161s serums<\/p>\n<h2 data-start=\"716\" data-end=\"756\"><strong data-start=\"716\" data-end=\"756\">Circadia Moisture on Demand ieguvumi<\/strong><\/h2>\n<p data-start=\"758\" data-end=\"980\">\u2714\ufe0f Nodro\u0161ina papildu mitrin\u0101\u0161anu<br data-start=\"790\" data-end=\"793\" \/>\u2714\ufe0f Piel\u0101gojas klimatam un \u0101das vajadz\u012bb\u0101m<br data-start=\"834\" data-end=\"837\" \/>\u2714\ufe0f Regul\u0113 mitruma l\u012bmeni visiem \u0101das tipiem<br data-start=\"880\" data-end=\"883\" \/>\u2714\ufe0f Viegl\u0101 tekst\u016bra, neatst\u0101j taukainu sp\u012bdumu<br data-start=\"928\" data-end=\"931\" \/>\u2714\ufe0f Vieda formula, kas saprot j\u016bsu \u0101das vajadz\u012bbas<\/p>\n","protected":false},"featured_media":66233,"template":"","meta":[],"pwb-brand":[800],"product_brand":[],"product_cat":[737,723],"product_tag":[],"giftcard-category":[],"class_list":{"0":"post-43816","1":"product","2":"type-product","3":"status-publish","4":"has-post-thumbnail","6":"pwb-brand-circadia","7":"product_cat-mitrinasana","8":"product_cat-serumi","10":"first","11":"instock","12":"taxable","13":"shipping-taxable","14":"purchasable","15":"product-type-simple"},"acf":[],"brands":[{"id":800,"name":"Circadia","slug":"circadia"}],"_links":{"self":[{"href":"https:\/\/skinstudio.ee\/lv\/wp-json\/wp\/v2\/product\/43816","targetHints":{"allow":["GET"]}}],"collection":[{"href":"https:\/\/skinstudio.ee\/lv\/wp-json\/wp\/v2\/product"}],"about":[{"href":"https:\/\/skinstudio.ee\/lv\/wp-json\/wp\/v2\/types\/product"}],"version-history":[{"count":0,"href":"https:\/\/skinstudio.ee\/lv\/wp-json\/wp\/v2\/product\/43816\/revisions"}],"wp:featuredmedia":[{"embeddable":true,"href":"https:\/\/skinstudio.ee\/lv\/wp-json\/wp\/v2\/media\/66233"}],"wp:attachment":[{"href":"https:\/\/skinstudio.ee\/lv\/wp-json\/wp\/v2\/media?parent=43816"}],"wp:term":[{"taxonomy":"pwb-brand","embeddable":true,"href":"https:\/\/skinstudio.ee\/lv\/wp-json\/wp\/v2\/pwb-brand?post=43816"},{"taxonomy":"product_brand","embeddable":true,"href":"https:\/\/skinstudio.ee\/lv\/wp-json\/wp\/v2\/product_brand?post=43816"},{"taxonomy":"product_cat","embeddable":true,"href":"https:\/\/skinstudio.ee\/lv\/wp-json\/wp\/v2\/product_cat?post=43816"},{"taxonomy":"product_tag","embeddable":true,"href":"https:\/\/skinstudio.ee\/lv\/wp-json\/wp\/v2\/product_tag?post=43816"},{"taxonomy":"giftcard-category","embeddable":true,"href":"https:\/\/skinstudio.ee\/lv\/wp-json\/wp\/v2\/giftcard-category?post=43816"}],"curies":[{"name":"wp","href":"https:\/\/api.w.org\/{rel}","templated":true}]}}