{"id":43833,"date":"2025-08-12T10:03:33","date_gmt":"2025-08-12T10:03:33","guid":{"rendered":"https:\/\/skinstudio.ee\/?post_type=product&#038;p=43833"},"modified":"2026-01-19T15:12:47","modified_gmt":"2026-01-19T15:12:47","slug":"aquaporin-hydrating-cream","status":"publish","type":"product","link":"https:\/\/skinstudio.ee\/lv\/catalog\/circadia\/aquaporin-hydrating-cream\/","title":{"rendered":"AquaPorin Hydrating Cream"},"content":{"rendered":"<p data-start=\"119\" data-end=\"454\">AquaPorin mitrino\u0161ais sejas kr\u0113ms dzi\u013ci mitrina un aizsarg\u0101 \u0101du no transepiderm\u0101las mitruma zuduma. Avokado e\u013c\u013ca, ol\u012bve\u013c\u013ca un makad\u0101mijas riekstu e\u013c\u013ca izl\u012bdzina \u0101du, nov\u0113r\u0161ot sausumu un kairin\u0101jumu, bet E vitam\u012bns aizsarg\u0101 \u0101du no br\u012bvajiem radik\u0101\u013ciem. \u0160is kr\u0113ms pal\u012bdz uztur\u0113t optim\u0101lu mitruma l\u012bmeni un pie\u0161\u0137ir \u0101dai vesel\u012bgu mirdzumu.<\/p>\n<p data-start=\"456\" data-end=\"474\"><strong data-start=\"456\" data-end=\"468\">Tilpums:<\/strong> 50 ml<\/p>\n","protected":false},"excerpt":{"rendered":"<p data-start=\"588\" data-end=\"636\">AquaPorin mitrino\u0161ais sejas kr\u0113ms<\/p>\n<h2 data-start=\"638\" data-end=\"685\"><strong data-start=\"638\" data-end=\"685\">Circadia AquaPorin Hydrating Cream ieguvumi<\/strong><\/h2>\n<p data-start=\"687\" data-end=\"913\">\u2714\ufe0f Dzi\u013ci mitrina un atjauno l\u012bdzsvaru<br data-start=\"724\" data-end=\"727\" \/>\u2714\ufe0f Aizsarg\u0101 \u0101du no mitruma zuduma visas dienas garum\u0101<br data-start=\"780\" data-end=\"783\" \/>\u2714\ufe0f Nov\u0113r\u0161 sausumu un kairin\u0101jumu<br data-start=\"815\" data-end=\"818\" \/>\u2714\ufe0f Baro un izl\u012bdzina \u0101du, padarot to m\u012bkstu<br data-start=\"861\" data-end=\"864\" \/>\u2714\ufe0f Aizsarg\u0101 no br\u012bvajiem radik\u0101\u013ciem ar E vitam\u012bnu<\/p>\n","protected":false},"featured_media":66228,"template":"","meta":[],"pwb-brand":[800],"product_brand":[],"product_cat":[745,737,749,739],"product_tag":[],"giftcard-category":[],"class_list":{"0":"post-43833","1":"product","2":"type-product","3":"status-publish","4":"has-post-thumbnail","6":"pwb-brand-circadia","7":"product_cat-jutigai-adai","8":"product_cat-mitrinasana","9":"product_cat-novecojosa-ada","10":"product_cat-sausai-adai","12":"first","13":"instock","14":"taxable","15":"shipping-taxable","16":"purchasable","17":"product-type-simple"},"acf":[],"brands":[{"id":800,"name":"Circadia","slug":"circadia"}],"_links":{"self":[{"href":"https:\/\/skinstudio.ee\/lv\/wp-json\/wp\/v2\/product\/43833","targetHints":{"allow":["GET"]}}],"collection":[{"href":"https:\/\/skinstudio.ee\/lv\/wp-json\/wp\/v2\/product"}],"about":[{"href":"https:\/\/skinstudio.ee\/lv\/wp-json\/wp\/v2\/types\/product"}],"version-history":[{"count":0,"href":"https:\/\/skinstudio.ee\/lv\/wp-json\/wp\/v2\/product\/43833\/revisions"}],"wp:featuredmedia":[{"embeddable":true,"href":"https:\/\/skinstudio.ee\/lv\/wp-json\/wp\/v2\/media\/66228"}],"wp:attachment":[{"href":"https:\/\/skinstudio.ee\/lv\/wp-json\/wp\/v2\/media?parent=43833"}],"wp:term":[{"taxonomy":"pwb-brand","embeddable":true,"href":"https:\/\/skinstudio.ee\/lv\/wp-json\/wp\/v2\/pwb-brand?post=43833"},{"taxonomy":"product_brand","embeddable":true,"href":"https:\/\/skinstudio.ee\/lv\/wp-json\/wp\/v2\/product_brand?post=43833"},{"taxonomy":"product_cat","embeddable":true,"href":"https:\/\/skinstudio.ee\/lv\/wp-json\/wp\/v2\/product_cat?post=43833"},{"taxonomy":"product_tag","embeddable":true,"href":"https:\/\/skinstudio.ee\/lv\/wp-json\/wp\/v2\/product_tag?post=43833"},{"taxonomy":"giftcard-category","embeddable":true,"href":"https:\/\/skinstudio.ee\/lv\/wp-json\/wp\/v2\/giftcard-category?post=43833"}],"curies":[{"name":"wp","href":"https:\/\/api.w.org\/{rel}","templated":true}]}}