{"id":43849,"date":"2025-08-12T10:13:44","date_gmt":"2025-08-12T10:13:44","guid":{"rendered":"https:\/\/skinstudio.ee\/?post_type=product&#038;p=43849"},"modified":"2026-01-19T15:12:48","modified_gmt":"2026-01-19T15:12:48","slug":"lip-renewing-hydrator","status":"publish","type":"product","link":"https:\/\/skinstudio.ee\/lv\/catalog\/circadia\/lip-renewing-hydrator\/","title":{"rendered":"Lip Renewing Hydrator"},"content":{"rendered":"<p data-start=\"108\" data-end=\"477\"><strong data-start=\"127\" data-end=\"161\">Circadia Lip Renewing Hydrator<\/strong> ir dab\u012bgs l\u012bdzeklis, kas stiprina, piepilda un mitrina l\u016bpas. Pept\u012bdi stimul\u0113 kolag\u0113na ra\u017eo\u0161anu, bet hialuronsk\u0101bes sf\u0113ras palielina apjomu un elast\u012bbu. Bag\u0101tin\u0101ts ar antioksidantiem bag\u0101tu dz\u0113rve\u0146u s\u0113klu e\u013c\u013cu un barojo\u0161iem ekstraktiem, nodro\u0161ina optim\u0101lu kop\u0161anu, atst\u0101jot l\u016bpas m\u012bkstas, mitrin\u0101tas un vesel\u012bgas.<\/p>\n<p data-start=\"479\" data-end=\"518\">Balzams ir pieejams 6 da\u017e\u0101d\u0101s gar\u0161\u0101s:<\/p>\n<ul data-start=\"520\" data-end=\"966\">\n<li data-start=\"520\" data-end=\"595\">\n<p data-start=\"522\" data-end=\"595\"><strong data-start=\"522\" data-end=\"531\">Naked<\/strong> \u2013 klasisk\u0101 formula bez arom\u0101tiem, ide\u0101li ikdienas lieto\u0161anai.<\/p>\n<\/li>\n<li data-start=\"596\" data-end=\"672\">\n<p data-start=\"598\" data-end=\"672\"><strong data-start=\"598\" data-end=\"614\">Vanilla Mint<\/strong> \u2013 vani\u013cas un piparm\u0113tru arom\u0101ts, atsvaidzina un toniz\u0113.<\/p>\n<\/li>\n<li data-start=\"673\" data-end=\"750\">\n<p data-start=\"675\" data-end=\"750\"><strong data-start=\"675\" data-end=\"689\">Watermelon<\/strong> \u2013 arb\u016bza arom\u0101ts, pie\u0161\u0137ir vieglu aug\u013cu nokr\u0101su un mitrina.<\/p>\n<\/li>\n<li data-start=\"751\" data-end=\"831\">\n<p data-start=\"753\" data-end=\"831\"><strong data-start=\"753\" data-end=\"773\">Peppermint Mocha<\/strong> \u2013 \u0161okol\u0101des-piparm\u0113tru arom\u0101ts, atsvaidzina un stimul\u0113.<\/p>\n<\/li>\n<li data-start=\"832\" data-end=\"885\">\n<p data-start=\"834\" data-end=\"885\"><strong data-start=\"834\" data-end=\"846\">Hibiscus<\/strong> \u2013 hibiska arom\u0101ts, baro un m\u012bkstina.<\/p>\n<\/li>\n<li data-start=\"886\" data-end=\"966\">\n<p data-start=\"888\" data-end=\"966\"><strong data-start=\"888\" data-end=\"905\">Pumpkin Spice<\/strong> \u2013 \u0137irbju gar\u0161vielu arom\u0101ts, rada m\u0101j\u012bgu un sildo\u0161u efektu.<\/p>\n<\/li>\n<\/ul>\n<p data-start=\"968\" data-end=\"988\"><strong data-start=\"968\" data-end=\"980\">Tilpums:<\/strong> 15 ml<\/p>\n","protected":false},"excerpt":{"rendered":"<p data-start=\"597\" data-end=\"634\">Mitrino\u0161s l\u016bpu balzams<\/p>\n<h2 data-start=\"636\" data-end=\"679\"><strong data-start=\"636\" data-end=\"679\">Circadia Lip Renewing Hydrator \u012bpa\u0161\u012bbas<\/strong><\/h2>\n<p data-start=\"681\" data-end=\"894\">\u2714\ufe0f Mitrina un baro l\u016bpas<br data-start=\"705\" data-end=\"708\" \/>\u2714\ufe0f Palielina l\u016bpu piln\u012bbu un elast\u012bbu<br data-start=\"745\" data-end=\"748\" \/>\u2714\ufe0f Satur pept\u012bdus, kas stimul\u0113 kolag\u0113na ra\u017eo\u0161anu<br data-start=\"796\" data-end=\"799\" \/>\u2714\ufe0f Bag\u0101tin\u0101ts ar e\u013c\u013c\u0101m un ekstraktiem, lai r\u016bp\u0113tos par \u0101du<br data-start=\"857\" data-end=\"860\" \/>\u2714\ufe0f Uzlabo l\u016bpu elast\u012bbu un izskatu<\/p>\n","protected":false},"featured_media":66223,"template":"","meta":[],"pwb-brand":[800],"product_brand":[],"product_cat":[770,759],"product_tag":[],"giftcard-category":[],"class_list":{"0":"post-43849","1":"product","2":"type-product","3":"status-publish","4":"has-post-thumbnail","6":"pwb-brand-circadia","7":"product_cat-grims","8":"product_cat-lupu-kopsana","9":"pa_suurus-hibiscus-lv","10":"pa_suurus-naked-lv","11":"pa_suurus-peppermint-mocha-lv","12":"pa_suurus-pumpkin-spice-lv","13":"pa_suurus-vanilla-mint-lv","14":"pa_suurus-watermelon-lv-2","16":"first","17":"instock","18":"sale","19":"taxable","20":"shipping-taxable","21":"purchasable","22":"product-type-variable"},"acf":[],"brands":[{"id":800,"name":"Circadia","slug":"circadia"}],"_links":{"self":[{"href":"https:\/\/skinstudio.ee\/lv\/wp-json\/wp\/v2\/product\/43849","targetHints":{"allow":["GET"]}}],"collection":[{"href":"https:\/\/skinstudio.ee\/lv\/wp-json\/wp\/v2\/product"}],"about":[{"href":"https:\/\/skinstudio.ee\/lv\/wp-json\/wp\/v2\/types\/product"}],"version-history":[{"count":0,"href":"https:\/\/skinstudio.ee\/lv\/wp-json\/wp\/v2\/product\/43849\/revisions"}],"wp:featuredmedia":[{"embeddable":true,"href":"https:\/\/skinstudio.ee\/lv\/wp-json\/wp\/v2\/media\/66223"}],"wp:attachment":[{"href":"https:\/\/skinstudio.ee\/lv\/wp-json\/wp\/v2\/media?parent=43849"}],"wp:term":[{"taxonomy":"pwb-brand","embeddable":true,"href":"https:\/\/skinstudio.ee\/lv\/wp-json\/wp\/v2\/pwb-brand?post=43849"},{"taxonomy":"product_brand","embeddable":true,"href":"https:\/\/skinstudio.ee\/lv\/wp-json\/wp\/v2\/product_brand?post=43849"},{"taxonomy":"product_cat","embeddable":true,"href":"https:\/\/skinstudio.ee\/lv\/wp-json\/wp\/v2\/product_cat?post=43849"},{"taxonomy":"product_tag","embeddable":true,"href":"https:\/\/skinstudio.ee\/lv\/wp-json\/wp\/v2\/product_tag?post=43849"},{"taxonomy":"giftcard-category","embeddable":true,"href":"https:\/\/skinstudio.ee\/lv\/wp-json\/wp\/v2\/giftcard-category?post=43849"}],"curies":[{"name":"wp","href":"https:\/\/api.w.org\/{rel}","templated":true}]}}