{"id":43891,"date":"2025-08-12T11:16:45","date_gmt":"2025-08-12T11:16:45","guid":{"rendered":"https:\/\/skinstudio.ee\/?post_type=product&#038;p=43891"},"modified":"2026-01-19T15:12:47","modified_gmt":"2026-01-19T15:12:47","slug":"aloe-calendula-calming-mist","status":"publish","type":"product","link":"https:\/\/skinstudio.ee\/lv\/catalog\/circadia\/aloe-calendula-calming-mist\/","title":{"rendered":"Aloe &#038; Calendula Calming Mist"},"content":{"rendered":"<p data-start=\"65\" data-end=\"531\">Aloe &amp; Calendula Calming Mist ir nomierino\u0161s toniku-spray, kas balst\u012bts uz alvejas un saialilles ekstraktiem. \u0160is nomierino\u0161ais pihust\u012b\u0161anas l\u012bdzeklis, kas apvieno alveju, saialilli, pl\u016bmju, rozes un j\u016bras a\u013c\u0123u ekstraktus, mazina diskomfortu, ko izraisa roz\u0101cija vai paaugstin\u0101ta \u0101das jut\u012bba\/reaktivit\u0101te. Tam ir nomierino\u0161a, antioksidanta un pretiekaisuma iedarb\u012bba. Tas nekav\u0113joties nov\u0113r\u0161 diskomfortu, mazina kairin\u0101jumu un nov\u0113r\u0161 sausuma un spriedzes saj\u016btu \u0101d\u0101.<\/p>\n<p data-start=\"533\" data-end=\"552\"><strong data-start=\"533\" data-end=\"545\">Tilpums:<\/strong> 118 ml<\/p>\n<p data-start=\"554\" data-end=\"673\">\n","protected":false},"excerpt":{"rendered":"<p data-start=\"675\" data-end=\"719\">Nomierino\u0161s toniks-pihustiers<\/p>\n<h2 data-start=\"721\" data-end=\"772\"><strong data-start=\"721\" data-end=\"772\">Circadia Aloe &amp; Calendula Calming Mist \u012bpa\u0161\u012bbas<\/strong><\/h2>\n<p data-start=\"774\" data-end=\"1006\">\u2714\ufe0f Nomierina un mitrina \u0101du<br data-start=\"801\" data-end=\"804\" \/>\u2714\ufe0f Nodro\u0161ina t\u016bl\u012bt\u0113ju atvieglojumu no kairin\u0101juma<br data-start=\"853\" data-end=\"856\" \/>\u2714\ufe0f Nomierina aps\u0101rtumu un iekaisumu<br data-start=\"891\" data-end=\"894\" \/>\u2714\ufe0f Pal\u012bdz atjaunot \u0101das l\u012bdzsvaru<br data-start=\"927\" data-end=\"930\" \/>\u2714\ufe0f Bag\u0101tin\u0101ts ar alvejas un saialilles ekstraktiem, lai nodro\u0161in\u0101tu baro\u0161anu<\/p>\n","protected":false},"featured_media":66218,"template":"","meta":[],"pwb-brand":[800],"product_brand":[],"product_cat":[745,721],"product_tag":[],"giftcard-category":[],"class_list":{"0":"post-43891","1":"product","2":"type-product","3":"status-publish","4":"has-post-thumbnail","6":"pwb-brand-circadia","7":"product_cat-jutigai-adai","8":"product_cat-toniki-lv","10":"first","11":"instock","12":"taxable","13":"shipping-taxable","14":"purchasable","15":"product-type-simple"},"acf":[],"brands":[{"id":800,"name":"Circadia","slug":"circadia"}],"_links":{"self":[{"href":"https:\/\/skinstudio.ee\/lv\/wp-json\/wp\/v2\/product\/43891","targetHints":{"allow":["GET"]}}],"collection":[{"href":"https:\/\/skinstudio.ee\/lv\/wp-json\/wp\/v2\/product"}],"about":[{"href":"https:\/\/skinstudio.ee\/lv\/wp-json\/wp\/v2\/types\/product"}],"version-history":[{"count":0,"href":"https:\/\/skinstudio.ee\/lv\/wp-json\/wp\/v2\/product\/43891\/revisions"}],"wp:featuredmedia":[{"embeddable":true,"href":"https:\/\/skinstudio.ee\/lv\/wp-json\/wp\/v2\/media\/66218"}],"wp:attachment":[{"href":"https:\/\/skinstudio.ee\/lv\/wp-json\/wp\/v2\/media?parent=43891"}],"wp:term":[{"taxonomy":"pwb-brand","embeddable":true,"href":"https:\/\/skinstudio.ee\/lv\/wp-json\/wp\/v2\/pwb-brand?post=43891"},{"taxonomy":"product_brand","embeddable":true,"href":"https:\/\/skinstudio.ee\/lv\/wp-json\/wp\/v2\/product_brand?post=43891"},{"taxonomy":"product_cat","embeddable":true,"href":"https:\/\/skinstudio.ee\/lv\/wp-json\/wp\/v2\/product_cat?post=43891"},{"taxonomy":"product_tag","embeddable":true,"href":"https:\/\/skinstudio.ee\/lv\/wp-json\/wp\/v2\/product_tag?post=43891"},{"taxonomy":"giftcard-category","embeddable":true,"href":"https:\/\/skinstudio.ee\/lv\/wp-json\/wp\/v2\/giftcard-category?post=43891"}],"curies":[{"name":"wp","href":"https:\/\/api.w.org\/{rel}","templated":true}]}}