{"id":43907,"date":"2025-08-12T11:25:46","date_gmt":"2025-08-12T11:25:46","guid":{"rendered":"https:\/\/skinstudio.ee\/?post_type=product&#038;p=43907"},"modified":"2026-01-19T15:12:47","modified_gmt":"2026-01-19T15:12:47","slug":"chrono-calm-serum","status":"publish","type":"product","link":"https:\/\/skinstudio.ee\/lv\/catalog\/circadia\/chrono-calm-serum\/","title":{"rendered":"Chrono-Calm Serum"},"content":{"rendered":"<p data-start=\"373\" data-end=\"760\">\u0160is serums ir \u013coti viegla \u016bdens b\u0101zes formula, kas efekt\u012bvi nomierina \u0101das kairin\u0101jumu, aps\u0101rtumu un samazina papla\u0161in\u0101tu kapil\u0101ru izpausmes. Pateicoties pept\u012bdiem un dab\u012bgiem ekstraktiem sast\u0101v\u0101, tas stimul\u0113 asinsriti, uzlabo \u0101das st\u0101vokli un pal\u012bdz t\u0101s dabiskajai att\u012br\u012b\u0161anai un atjauno\u0161anai. Tas ar\u012b efekt\u012bvi m\u012bkstina \u0101du un nomierina iekaisumu un kairin\u0101jumu.<\/p>\n<p data-start=\"762\" data-end=\"780\"><strong data-start=\"762\" data-end=\"774\">Tilpums:<\/strong> 15 ml<\/p>\n","protected":false},"excerpt":{"rendered":"<p data-start=\"38\" data-end=\"54\">Mitrino\u0161s serums<\/p>\n<h2 data-start=\"56\" data-end=\"95\"><strong data-start=\"56\" data-end=\"95\">Circadia Chrono-Calm Serum \u012bpa\u0161\u012bbas<\/strong><\/h2>\n<p data-start=\"97\" data-end=\"293\">\u2714\ufe0f Nomierina un atjauno \u0101du<br data-start=\"124\" data-end=\"127\" \/>\u2714\ufe0f Samazina aps\u0101rtumu un kairin\u0101jumu<br data-start=\"163\" data-end=\"166\" \/>\u2714\ufe0f Uzlabo \u0101das aizsargfunkcijas<br data-start=\"197\" data-end=\"200\" \/>\u2714\ufe0f Bag\u0101tin\u0101ts ar antioksidantiem aizsardz\u012bbai<br data-start=\"245\" data-end=\"248\" \/>\u2714\ufe0f Pal\u012bdz atjaunot l\u012bdzsvaru un mitrin\u0101\u0161anu<\/p>\n","protected":false},"featured_media":43899,"template":"","meta":[],"pwb-brand":[800],"product_brand":[],"product_cat":[745,723],"product_tag":[],"giftcard-category":[],"class_list":{"0":"post-43907","1":"product","2":"type-product","3":"status-publish","4":"has-post-thumbnail","6":"pwb-brand-circadia","7":"product_cat-jutigai-adai","8":"product_cat-serumi","10":"first","11":"instock","12":"taxable","13":"shipping-taxable","14":"purchasable","15":"product-type-simple"},"acf":[],"brands":[{"id":800,"name":"Circadia","slug":"circadia"}],"_links":{"self":[{"href":"https:\/\/skinstudio.ee\/lv\/wp-json\/wp\/v2\/product\/43907","targetHints":{"allow":["GET"]}}],"collection":[{"href":"https:\/\/skinstudio.ee\/lv\/wp-json\/wp\/v2\/product"}],"about":[{"href":"https:\/\/skinstudio.ee\/lv\/wp-json\/wp\/v2\/types\/product"}],"version-history":[{"count":0,"href":"https:\/\/skinstudio.ee\/lv\/wp-json\/wp\/v2\/product\/43907\/revisions"}],"wp:featuredmedia":[{"embeddable":true,"href":"https:\/\/skinstudio.ee\/lv\/wp-json\/wp\/v2\/media\/43899"}],"wp:attachment":[{"href":"https:\/\/skinstudio.ee\/lv\/wp-json\/wp\/v2\/media?parent=43907"}],"wp:term":[{"taxonomy":"pwb-brand","embeddable":true,"href":"https:\/\/skinstudio.ee\/lv\/wp-json\/wp\/v2\/pwb-brand?post=43907"},{"taxonomy":"product_brand","embeddable":true,"href":"https:\/\/skinstudio.ee\/lv\/wp-json\/wp\/v2\/product_brand?post=43907"},{"taxonomy":"product_cat","embeddable":true,"href":"https:\/\/skinstudio.ee\/lv\/wp-json\/wp\/v2\/product_cat?post=43907"},{"taxonomy":"product_tag","embeddable":true,"href":"https:\/\/skinstudio.ee\/lv\/wp-json\/wp\/v2\/product_tag?post=43907"},{"taxonomy":"giftcard-category","embeddable":true,"href":"https:\/\/skinstudio.ee\/lv\/wp-json\/wp\/v2\/giftcard-category?post=43907"}],"curies":[{"name":"wp","href":"https:\/\/api.w.org\/{rel}","templated":true}]}}