{"id":43925,"date":"2025-08-12T11:38:54","date_gmt":"2025-08-12T11:38:54","guid":{"rendered":"https:\/\/skinstudio.ee\/?post_type=product&#038;p=43925"},"modified":"2026-01-19T15:12:49","modified_gmt":"2026-01-19T15:12:49","slug":"tranquili-cream","status":"publish","type":"product","link":"https:\/\/skinstudio.ee\/lv\/catalog\/circadia\/tranquili-cream\/","title":{"rendered":"Tranquili-Cream"},"content":{"rendered":"<p data-start=\"102\" data-end=\"394\">\u0160is produkts ir lab\u0101k\u0101 izv\u0113le jut\u012bgas \u0101das \u012bpa\u0161niekiem vai cilv\u0113kiem, kas cie\u0161 no roz\u0101cijas. Kr\u0113ms satur augu un j\u016bras ekstraktus, kas samazina niezi un aps\u0101rtumu, k\u0101 ar\u012b pept\u012bdus un \u0101du barojo\u0161u lip\u012bdu kompleksu, kas nekav\u0113joties m\u012bkstina un pal\u012bdz atjaunot \u0101das aizsargbarjeras integrit\u0101ti.<\/p>\n<p data-start=\"396\" data-end=\"414\"><strong data-start=\"396\" data-end=\"408\">Tilpums:<\/strong> 59 ml<\/p>\n","protected":false},"excerpt":{"rendered":"<p data-start=\"574\" data-end=\"624\">Nomierino\u0161s kr\u0113ms \u0101das atjauno\u0161anai<\/p>\n<h2 data-start=\"626\" data-end=\"668\"><strong data-start=\"626\" data-end=\"668\">Circadia Tranquili-Cream \u012bpa\u0161\u012bbas<\/strong><\/h2>\n<p data-start=\"670\" data-end=\"867\">\u2714\ufe0f Nomierina un atjauno \u0101du<br data-start=\"697\" data-end=\"700\" \/>\u2714\ufe0f Samazina iekaisumu un aps\u0101rtumu<br data-start=\"734\" data-end=\"737\" \/>\u2714\ufe0f Stiprina \u0101das aizsargbarjeru<br data-start=\"768\" data-end=\"771\" \/>\u2714\ufe0f Bag\u0101tin\u0101ts ar barojo\u0161iem e\u013c\u013c\u0101m un ekstraktiem<br data-start=\"819\" data-end=\"822\" \/>\u2714\ufe0f Pal\u012bdz atjaunot l\u012bdzsvaru un mitrin\u0101\u0161anu<\/p>\n","protected":false},"featured_media":43916,"template":"","meta":[],"pwb-brand":[800],"product_brand":[],"product_cat":[745,737],"product_tag":[],"giftcard-category":[],"class_list":{"0":"post-43925","1":"product","2":"type-product","3":"status-publish","4":"has-post-thumbnail","6":"pwb-brand-circadia","7":"product_cat-jutigai-adai","8":"product_cat-mitrinasana","10":"first","11":"instock","12":"taxable","13":"shipping-taxable","14":"purchasable","15":"product-type-simple"},"acf":[],"brands":[{"id":800,"name":"Circadia","slug":"circadia"}],"_links":{"self":[{"href":"https:\/\/skinstudio.ee\/lv\/wp-json\/wp\/v2\/product\/43925","targetHints":{"allow":["GET"]}}],"collection":[{"href":"https:\/\/skinstudio.ee\/lv\/wp-json\/wp\/v2\/product"}],"about":[{"href":"https:\/\/skinstudio.ee\/lv\/wp-json\/wp\/v2\/types\/product"}],"version-history":[{"count":0,"href":"https:\/\/skinstudio.ee\/lv\/wp-json\/wp\/v2\/product\/43925\/revisions"}],"wp:featuredmedia":[{"embeddable":true,"href":"https:\/\/skinstudio.ee\/lv\/wp-json\/wp\/v2\/media\/43916"}],"wp:attachment":[{"href":"https:\/\/skinstudio.ee\/lv\/wp-json\/wp\/v2\/media?parent=43925"}],"wp:term":[{"taxonomy":"pwb-brand","embeddable":true,"href":"https:\/\/skinstudio.ee\/lv\/wp-json\/wp\/v2\/pwb-brand?post=43925"},{"taxonomy":"product_brand","embeddable":true,"href":"https:\/\/skinstudio.ee\/lv\/wp-json\/wp\/v2\/product_brand?post=43925"},{"taxonomy":"product_cat","embeddable":true,"href":"https:\/\/skinstudio.ee\/lv\/wp-json\/wp\/v2\/product_cat?post=43925"},{"taxonomy":"product_tag","embeddable":true,"href":"https:\/\/skinstudio.ee\/lv\/wp-json\/wp\/v2\/product_tag?post=43925"},{"taxonomy":"giftcard-category","embeddable":true,"href":"https:\/\/skinstudio.ee\/lv\/wp-json\/wp\/v2\/giftcard-category?post=43925"}],"curies":[{"name":"wp","href":"https:\/\/api.w.org\/{rel}","templated":true}]}}