{"id":43941,"date":"2025-08-12T12:00:35","date_gmt":"2025-08-12T12:00:35","guid":{"rendered":"https:\/\/skinstudio.ee\/?post_type=product&#038;p=43941"},"modified":"2026-01-19T15:12:49","modified_gmt":"2026-01-19T15:12:49","slug":"rose-ease-relief-cream","status":"publish","type":"product","link":"https:\/\/skinstudio.ee\/lv\/catalog\/circadia\/rose-ease-relief-cream\/","title":{"rendered":"Rose-Ease Relief Cream"},"content":{"rendered":"<p data-start=\"87\" data-end=\"652\">\u0160is kr\u0113ms ir lieliska izv\u0113le cilv\u0113kiem ar roz\u0101ciju. Tas pal\u012bdz ne tikai mazin\u0101t kairin\u0101jumu un aps\u0101rtumu, bet ar\u012b akt\u012bvi kontrol\u0113 demodex \u0113rces, kas, k\u0101 uzskata, veicina roz\u0101cijas paasin\u0101jumus. Kr\u0113ms uzlabo \u0101das kop\u0113jo izskatu, atjauno t\u0101s aizsargfunkcijas un stiprina barjeru, kas ir \u012bpa\u0161i svar\u012bgi cilv\u0113kiem ar roz\u0101ciju. Ar \u0161o kr\u0113mu var efekt\u012bvi samazin\u0101t iekaisumu un pa\u0101trin\u0101t kairin\u0101juma dziedin\u0101\u0161anas procesu. T\u0101 unik\u0101l\u0101 formula, kas satur antioksidantus un nomierino\u0161us ekstraktus, sniedz komfortu \u0101dai un uzlabo t\u0101s izskatu, padarot to glud\u0101ku un vesel\u012bg\u0101ku.<\/p>\n<p data-start=\"654\" data-end=\"672\"><strong data-start=\"654\" data-end=\"666\">Tilpums:<\/strong> 50 ml<\/p>\n<p data-start=\"1833\" data-end=\"2050\">\n","protected":false},"excerpt":{"rendered":"<p data-start=\"832\" data-end=\"874\">Roz\u0101cijas mazin\u0101\u0161anas kr\u0113ms<\/p>\n<h2 data-start=\"876\" data-end=\"920\"><strong data-start=\"876\" data-end=\"920\">Circadia Rose-Ease Relief Cream \u012bpa\u0161\u012bbas<\/strong><\/h2>\n<p data-start=\"922\" data-end=\"1119\">\u2714\ufe0f Nomierina un atjauno \u0101du<br data-start=\"949\" data-end=\"952\" \/>\u2714\ufe0f Samazina iekaisumu un aps\u0101rtumu<br data-start=\"986\" data-end=\"989\" \/>\u2714\ufe0f Stiprina \u0101das aizsargbarjeru<br data-start=\"1020\" data-end=\"1023\" \/>\u2714\ufe0f Bag\u0101tin\u0101ts ar barojo\u0161iem e\u013c\u013c\u0101m un ekstraktiem<br data-start=\"1071\" data-end=\"1074\" \/>\u2714\ufe0f Pal\u012bdz atjaunot l\u012bdzsvaru un mitrin\u0101\u0161anu<\/p>\n","protected":false},"featured_media":43933,"template":"","meta":[],"pwb-brand":[800],"product_brand":[],"product_cat":[741,745,737],"product_tag":[],"giftcard-category":[],"class_list":{"0":"post-43941","1":"product","2":"type-product","3":"status-publish","4":"has-post-thumbnail","6":"pwb-brand-circadia","7":"product_cat-izsitumi","8":"product_cat-jutigai-adai","9":"product_cat-mitrinasana","11":"first","12":"instock","13":"taxable","14":"shipping-taxable","15":"purchasable","16":"product-type-simple"},"acf":[],"brands":[{"id":800,"name":"Circadia","slug":"circadia"}],"_links":{"self":[{"href":"https:\/\/skinstudio.ee\/lv\/wp-json\/wp\/v2\/product\/43941","targetHints":{"allow":["GET"]}}],"collection":[{"href":"https:\/\/skinstudio.ee\/lv\/wp-json\/wp\/v2\/product"}],"about":[{"href":"https:\/\/skinstudio.ee\/lv\/wp-json\/wp\/v2\/types\/product"}],"version-history":[{"count":0,"href":"https:\/\/skinstudio.ee\/lv\/wp-json\/wp\/v2\/product\/43941\/revisions"}],"wp:featuredmedia":[{"embeddable":true,"href":"https:\/\/skinstudio.ee\/lv\/wp-json\/wp\/v2\/media\/43933"}],"wp:attachment":[{"href":"https:\/\/skinstudio.ee\/lv\/wp-json\/wp\/v2\/media?parent=43941"}],"wp:term":[{"taxonomy":"pwb-brand","embeddable":true,"href":"https:\/\/skinstudio.ee\/lv\/wp-json\/wp\/v2\/pwb-brand?post=43941"},{"taxonomy":"product_brand","embeddable":true,"href":"https:\/\/skinstudio.ee\/lv\/wp-json\/wp\/v2\/product_brand?post=43941"},{"taxonomy":"product_cat","embeddable":true,"href":"https:\/\/skinstudio.ee\/lv\/wp-json\/wp\/v2\/product_cat?post=43941"},{"taxonomy":"product_tag","embeddable":true,"href":"https:\/\/skinstudio.ee\/lv\/wp-json\/wp\/v2\/product_tag?post=43941"},{"taxonomy":"giftcard-category","embeddable":true,"href":"https:\/\/skinstudio.ee\/lv\/wp-json\/wp\/v2\/giftcard-category?post=43941"}],"curies":[{"name":"wp","href":"https:\/\/api.w.org\/{rel}","templated":true}]}}