{"id":43958,"date":"2025-08-12T12:10:41","date_gmt":"2025-08-12T12:10:41","guid":{"rendered":"https:\/\/skinstudio.ee\/?post_type=product&#038;p=43958"},"modified":"2026-01-19T15:12:49","modified_gmt":"2026-01-19T15:12:49","slug":"post-peel-balm","status":"publish","type":"product","link":"https:\/\/skinstudio.ee\/lv\/catalog\/circadia\/post-peel-balm\/","title":{"rendered":"Post Peel Balm"},"content":{"rendered":"<p data-start=\"80\" data-end=\"570\">\u0160is produkts ir lieliska izv\u0113le, lai nomierin\u0101tu un atvieglotu \u0101du p\u0113c p\u012blinga. Tas satur \u0101du identisku lip\u012bdu kompleksu, kas palielina \u016bdens notur\u012bbu un veido puscaurlaid\u012bgu aizsargbarjeru. \u0160is produkts ne tikai pal\u012bdz \u0101tri atjaunot \u0101das l\u012bdzsvaru p\u0113c agres\u012bv\u0101m proced\u016br\u0101m, bet ar\u012b aizsarg\u0101 \u0101du no turpm\u0101kiem kairin\u0101jumiem, akt\u012bvi mitrinot un atjaunojot \u0101das barjeru. Palsams ar\u012b veicina \u0101das re\u0123ener\u0101ciju, pa\u0101trinot dziedin\u0101\u0161anas procesu un nov\u0113r\u0161ot sausuma vai saspringuma saj\u016btu.<\/p>\n<p data-start=\"572\" data-end=\"590\"><strong data-start=\"572\" data-end=\"584\">Tilpums:<\/strong> 60 ml<\/p>\n","protected":false},"excerpt":{"rendered":"<p data-start=\"750\" data-end=\"778\">P\u0113c p\u012blinga rahustav palsams<\/p>\n<h2 data-start=\"780\" data-end=\"816\"><strong data-start=\"780\" data-end=\"816\">Circadia Post Peel Balm \u012bpa\u0161\u012bbas<\/strong><\/h2>\n<p data-start=\"818\" data-end=\"1015\">\u2714\ufe0f Nomierina un atjauno \u0101du<br data-start=\"845\" data-end=\"848\" \/>\u2714\ufe0f Samazina iekaisumu un aps\u0101rtumu<br data-start=\"882\" data-end=\"885\" \/>\u2714\ufe0f Stiprina \u0101das aizsargbarjeru<br data-start=\"916\" data-end=\"919\" \/>\u2714\ufe0f Bag\u0101tin\u0101ts ar barojo\u0161iem e\u013c\u013c\u0101m un ekstraktiem<br data-start=\"967\" data-end=\"970\" \/>\u2714\ufe0f Pal\u012bdz atjaunot l\u012bdzsvaru un mitrin\u0101\u0161anu<\/p>\n","protected":false},"featured_media":43950,"template":"","meta":[],"pwb-brand":[800],"product_brand":[],"product_cat":[745,737],"product_tag":[],"giftcard-category":[],"class_list":{"0":"post-43958","1":"product","2":"type-product","3":"status-publish","4":"has-post-thumbnail","6":"pwb-brand-circadia","7":"product_cat-jutigai-adai","8":"product_cat-mitrinasana","10":"first","11":"instock","12":"taxable","13":"shipping-taxable","14":"purchasable","15":"product-type-simple"},"acf":[],"brands":[{"id":800,"name":"Circadia","slug":"circadia"}],"_links":{"self":[{"href":"https:\/\/skinstudio.ee\/lv\/wp-json\/wp\/v2\/product\/43958","targetHints":{"allow":["GET"]}}],"collection":[{"href":"https:\/\/skinstudio.ee\/lv\/wp-json\/wp\/v2\/product"}],"about":[{"href":"https:\/\/skinstudio.ee\/lv\/wp-json\/wp\/v2\/types\/product"}],"version-history":[{"count":0,"href":"https:\/\/skinstudio.ee\/lv\/wp-json\/wp\/v2\/product\/43958\/revisions"}],"wp:featuredmedia":[{"embeddable":true,"href":"https:\/\/skinstudio.ee\/lv\/wp-json\/wp\/v2\/media\/43950"}],"wp:attachment":[{"href":"https:\/\/skinstudio.ee\/lv\/wp-json\/wp\/v2\/media?parent=43958"}],"wp:term":[{"taxonomy":"pwb-brand","embeddable":true,"href":"https:\/\/skinstudio.ee\/lv\/wp-json\/wp\/v2\/pwb-brand?post=43958"},{"taxonomy":"product_brand","embeddable":true,"href":"https:\/\/skinstudio.ee\/lv\/wp-json\/wp\/v2\/product_brand?post=43958"},{"taxonomy":"product_cat","embeddable":true,"href":"https:\/\/skinstudio.ee\/lv\/wp-json\/wp\/v2\/product_cat?post=43958"},{"taxonomy":"product_tag","embeddable":true,"href":"https:\/\/skinstudio.ee\/lv\/wp-json\/wp\/v2\/product_tag?post=43958"},{"taxonomy":"giftcard-category","embeddable":true,"href":"https:\/\/skinstudio.ee\/lv\/wp-json\/wp\/v2\/giftcard-category?post=43958"}],"curies":[{"name":"wp","href":"https:\/\/api.w.org\/{rel}","templated":true}]}}