{"id":43974,"date":"2025-08-12T12:21:33","date_gmt":"2025-08-12T12:21:33","guid":{"rendered":"https:\/\/skinstudio.ee\/?post_type=product&#038;p=43974"},"modified":"2026-01-19T15:12:47","modified_gmt":"2026-01-19T15:12:47","slug":"aqua-biotic-balancing-moisturizer","status":"publish","type":"product","link":"https:\/\/skinstudio.ee\/lv\/catalog\/circadia\/aqua-biotic-balancing-moisturizer\/","title":{"rendered":"Aqua-Biotic Balancing Moisturizer"},"content":{"rendered":"<p data-start=\"61\" data-end=\"553\">Aqua-Biotic Balancing Moisturizer no Circadia ir mitrino\u0161s kr\u0113ms, kas \u012bpa\u0161i izstr\u0101d\u0101ts \u0101das mitruma l\u012bdzsvara atjauno\u0161anai un mitrin\u0101\u0161anai. Kr\u0113ms satur probiotikas un barojo\u0161us komponentus, kas pal\u012bdz atjaunot \u0101das dabisko mikrobiomu un stiprin\u0101t t\u0101s aizsargbarjeru. Kr\u0113ms efekt\u012bvi samazina iekaisumu un aps\u0101rtumu, mitrinot un atjaunojot \u0101du p\u0113c vides faktoru iedarb\u012bbas. Tas ir piem\u0113rots visiem \u0101das tipiem, tostarp jut\u012bgai \u0101dai, un pal\u012bdz saglab\u0101t optim\u0101lu mitruma l\u012bmeni vis\u0101 dien\u0101.<\/p>\n<p data-start=\"555\" data-end=\"573\"><strong data-start=\"555\" data-end=\"567\">Tilpums:<\/strong> 59 ml<\/p>\n","protected":false},"excerpt":{"rendered":"<p data-start=\"733\" data-end=\"763\">Niisutav kreem \u0101das l\u012bdzsvaram<\/p>\n<h2 data-start=\"765\" data-end=\"820\"><strong data-start=\"765\" data-end=\"820\">Circadia Aqua-Biotic Balancing Moisturizer \u012bpa\u0161\u012bbas<\/strong><\/h2>\n<p data-start=\"822\" data-end=\"1025\">\u2714\ufe0f Tasaka\u0146o \u0101das mitruma l\u012bmeni<br data-start=\"853\" data-end=\"856\" \/>\u2714\ufe0f Nomierina un atjauno dabisko barjeru<br data-start=\"895\" data-end=\"898\" \/>\u2714\ufe0f Samazina iekaisumu un aps\u0101rtumu<br data-start=\"932\" data-end=\"935\" \/>\u2714\ufe0f Bag\u0101tin\u0101ts ar probiotik\u0101m mikrobioma atjauno\u0161anai<br data-start=\"987\" data-end=\"990\" \/>\u2714\ufe0f Stiprina \u0101das aizsargfunkcijas<\/p>\n","protected":false},"featured_media":66213,"template":"","meta":[],"pwb-brand":[800],"product_brand":[],"product_cat":[741,745,737,749],"product_tag":[],"giftcard-category":[],"class_list":{"0":"post-43974","1":"product","2":"type-product","3":"status-publish","4":"has-post-thumbnail","6":"pwb-brand-circadia","7":"product_cat-izsitumi","8":"product_cat-jutiga-ada","9":"product_cat-mitrinasana","10":"product_cat-novecojosa-ada","12":"first","13":"instock","14":"taxable","15":"shipping-taxable","16":"purchasable","17":"product-type-simple"},"acf":[],"brands":[{"id":800,"name":"Circadia","slug":"circadia"}],"_links":{"self":[{"href":"https:\/\/skinstudio.ee\/lv\/wp-json\/wp\/v2\/product\/43974","targetHints":{"allow":["GET"]}}],"collection":[{"href":"https:\/\/skinstudio.ee\/lv\/wp-json\/wp\/v2\/product"}],"about":[{"href":"https:\/\/skinstudio.ee\/lv\/wp-json\/wp\/v2\/types\/product"}],"version-history":[{"count":0,"href":"https:\/\/skinstudio.ee\/lv\/wp-json\/wp\/v2\/product\/43974\/revisions"}],"wp:featuredmedia":[{"embeddable":true,"href":"https:\/\/skinstudio.ee\/lv\/wp-json\/wp\/v2\/media\/66213"}],"wp:attachment":[{"href":"https:\/\/skinstudio.ee\/lv\/wp-json\/wp\/v2\/media?parent=43974"}],"wp:term":[{"taxonomy":"pwb-brand","embeddable":true,"href":"https:\/\/skinstudio.ee\/lv\/wp-json\/wp\/v2\/pwb-brand?post=43974"},{"taxonomy":"product_brand","embeddable":true,"href":"https:\/\/skinstudio.ee\/lv\/wp-json\/wp\/v2\/product_brand?post=43974"},{"taxonomy":"product_cat","embeddable":true,"href":"https:\/\/skinstudio.ee\/lv\/wp-json\/wp\/v2\/product_cat?post=43974"},{"taxonomy":"product_tag","embeddable":true,"href":"https:\/\/skinstudio.ee\/lv\/wp-json\/wp\/v2\/product_tag?post=43974"},{"taxonomy":"giftcard-category","embeddable":true,"href":"https:\/\/skinstudio.ee\/lv\/wp-json\/wp\/v2\/giftcard-category?post=43974"}],"curies":[{"name":"wp","href":"https:\/\/api.w.org\/{rel}","templated":true}]}}