{"id":43990,"date":"2025-08-12T12:30:01","date_gmt":"2025-08-12T12:30:01","guid":{"rendered":"https:\/\/skinstudio.ee\/?post_type=product&#038;p=43990"},"modified":"2026-01-19T15:12:49","modified_gmt":"2026-01-19T15:12:49","slug":"white-willow-juniper-clearing-mist","status":"publish","type":"product","link":"https:\/\/skinstudio.ee\/lv\/catalog\/circadia\/white-willow-juniper-clearing-mist\/","title":{"rendered":"White Willow &#038; Juniper Clearing Mist"},"content":{"rendered":"<p data-start=\"45\" data-end=\"459\">\u0160is atsvaidzino\u0161ais pihustieris, kas satur balto v\u012bksnu, cadaga, sarkano \u0101boli\u0146u un ziedu sal\u0101tu ekstraktus, pal\u012bdz samazin\u0101t \u0101das taukain\u012bbu un p\u016bt\u012b\u0161u redzam\u012bbu. \u0160is pihustieris akt\u012bvi att\u012bra \u0101du, atjauno t\u0101s l\u012bdzsvaru un pal\u012bdz nov\u0113rst jaunu iekaisumu par\u0101d\u012b\u0161anos. Tam ir ar\u012b nomierino\u0161a iedarb\u012bba, padarot to par lielisku izv\u0113li jut\u012bgai \u0101dai, kas ir pak\u013cauta p\u0101rm\u0113r\u012bgai taukain\u012bbai un p\u016bt\u012b\u0161u par\u0101d\u012b\u0161anai.<\/p>\n<p data-start=\"461\" data-end=\"480\"><strong data-start=\"461\" data-end=\"473\">Tilpums:<\/strong> 118 ml<\/p>\n","protected":false},"excerpt":{"rendered":"<p data-start=\"684\" data-end=\"726\">Atsvaidzino\u0161s pihustieris \u0101das att\u012br\u012b\u0161anai<\/p>\n<h2 data-start=\"728\" data-end=\"786\"><strong data-start=\"728\" data-end=\"786\">Circadia White Willow &amp; Juniper Clearing Mist \u012bpa\u0161\u012bbas<\/strong><\/h2>\n<p data-start=\"788\" data-end=\"1006\">\u2714\ufe0f Pal\u012bdz samazin\u0101t \u0101das taukain\u012bbu<br data-start=\"823\" data-end=\"826\" \/>\u2714\ufe0f Samazina p\u016bt\u012b\u0161u un aps\u0101rtuma redzam\u012bbu<br data-start=\"867\" data-end=\"870\" \/>\u2714\ufe0f Att\u012bra un atsvaidzina \u0101du<br data-start=\"898\" data-end=\"901\" \/>\u2714\ufe0f Satur balto v\u012bksnu, cadaga un sarkano \u0101boli\u0146u ekstraktus<br data-start=\"960\" data-end=\"963\" \/>\u2714\ufe0f Nomierina \u0101du un atjauno t\u0101s l\u012bdzsvaru<\/p>\n","protected":false},"featured_media":43982,"template":"","meta":[],"pwb-brand":[800],"product_brand":[],"product_cat":[741,745,747,721],"product_tag":[],"giftcard-category":[],"class_list":{"0":"post-43990","1":"product","2":"type-product","3":"status-publish","4":"has-post-thumbnail","6":"pwb-brand-circadia","7":"product_cat-izsitumi","8":"product_cat-jutigai-adai","9":"product_cat-taukainai-adai","10":"product_cat-toniki-lv","12":"first","13":"instock","14":"taxable","15":"shipping-taxable","16":"purchasable","17":"product-type-simple"},"acf":[],"brands":[{"id":800,"name":"Circadia","slug":"circadia"}],"_links":{"self":[{"href":"https:\/\/skinstudio.ee\/lv\/wp-json\/wp\/v2\/product\/43990","targetHints":{"allow":["GET"]}}],"collection":[{"href":"https:\/\/skinstudio.ee\/lv\/wp-json\/wp\/v2\/product"}],"about":[{"href":"https:\/\/skinstudio.ee\/lv\/wp-json\/wp\/v2\/types\/product"}],"version-history":[{"count":0,"href":"https:\/\/skinstudio.ee\/lv\/wp-json\/wp\/v2\/product\/43990\/revisions"}],"wp:featuredmedia":[{"embeddable":true,"href":"https:\/\/skinstudio.ee\/lv\/wp-json\/wp\/v2\/media\/43982"}],"wp:attachment":[{"href":"https:\/\/skinstudio.ee\/lv\/wp-json\/wp\/v2\/media?parent=43990"}],"wp:term":[{"taxonomy":"pwb-brand","embeddable":true,"href":"https:\/\/skinstudio.ee\/lv\/wp-json\/wp\/v2\/pwb-brand?post=43990"},{"taxonomy":"product_brand","embeddable":true,"href":"https:\/\/skinstudio.ee\/lv\/wp-json\/wp\/v2\/product_brand?post=43990"},{"taxonomy":"product_cat","embeddable":true,"href":"https:\/\/skinstudio.ee\/lv\/wp-json\/wp\/v2\/product_cat?post=43990"},{"taxonomy":"product_tag","embeddable":true,"href":"https:\/\/skinstudio.ee\/lv\/wp-json\/wp\/v2\/product_tag?post=43990"},{"taxonomy":"giftcard-category","embeddable":true,"href":"https:\/\/skinstudio.ee\/lv\/wp-json\/wp\/v2\/giftcard-category?post=43990"}],"curies":[{"name":"wp","href":"https:\/\/api.w.org\/{rel}","templated":true}]}}