{"id":44006,"date":"2025-08-12T12:38:44","date_gmt":"2025-08-12T12:38:44","guid":{"rendered":"https:\/\/skinstudio.ee\/?post_type=product&#038;p=44006"},"modified":"2026-01-19T15:12:47","modified_gmt":"2026-01-19T15:12:47","slug":"daytime-control-lotion","status":"publish","type":"product","link":"https:\/\/skinstudio.ee\/lv\/catalog\/circadia\/daytime-control-lotion\/","title":{"rendered":"Daytime Control Lotion"},"content":{"rendered":"<p data-start=\"61\" data-end=\"464\">\u0160is vieglais mitrino\u0161ais kr\u0113ms satur patent\u0113tu antimikrobi\u0101lo pept\u012bdu kompleksi ar tripept\u012bdu, kas uzlabo \u0101das dabisk\u0101s aizsardz\u012bbas meh\u0101nismus. Lign\u0101ni un fitosteroli pal\u012bdz kontrol\u0113t un samazin\u0101t sebuma veido\u0161anos, \u012bpa\u0161i T zon\u0101, savuk\u0101rt augu ekstrakti nomierina un izl\u012bdzina \u0101du. \u0160is kr\u0113ms ir ide\u0101li piem\u0113rots lieto\u0161anai dienas laik\u0101, nodro\u0161inot mat\u0113tu apdari un mitrin\u0101\u0161anu, nenoslogojot \u0101du.<\/p>\n<p data-start=\"466\" data-end=\"484\"><strong data-start=\"466\" data-end=\"478\">Tilpums:<\/strong> 59 ml<\/p>\n","protected":false},"excerpt":{"rendered":"<p data-start=\"712\" data-end=\"732\">Rasu kontroles kr\u0113ms<\/p>\n<h2 data-start=\"734\" data-end=\"778\"><strong data-start=\"734\" data-end=\"778\">Circadia Daytime Control Lotion \u012bpa\u0161\u012bbas<\/strong><\/h2>\n<p data-start=\"780\" data-end=\"1014\">\u2714\ufe0f Mitrina un kontrol\u0113 sebuma ra\u017eo\u0161anu<br data-start=\"818\" data-end=\"821\" \/>\u2714\ufe0f Samazina \u0101das taukain\u012bbu, \u012bpa\u0161i T zon\u0101<br data-start=\"862\" data-end=\"865\" \/>\u2714\ufe0f Stiprina \u0101das dabisko aizsardz\u012bbu<br data-start=\"901\" data-end=\"904\" \/>\u2714\ufe0f Bag\u0101tin\u0101ts ar augu ekstraktiem, lai nomierin\u0101tu \u0101du<br data-start=\"958\" data-end=\"961\" \/>\u2714\ufe0f Pal\u012bdz atjaunot \u0101das l\u012bdzsvaru un aizsargbarjeru<\/p>\n","protected":false},"featured_media":66208,"template":"","meta":[],"pwb-brand":[800],"product_brand":[],"product_cat":[737,747],"product_tag":[],"giftcard-category":[],"class_list":{"0":"post-44006","1":"product","2":"type-product","3":"status-publish","4":"has-post-thumbnail","6":"pwb-brand-circadia","7":"product_cat-mitrinasana","8":"product_cat-taukainai-adai","10":"first","11":"instock","12":"taxable","13":"shipping-taxable","14":"purchasable","15":"product-type-simple"},"acf":[],"brands":[{"id":800,"name":"Circadia","slug":"circadia"}],"_links":{"self":[{"href":"https:\/\/skinstudio.ee\/lv\/wp-json\/wp\/v2\/product\/44006","targetHints":{"allow":["GET"]}}],"collection":[{"href":"https:\/\/skinstudio.ee\/lv\/wp-json\/wp\/v2\/product"}],"about":[{"href":"https:\/\/skinstudio.ee\/lv\/wp-json\/wp\/v2\/types\/product"}],"version-history":[{"count":0,"href":"https:\/\/skinstudio.ee\/lv\/wp-json\/wp\/v2\/product\/44006\/revisions"}],"wp:featuredmedia":[{"embeddable":true,"href":"https:\/\/skinstudio.ee\/lv\/wp-json\/wp\/v2\/media\/66208"}],"wp:attachment":[{"href":"https:\/\/skinstudio.ee\/lv\/wp-json\/wp\/v2\/media?parent=44006"}],"wp:term":[{"taxonomy":"pwb-brand","embeddable":true,"href":"https:\/\/skinstudio.ee\/lv\/wp-json\/wp\/v2\/pwb-brand?post=44006"},{"taxonomy":"product_brand","embeddable":true,"href":"https:\/\/skinstudio.ee\/lv\/wp-json\/wp\/v2\/product_brand?post=44006"},{"taxonomy":"product_cat","embeddable":true,"href":"https:\/\/skinstudio.ee\/lv\/wp-json\/wp\/v2\/product_cat?post=44006"},{"taxonomy":"product_tag","embeddable":true,"href":"https:\/\/skinstudio.ee\/lv\/wp-json\/wp\/v2\/product_tag?post=44006"},{"taxonomy":"giftcard-category","embeddable":true,"href":"https:\/\/skinstudio.ee\/lv\/wp-json\/wp\/v2\/giftcard-category?post=44006"}],"curies":[{"name":"wp","href":"https:\/\/api.w.org\/{rel}","templated":true}]}}