{"id":44023,"date":"2025-08-12T12:45:56","date_gmt":"2025-08-12T12:45:56","guid":{"rendered":"https:\/\/skinstudio.ee\/?post_type=product&#038;p=44023"},"modified":"2026-01-19T15:12:48","modified_gmt":"2026-01-19T15:12:48","slug":"nighttime-control","status":"publish","type":"product","link":"https:\/\/skinstudio.ee\/lv\/catalog\/circadia\/nighttime-control\/","title":{"rendered":"Nighttime Control"},"content":{"rendered":"<p data-start=\"61\" data-end=\"384\">Nighttime Control ir izstr\u0101d\u0101ts ar \u012bpa\u0161u benzola peroks\u012bda formu, kas ir maz\u0101k kairino\u0161a \u0101dai. \u0160is komponents iek\u013c\u016bst por\u0101s un m\u0113r\u0137\u0113 uz bakt\u0113rij\u0101m P. acne, kas ir galvenais iekaisumu un p\u016bt\u012b\u0161u ra\u0161an\u0101s c\u0113lonis. Produkts ne tikai att\u012bra poras, bet ar\u012b pal\u012bdz atjaunot \u0101das vesel\u012bbu, nov\u0113r\u0161ot turpm\u0101ku izsitumu ra\u0161anos.<\/p>\n<p data-start=\"386\" data-end=\"404\"><strong data-start=\"386\" data-end=\"398\">Tilpums:<\/strong> 59 ml<\/p>\n","protected":false},"excerpt":{"rendered":"<p data-start=\"724\" data-end=\"751\">Aknei paredz\u0113ts nakts kr\u0113ms<\/p>\n<h2 data-start=\"753\" data-end=\"792\"><strong data-start=\"753\" data-end=\"792\">Circadia Nighttime Control \u012bpa\u0161\u012bbas<\/strong><\/h2>\n<p data-start=\"794\" data-end=\"1069\">\u2714\ufe0f Samazina iekaisumu un nov\u0113r\u0161 jaunu izsitumu ra\u0161anos<br data-start=\"848\" data-end=\"851\" \/>\u2714\ufe0f C\u012bn\u0101s ar p\u016bt\u012b\u0161us izraiso\u0161aj\u0101m bakt\u0113rij\u0101m<br data-start=\"894\" data-end=\"897\" \/>\u2714\ufe0f iek\u013c\u016bst por\u0101s un att\u012bra t\u0101s no net\u012brumiem<br data-start=\"941\" data-end=\"944\" \/>\u2714\ufe0f Bag\u0101tin\u0101ts ar \u012bpa\u0161u benzola peroks\u012bda formu, kas ir maz\u0101k kairino\u0161a \u0101dai<br data-start=\"1019\" data-end=\"1022\" \/>\u2714\ufe0f Pal\u012bdz atjaunot \u0101das vesel\u012bbu un skaidr\u012bbu<\/p>\n","protected":false},"featured_media":44014,"template":"","meta":[],"pwb-brand":[800],"product_brand":[],"product_cat":[741,745,737],"product_tag":[],"giftcard-category":[],"class_list":{"0":"post-44023","1":"product","2":"type-product","3":"status-publish","4":"has-post-thumbnail","6":"pwb-brand-circadia","7":"product_cat-izsitumi","8":"product_cat-jutigai-adai","9":"product_cat-mitrinasana","11":"first","12":"instock","13":"taxable","14":"shipping-taxable","15":"purchasable","16":"product-type-simple"},"acf":[],"brands":[{"id":800,"name":"Circadia","slug":"circadia"}],"_links":{"self":[{"href":"https:\/\/skinstudio.ee\/lv\/wp-json\/wp\/v2\/product\/44023","targetHints":{"allow":["GET"]}}],"collection":[{"href":"https:\/\/skinstudio.ee\/lv\/wp-json\/wp\/v2\/product"}],"about":[{"href":"https:\/\/skinstudio.ee\/lv\/wp-json\/wp\/v2\/types\/product"}],"version-history":[{"count":0,"href":"https:\/\/skinstudio.ee\/lv\/wp-json\/wp\/v2\/product\/44023\/revisions"}],"wp:featuredmedia":[{"embeddable":true,"href":"https:\/\/skinstudio.ee\/lv\/wp-json\/wp\/v2\/media\/44014"}],"wp:attachment":[{"href":"https:\/\/skinstudio.ee\/lv\/wp-json\/wp\/v2\/media?parent=44023"}],"wp:term":[{"taxonomy":"pwb-brand","embeddable":true,"href":"https:\/\/skinstudio.ee\/lv\/wp-json\/wp\/v2\/pwb-brand?post=44023"},{"taxonomy":"product_brand","embeddable":true,"href":"https:\/\/skinstudio.ee\/lv\/wp-json\/wp\/v2\/product_brand?post=44023"},{"taxonomy":"product_cat","embeddable":true,"href":"https:\/\/skinstudio.ee\/lv\/wp-json\/wp\/v2\/product_cat?post=44023"},{"taxonomy":"product_tag","embeddable":true,"href":"https:\/\/skinstudio.ee\/lv\/wp-json\/wp\/v2\/product_tag?post=44023"},{"taxonomy":"giftcard-category","embeddable":true,"href":"https:\/\/skinstudio.ee\/lv\/wp-json\/wp\/v2\/giftcard-category?post=44023"}],"curies":[{"name":"wp","href":"https:\/\/api.w.org\/{rel}","templated":true}]}}