{"id":44038,"date":"2025-08-12T12:52:11","date_gmt":"2025-08-12T12:52:11","guid":{"rendered":"https:\/\/skinstudio.ee\/?post_type=product&#038;p=44038"},"modified":"2026-01-19T15:12:49","modified_gmt":"2026-01-19T15:12:49","slug":"spot-stop","status":"publish","type":"product","link":"https:\/\/skinstudio.ee\/lv\/catalog\/circadia\/spot-stop\/","title":{"rendered":"Spot Stop"},"content":{"rendered":"<p data-start=\"45\" data-end=\"456\">Efekt\u012bvs serums pret akni un hiperpigment\u0101cijas veido\u0161an\u0101s nov\u0113r\u0161anai. Tas nomierina un atdzes\u0113 \u0101du, samazina iekaisumu un reakcijas sp\u0113ju. Augu ekstraktiem ir antimikrobi\u0101la iedarb\u012bba. Sp\u0113c\u012bgie antioksidanti nodro\u0161ina aizsardz\u012bbu pret br\u012bvajiem radik\u0101\u013ciem un nov\u0113r\u0161 boj\u0101jumus UV stariem un \u0137\u012bmiskajiem faktoriem. Kampars un mentols samazina fizisko diskomfortu, nov\u0113r\u0161ot aps\u0101rtumu, dedzin\u0101\u0161anu un niezi.<\/p>\n<p data-start=\"458\" data-end=\"476\"><strong data-start=\"458\" data-end=\"470\">Tilpums:<\/strong> 15 ml<\/p>\n","protected":false},"excerpt":{"rendered":"<p data-start=\"630\" data-end=\"652\">Aknei paredz\u0113ts serums<\/p>\n<h2 data-start=\"654\" data-end=\"685\"><strong data-start=\"654\" data-end=\"685\">Circadia Spot Stop \u012bpa\u0161\u012bbas<\/strong><\/h2>\n<p data-start=\"687\" data-end=\"916\">\u2714\ufe0f Samazina plankumu un postakne redzam\u012bbu<br data-start=\"729\" data-end=\"732\" \/>\u2714\ufe0f Nov\u0113r\u0161 iekaisumus un aps\u0101rtumu<br data-start=\"765\" data-end=\"768\" \/>\u2714\ufe0f Sa\u0161aurina poras un regul\u0113 sebuma ra\u017eo\u0161anu<br data-start=\"812\" data-end=\"815\" \/>\u2714\ufe0f Bag\u0101tin\u0101ts ar antiseptiskiem un nomierino\u0161iem komponentiem<br data-start=\"876\" data-end=\"879\" \/>\u2714\ufe0f Pal\u012bdz pa\u0101trin\u0101t \u0101das dzied\u0113\u0161anu<\/p>\n","protected":false},"featured_media":66203,"template":"","meta":[],"pwb-brand":[800],"product_brand":[],"product_cat":[741,745,751,723,747],"product_tag":[],"giftcard-category":[],"class_list":{"0":"post-44038","1":"product","2":"type-product","3":"status-publish","4":"has-post-thumbnail","6":"pwb-brand-circadia","7":"product_cat-izsitumi","8":"product_cat-jutigai-adai","9":"product_cat-pigmentacija-lv","10":"product_cat-serumi","11":"product_cat-taukainai-adai","13":"first","14":"instock","15":"taxable","16":"shipping-taxable","17":"purchasable","18":"product-type-simple"},"acf":[],"brands":[{"id":800,"name":"Circadia","slug":"circadia"}],"_links":{"self":[{"href":"https:\/\/skinstudio.ee\/lv\/wp-json\/wp\/v2\/product\/44038","targetHints":{"allow":["GET"]}}],"collection":[{"href":"https:\/\/skinstudio.ee\/lv\/wp-json\/wp\/v2\/product"}],"about":[{"href":"https:\/\/skinstudio.ee\/lv\/wp-json\/wp\/v2\/types\/product"}],"version-history":[{"count":0,"href":"https:\/\/skinstudio.ee\/lv\/wp-json\/wp\/v2\/product\/44038\/revisions"}],"wp:featuredmedia":[{"embeddable":true,"href":"https:\/\/skinstudio.ee\/lv\/wp-json\/wp\/v2\/media\/66203"}],"wp:attachment":[{"href":"https:\/\/skinstudio.ee\/lv\/wp-json\/wp\/v2\/media?parent=44038"}],"wp:term":[{"taxonomy":"pwb-brand","embeddable":true,"href":"https:\/\/skinstudio.ee\/lv\/wp-json\/wp\/v2\/pwb-brand?post=44038"},{"taxonomy":"product_brand","embeddable":true,"href":"https:\/\/skinstudio.ee\/lv\/wp-json\/wp\/v2\/product_brand?post=44038"},{"taxonomy":"product_cat","embeddable":true,"href":"https:\/\/skinstudio.ee\/lv\/wp-json\/wp\/v2\/product_cat?post=44038"},{"taxonomy":"product_tag","embeddable":true,"href":"https:\/\/skinstudio.ee\/lv\/wp-json\/wp\/v2\/product_tag?post=44038"},{"taxonomy":"giftcard-category","embeddable":true,"href":"https:\/\/skinstudio.ee\/lv\/wp-json\/wp\/v2\/giftcard-category?post=44038"}],"curies":[{"name":"wp","href":"https:\/\/api.w.org\/{rel}","templated":true}]}}