{"id":44128,"date":"2025-08-13T13:24:46","date_gmt":"2025-08-13T13:24:46","guid":{"rendered":"https:\/\/skinstudio.ee\/?post_type=product&#038;p=44128"},"modified":"2026-01-19T15:12:48","modified_gmt":"2026-01-19T15:12:48","slug":"licorice-bearberry-brightening-mist","status":"publish","type":"product","link":"https:\/\/skinstudio.ee\/lv\/catalog\/circadia\/licorice-bearberry-brightening-mist\/","title":{"rendered":"Licorice &#038; Bearberry Brightening Mist"},"content":{"rendered":"<p data-start=\"59\" data-end=\"381\">\u0160\u012b unik\u0101l\u0101 lakricas, me\u017eozola un citu augu ekstraktu kombin\u0101cija efekt\u012bvi izgaismo \u0101du, samazina pigment\u0101cijas redzam\u012bbu, izl\u012bdzina \u0101das toni un pie\u0161\u0137ir dabisku mirdzumu. Produkts kav\u0113 tirozin\u0101zes un melan\u012bna ra\u017eo\u0161anu, veicina \u0101das mitrin\u0101\u0161anu un m\u012bkstin\u0101\u0161anu, un to var izmantot, lai nov\u0113rstu tum\u0161o plankumu veido\u0161anos.<\/p>\n<p data-start=\"383\" data-end=\"404\"><strong data-start=\"383\" data-end=\"395\">Tilpums:<\/strong> 118 ml<\/p>\n","protected":false},"excerpt":{"rendered":"<p data-start=\"496\" data-end=\"532\">Atsvaidzino\u0161s mists mirdzo\u0161ai \u0101dai<\/p>\n<h2 data-start=\"534\" data-end=\"813\"><strong data-start=\"534\" data-end=\"593\">Circadia Licorice &amp; Bearberry Brightening Mist \u012bpa\u0161\u012bbas<\/strong><\/h2>\n<p data-start=\"534\" data-end=\"813\">\u2714\ufe0f Izgaismo un izl\u012bdzina \u0101das toni<br data-start=\"630\" data-end=\"633\" \/>\u2714\ufe0f Samazina tum\u0161o plankumu redzam\u012bbu<br data-start=\"669\" data-end=\"672\" \/>\u2714\ufe0f Mitrina un toniz\u0113 \u0101du<br data-start=\"696\" data-end=\"699\" \/>\u2714\ufe0f Bag\u0101tin\u0101ts ar lakricas un me\u017eozola ekstraktiem<br data-start=\"748\" data-end=\"751\" \/>\u2714\ufe0f Aizsarg\u0101 no br\u012bvajiem radik\u0101\u013ciem un \u0101r\u0113jiem kairin\u0101jumiem<\/p>\n","protected":false},"featured_media":44119,"template":"","meta":[],"pwb-brand":[800],"product_brand":[],"product_cat":[749,751,721],"product_tag":[],"giftcard-category":[],"class_list":{"0":"post-44128","1":"product","2":"type-product","3":"status-publish","4":"has-post-thumbnail","6":"pwb-brand-circadia","7":"product_cat-novecojosa-ada","8":"product_cat-pigmentacija-lv","9":"product_cat-toniki-lv","11":"first","12":"instock","13":"taxable","14":"shipping-taxable","15":"purchasable","16":"product-type-simple"},"acf":[],"brands":[{"id":800,"name":"Circadia","slug":"circadia"}],"_links":{"self":[{"href":"https:\/\/skinstudio.ee\/lv\/wp-json\/wp\/v2\/product\/44128","targetHints":{"allow":["GET"]}}],"collection":[{"href":"https:\/\/skinstudio.ee\/lv\/wp-json\/wp\/v2\/product"}],"about":[{"href":"https:\/\/skinstudio.ee\/lv\/wp-json\/wp\/v2\/types\/product"}],"version-history":[{"count":0,"href":"https:\/\/skinstudio.ee\/lv\/wp-json\/wp\/v2\/product\/44128\/revisions"}],"wp:featuredmedia":[{"embeddable":true,"href":"https:\/\/skinstudio.ee\/lv\/wp-json\/wp\/v2\/media\/44119"}],"wp:attachment":[{"href":"https:\/\/skinstudio.ee\/lv\/wp-json\/wp\/v2\/media?parent=44128"}],"wp:term":[{"taxonomy":"pwb-brand","embeddable":true,"href":"https:\/\/skinstudio.ee\/lv\/wp-json\/wp\/v2\/pwb-brand?post=44128"},{"taxonomy":"product_brand","embeddable":true,"href":"https:\/\/skinstudio.ee\/lv\/wp-json\/wp\/v2\/product_brand?post=44128"},{"taxonomy":"product_cat","embeddable":true,"href":"https:\/\/skinstudio.ee\/lv\/wp-json\/wp\/v2\/product_cat?post=44128"},{"taxonomy":"product_tag","embeddable":true,"href":"https:\/\/skinstudio.ee\/lv\/wp-json\/wp\/v2\/product_tag?post=44128"},{"taxonomy":"giftcard-category","embeddable":true,"href":"https:\/\/skinstudio.ee\/lv\/wp-json\/wp\/v2\/giftcard-category?post=44128"}],"curies":[{"name":"wp","href":"https:\/\/api.w.org\/{rel}","templated":true}]}}