{"id":44145,"date":"2025-08-13T13:35:28","date_gmt":"2025-08-13T13:35:28","guid":{"rendered":"https:\/\/skinstudio.ee\/?post_type=product&#038;p=44145"},"modified":"2026-01-19T15:12:47","modified_gmt":"2026-01-19T15:12:47","slug":"bright-white-serum","status":"publish","type":"product","link":"https:\/\/skinstudio.ee\/lv\/catalog\/circadia\/bright-white-serum\/","title":{"rendered":"Bright White Serum"},"content":{"rendered":"<p data-start=\"122\" data-end=\"639\">\u0160\u012b viegl\u0101 formula satur sp\u0113c\u012bgus antioksidantus un melan\u012bna sint\u0113zes inhibitorus, kas efekt\u012bvi izgaismo \u0101du un samazina hiperpigment\u0101cijas par\u0101d\u012b\u0161anos. Serums pal\u012bdz izl\u012bdzin\u0101t \u0101das toni, samazina tum\u0161o plankumu redzam\u012bbu un nov\u0113r\u0161 jaunu plankumu veido\u0161anos, vienlaikus aizsarg\u0101jot \u0101du no br\u012bvo radik\u0101\u013cu un \u0101r\u0113jo kairin\u0101t\u0101ju iedarb\u012bbas. Regul\u0101ra lieto\u0161ana nodro\u0161ina iev\u0113rojamu \u0101das toni un tekst\u016bras uzlabo\u0161anos, padarot \u0101du starojo\u0161u, vesel\u012bgu un koptu, k\u0101 ar\u012b sniedz svaiguma un komforta saj\u016btu.<\/p>\n<p data-start=\"641\" data-end=\"659\"><strong data-start=\"641\" data-end=\"659\">Tilpums: 15 ml<\/strong><\/p>\n","protected":false},"excerpt":{"rendered":"<p data-start=\"746\" data-end=\"762\">Serums mirdzumam<\/p>\n<h2 data-start=\"764\" data-end=\"1061\"><strong data-start=\"764\" data-end=\"804\">Circadia Bright White Serum \u012bpa\u0161\u012bbas<\/strong><\/h2>\n<p data-start=\"764\" data-end=\"1061\">\u2714\ufe0f Izgaismo pigment\u0101ciju un izl\u012bdzina \u0101das toni<br data-start=\"854\" data-end=\"857\" \/>\u2714\ufe0f Samazina tum\u0161o plankumu un aknes p\u0113du redzam\u012bbu<br data-start=\"907\" data-end=\"910\" \/>\u2714\ufe0f Bag\u0101tin\u0101ts ar sp\u0113c\u012bgiem antioksidantiem \u0101das aizsardz\u012bbai<br data-start=\"970\" data-end=\"973\" \/>\u2714\ufe0f Nov\u0113r\u0161 jaunu pigment\u0113to vietu veido\u0161anos<br data-start=\"1016\" data-end=\"1019\" \/>\u2714\ufe0f Padara \u0101du starojo\u0161u, svaigu un koptu<\/p>\n","protected":false},"featured_media":66198,"template":"","meta":[],"pwb-brand":[800],"product_brand":[],"product_cat":[751,723],"product_tag":[],"giftcard-category":[],"class_list":{"0":"post-44145","1":"product","2":"type-product","3":"status-publish","4":"has-post-thumbnail","6":"pwb-brand-circadia","7":"product_cat-pigmentacija","8":"product_cat-serumi","10":"first","11":"instock","12":"taxable","13":"shipping-taxable","14":"purchasable","15":"product-type-simple"},"acf":[],"brands":[{"id":800,"name":"Circadia","slug":"circadia"}],"_links":{"self":[{"href":"https:\/\/skinstudio.ee\/lv\/wp-json\/wp\/v2\/product\/44145","targetHints":{"allow":["GET"]}}],"collection":[{"href":"https:\/\/skinstudio.ee\/lv\/wp-json\/wp\/v2\/product"}],"about":[{"href":"https:\/\/skinstudio.ee\/lv\/wp-json\/wp\/v2\/types\/product"}],"version-history":[{"count":0,"href":"https:\/\/skinstudio.ee\/lv\/wp-json\/wp\/v2\/product\/44145\/revisions"}],"wp:featuredmedia":[{"embeddable":true,"href":"https:\/\/skinstudio.ee\/lv\/wp-json\/wp\/v2\/media\/66198"}],"wp:attachment":[{"href":"https:\/\/skinstudio.ee\/lv\/wp-json\/wp\/v2\/media?parent=44145"}],"wp:term":[{"taxonomy":"pwb-brand","embeddable":true,"href":"https:\/\/skinstudio.ee\/lv\/wp-json\/wp\/v2\/pwb-brand?post=44145"},{"taxonomy":"product_brand","embeddable":true,"href":"https:\/\/skinstudio.ee\/lv\/wp-json\/wp\/v2\/product_brand?post=44145"},{"taxonomy":"product_cat","embeddable":true,"href":"https:\/\/skinstudio.ee\/lv\/wp-json\/wp\/v2\/product_cat?post=44145"},{"taxonomy":"product_tag","embeddable":true,"href":"https:\/\/skinstudio.ee\/lv\/wp-json\/wp\/v2\/product_tag?post=44145"},{"taxonomy":"giftcard-category","embeddable":true,"href":"https:\/\/skinstudio.ee\/lv\/wp-json\/wp\/v2\/giftcard-category?post=44145"}],"curies":[{"name":"wp","href":"https:\/\/api.w.org\/{rel}","templated":true}]}}