{"id":44160,"date":"2025-08-13T13:51:51","date_gmt":"2025-08-13T13:51:51","guid":{"rendered":"https:\/\/skinstudio.ee\/?post_type=product&#038;p=44160"},"modified":"2026-01-19T15:12:49","modified_gmt":"2026-01-19T15:12:49","slug":"white-veil-brightener","status":"publish","type":"product","link":"https:\/\/skinstudio.ee\/lv\/catalog\/circadia\/white-veil-brightener\/","title":{"rendered":"White Veil Brightener"},"content":{"rendered":"<p data-start=\"95\" data-end=\"539\">\u0160is vieglais, z\u012bdaini viegli uzs\u016bco\u0161ais losjons satur SepiWhite MSH, Chromabright un \u00df-White \u2014 komponentus, kuri kl\u012bniski pier\u0101d\u012bti, ka izgaismo \u0101du un samazina hiperpigment\u0101ciju. Produkts pal\u012bdz izl\u012bdzin\u0101t \u0101das toni, samazin\u0101t tum\u0161o plankumu redzam\u012bbu un pie\u0161\u0137ir \u0101dai svaigu, starojo\u0161u izskatu. Regul\u0101ra lieto\u0161ana uztur \u0101das dabisko mirdzumu, padara to gludu un koptu, vienlaikus aizsarg\u0101jot no br\u012bvajiem radik\u0101\u013ciem un \u0101r\u0113jiem kairin\u0101jumiem.<\/p>\n<p data-start=\"541\" data-end=\"561\"><strong data-start=\"541\" data-end=\"553\">Tilpums:<\/strong> 59 ml<\/p>\n","protected":false},"excerpt":{"rendered":"<p data-start=\"751\" data-end=\"779\">\u0100das izgaismo\u0161anas kop\u0161ana<\/p>\n<h2 data-start=\"781\" data-end=\"826\"><strong data-start=\"781\" data-end=\"824\">Circadia White Veil Brightener \u012bpa\u0161\u012bbas<\/strong><\/h2>\n<p data-start=\"828\" data-end=\"1073\">\u2714\ufe0f Izl\u012bdzina \u0101das toni un izgaismo pigment\u0101ciju<br data-start=\"875\" data-end=\"878\" \/>\u2714\ufe0f Samazina tum\u0161o plankumu un p\u0113caknes redzam\u012bbu<br data-start=\"926\" data-end=\"929\" \/>\u2714\ufe0f Bag\u0101tin\u0101ts ar antioksidantiem \u0101das aizsardz\u012bbai<br data-start=\"979\" data-end=\"982\" \/>\u2714\ufe0f Nov\u0113r\u0161 jaunu pigment\u0113tu plankumu veido\u0161anos<br data-start=\"1028\" data-end=\"1031\" \/>\u2714\ufe0f Padara \u0101du starojo\u0161u, svaigu un koptu<\/p>\n","protected":false},"featured_media":66193,"template":"","meta":[],"pwb-brand":[800],"product_brand":[],"product_cat":[737,751],"product_tag":[],"giftcard-category":[],"class_list":{"0":"post-44160","1":"product","2":"type-product","3":"status-publish","4":"has-post-thumbnail","6":"pwb-brand-circadia","7":"product_cat-mitrinasana","8":"product_cat-pigmentacija-lv","10":"first","11":"instock","12":"taxable","13":"shipping-taxable","14":"purchasable","15":"product-type-simple"},"acf":[],"brands":[{"id":800,"name":"Circadia","slug":"circadia"}],"_links":{"self":[{"href":"https:\/\/skinstudio.ee\/lv\/wp-json\/wp\/v2\/product\/44160","targetHints":{"allow":["GET"]}}],"collection":[{"href":"https:\/\/skinstudio.ee\/lv\/wp-json\/wp\/v2\/product"}],"about":[{"href":"https:\/\/skinstudio.ee\/lv\/wp-json\/wp\/v2\/types\/product"}],"version-history":[{"count":0,"href":"https:\/\/skinstudio.ee\/lv\/wp-json\/wp\/v2\/product\/44160\/revisions"}],"wp:featuredmedia":[{"embeddable":true,"href":"https:\/\/skinstudio.ee\/lv\/wp-json\/wp\/v2\/media\/66193"}],"wp:attachment":[{"href":"https:\/\/skinstudio.ee\/lv\/wp-json\/wp\/v2\/media?parent=44160"}],"wp:term":[{"taxonomy":"pwb-brand","embeddable":true,"href":"https:\/\/skinstudio.ee\/lv\/wp-json\/wp\/v2\/pwb-brand?post=44160"},{"taxonomy":"product_brand","embeddable":true,"href":"https:\/\/skinstudio.ee\/lv\/wp-json\/wp\/v2\/product_brand?post=44160"},{"taxonomy":"product_cat","embeddable":true,"href":"https:\/\/skinstudio.ee\/lv\/wp-json\/wp\/v2\/product_cat?post=44160"},{"taxonomy":"product_tag","embeddable":true,"href":"https:\/\/skinstudio.ee\/lv\/wp-json\/wp\/v2\/product_tag?post=44160"},{"taxonomy":"giftcard-category","embeddable":true,"href":"https:\/\/skinstudio.ee\/lv\/wp-json\/wp\/v2\/giftcard-category?post=44160"}],"curies":[{"name":"wp","href":"https:\/\/api.w.org\/{rel}","templated":true}]}}