{"id":44175,"date":"2025-08-13T14:01:56","date_gmt":"2025-08-13T14:01:56","guid":{"rendered":"https:\/\/skinstudio.ee\/?post_type=product&#038;p=44175"},"modified":"2026-01-19T15:12:49","modified_gmt":"2026-01-19T15:12:49","slug":"professional-firming-and-shaping-gel","status":"publish","type":"product","link":"https:\/\/skinstudio.ee\/lv\/catalog\/circadia\/professional-firming-and-shaping-gel\/","title":{"rendered":"Professional Firming and Shaping Gel"},"content":{"rendered":"<p data-start=\"187\" data-end=\"524\">\u0160is vieglais, \u0101tri uzs\u016bco\u0161ais \u017eelejs redzami izl\u012bdzina un nostiprina problem\u0101tisk\u0101s zonas, uzlabo \u0101das tekst\u016bru un samazina celul\u012bta redzam\u012bbu. \u017delejs stimul\u0113 asinsriti, palielina \u0101das elast\u012bbu un toniz\u0113 to, radot atsvaidzino\u0161u un komfortablu saj\u016btu. Regul\u0101ra lieto\u0161ana pal\u012bdz uzlabot \u0137erme\u0146a kont\u016bras un uztur\u0113t vesel\u012bgu \u0101das izskatu.<\/p>\n<p data-start=\"526\" data-end=\"547\"><strong data-start=\"526\" data-end=\"538\">Tilpums:<\/strong> 200 ml<\/p>\n","protected":false},"excerpt":{"rendered":"<p data-start=\"1807\" data-end=\"1844\">Liftinga \u017eeleja \u0137erme\u0146a kont\u016br\u0101m<\/p>\n<h2 data-start=\"1807\" data-end=\"1844\"><strong data-start=\"250\" data-end=\"308\">\u012apa\u0161\u012bbas Circadia Professional Firming and Shaping Gel<\/strong><\/h2>\n<p data-start=\"1807\" data-end=\"1844\">\u2714\ufe0f Palielina \u0101das stingrumu un elast\u012bbu<br data-start=\"350\" data-end=\"353\" \/>\u2714\ufe0f Uzreiz pievelk \u0101das kont\u016bras<br data-start=\"384\" data-end=\"387\" \/>\u2714\ufe0f Samazina smalkas krunci\u0146as un l\u012bnijas<br data-start=\"427\" data-end=\"430\" \/>\u2714\ufe0f Stiprina un toniz\u0113 \u0101du<br data-start=\"455\" data-end=\"458\" \/>\u2714\ufe0f Nodro\u0161ina svaiguma un komforta saj\u016btu<\/p>\n<p data-start=\"1807\" data-end=\"1844\">\n","protected":false},"featured_media":44168,"template":"","meta":[],"pwb-brand":[800],"product_brand":[],"product_cat":[737,749],"product_tag":[],"giftcard-category":[],"class_list":{"0":"post-44175","1":"product","2":"type-product","3":"status-publish","4":"has-post-thumbnail","6":"pwb-brand-circadia","7":"product_cat-mitrinasana","8":"product_cat-novecojosa-ada","10":"first","11":"instock","12":"taxable","13":"shipping-taxable","14":"purchasable","15":"product-type-simple"},"acf":[],"brands":[{"id":800,"name":"Circadia","slug":"circadia"}],"_links":{"self":[{"href":"https:\/\/skinstudio.ee\/lv\/wp-json\/wp\/v2\/product\/44175","targetHints":{"allow":["GET"]}}],"collection":[{"href":"https:\/\/skinstudio.ee\/lv\/wp-json\/wp\/v2\/product"}],"about":[{"href":"https:\/\/skinstudio.ee\/lv\/wp-json\/wp\/v2\/types\/product"}],"version-history":[{"count":0,"href":"https:\/\/skinstudio.ee\/lv\/wp-json\/wp\/v2\/product\/44175\/revisions"}],"wp:featuredmedia":[{"embeddable":true,"href":"https:\/\/skinstudio.ee\/lv\/wp-json\/wp\/v2\/media\/44168"}],"wp:attachment":[{"href":"https:\/\/skinstudio.ee\/lv\/wp-json\/wp\/v2\/media?parent=44175"}],"wp:term":[{"taxonomy":"pwb-brand","embeddable":true,"href":"https:\/\/skinstudio.ee\/lv\/wp-json\/wp\/v2\/pwb-brand?post=44175"},{"taxonomy":"product_brand","embeddable":true,"href":"https:\/\/skinstudio.ee\/lv\/wp-json\/wp\/v2\/product_brand?post=44175"},{"taxonomy":"product_cat","embeddable":true,"href":"https:\/\/skinstudio.ee\/lv\/wp-json\/wp\/v2\/product_cat?post=44175"},{"taxonomy":"product_tag","embeddable":true,"href":"https:\/\/skinstudio.ee\/lv\/wp-json\/wp\/v2\/product_tag?post=44175"},{"taxonomy":"giftcard-category","embeddable":true,"href":"https:\/\/skinstudio.ee\/lv\/wp-json\/wp\/v2\/giftcard-category?post=44175"}],"curies":[{"name":"wp","href":"https:\/\/api.w.org\/{rel}","templated":true}]}}