{"id":44191,"date":"2025-08-13T14:16:21","date_gmt":"2025-08-13T14:16:21","guid":{"rendered":"https:\/\/skinstudio.ee\/?post_type=product&#038;p=44191"},"modified":"2026-01-19T15:12:47","modified_gmt":"2026-01-19T15:12:47","slug":"blue-bamboo-exfoliator-for-body","status":"publish","type":"product","link":"https:\/\/skinstudio.ee\/lv\/catalog\/circadia\/blue-bamboo-exfoliator-for-body\/","title":{"rendered":"Blue Bamboo Exfoliator For Body"},"content":{"rendered":"<p data-start=\"98\" data-end=\"406\">\u0160is eksotiskais \u0137erme\u0146a skrubis p\u0101rv\u0113r\u0161as maigas, greznas putas, kas bag\u0101tin\u0101tas ar dab\u012bgiem mellen\u0113m s\u0113kl\u0101m un bambusu. Tas maigi p\u012bling\u0113 miru\u0161\u0101s \u0101das \u0161\u016bnas, no\u0146em net\u012brumus un att\u012bra \u0101du, atst\u0101jot to gludu, elast\u012bgu un atsvaidzin\u0101tu. Produkts stimul\u0113 \u0161\u016bnu atjauno\u0161anos un sagatavo \u0101du turpm\u0101kai kop\u0161anai.<\/p>\n<p data-start=\"408\" data-end=\"429\"><strong data-start=\"408\" data-end=\"420\">Tilpums:<\/strong> 200 ml<\/p>\n","protected":false},"excerpt":{"rendered":"<p data-start=\"632\" data-end=\"662\">Eksfoli\u0113jo\u0161s \u0137erme\u0146a skrubis<\/p>\n<h2 data-start=\"664\" data-end=\"977\"><strong data-start=\"664\" data-end=\"717\">Circadia Blue Bamboo Exfoliator For Body \u012bpa\u0161\u012bbas<\/strong><\/h2>\n<p data-start=\"664\" data-end=\"977\">\u2714\ufe0f Maigi no\u0146em miru\u0161\u0101s \u0101das \u0161\u016bnas<br data-start=\"753\" data-end=\"756\" \/>\u2714\ufe0f Gludina \u0101das tekst\u016bru un padara to m\u012bkstu<br data-start=\"800\" data-end=\"803\" \/>\u2714\ufe0f Stimul\u0113 mikrocirkul\u0101ciju un \u0161\u016bnu atjauno\u0161anos<br data-start=\"851\" data-end=\"854\" \/>\u2714\ufe0f Bag\u0101tin\u0101ts ar bambusa ekstraktiem \u0101das baro\u0161anai un m\u012bkstin\u0101\u0161anai<br data-start=\"922\" data-end=\"925\" \/>\u2714\ufe0f Sagatavo \u0101du turpm\u0101kai kop\u0161anai un mitrin\u0101\u0161anai<\/p>\n","protected":false},"featured_media":44183,"template":"","meta":[],"pwb-brand":[800],"product_brand":[],"product_cat":[757,719],"product_tag":[],"giftcard-category":[],"class_list":{"0":"post-44191","1":"product","2":"type-product","3":"status-publish","4":"has-post-thumbnail","6":"pwb-brand-circadia","7":"product_cat-kermena-kopsana","8":"product_cat-skrubji-un-pilingi","10":"first","11":"instock","12":"taxable","13":"shipping-taxable","14":"purchasable","15":"product-type-simple"},"acf":[],"brands":[{"id":800,"name":"Circadia","slug":"circadia"}],"_links":{"self":[{"href":"https:\/\/skinstudio.ee\/lv\/wp-json\/wp\/v2\/product\/44191","targetHints":{"allow":["GET"]}}],"collection":[{"href":"https:\/\/skinstudio.ee\/lv\/wp-json\/wp\/v2\/product"}],"about":[{"href":"https:\/\/skinstudio.ee\/lv\/wp-json\/wp\/v2\/types\/product"}],"version-history":[{"count":0,"href":"https:\/\/skinstudio.ee\/lv\/wp-json\/wp\/v2\/product\/44191\/revisions"}],"wp:featuredmedia":[{"embeddable":true,"href":"https:\/\/skinstudio.ee\/lv\/wp-json\/wp\/v2\/media\/44183"}],"wp:attachment":[{"href":"https:\/\/skinstudio.ee\/lv\/wp-json\/wp\/v2\/media?parent=44191"}],"wp:term":[{"taxonomy":"pwb-brand","embeddable":true,"href":"https:\/\/skinstudio.ee\/lv\/wp-json\/wp\/v2\/pwb-brand?post=44191"},{"taxonomy":"product_brand","embeddable":true,"href":"https:\/\/skinstudio.ee\/lv\/wp-json\/wp\/v2\/product_brand?post=44191"},{"taxonomy":"product_cat","embeddable":true,"href":"https:\/\/skinstudio.ee\/lv\/wp-json\/wp\/v2\/product_cat?post=44191"},{"taxonomy":"product_tag","embeddable":true,"href":"https:\/\/skinstudio.ee\/lv\/wp-json\/wp\/v2\/product_tag?post=44191"},{"taxonomy":"giftcard-category","embeddable":true,"href":"https:\/\/skinstudio.ee\/lv\/wp-json\/wp\/v2\/giftcard-category?post=44191"}],"curies":[{"name":"wp","href":"https:\/\/api.w.org\/{rel}","templated":true}]}}