{"id":44209,"date":"2025-08-13T14:28:47","date_gmt":"2025-08-13T14:28:47","guid":{"rendered":"https:\/\/skinstudio.ee\/?post_type=product&#038;p=44209"},"modified":"2026-01-19T15:12:49","modified_gmt":"2026-01-19T15:12:49","slug":"tidal-moisture-for-body","status":"publish","type":"product","link":"https:\/\/skinstudio.ee\/lv\/catalog\/circadia\/tidal-moisture-for-body\/","title":{"rendered":"Tidal Moisture For Body"},"content":{"rendered":"<p data-start=\"83\" data-end=\"499\">\u0160is z\u012bdaini vieglais un intens\u012bvi mitrino\u0161ais \u0137erme\u0146a losjons ir rad\u012bts, lai maksim\u0101li saglab\u0101tu mitrumu un padar\u012btu \u0101du maigu un elast\u012bgu. Formula ir bag\u0101tin\u0101ta ar augstas kvalit\u0101tes mitrino\u0161\u0101m viel\u0101m un augu ekstraktiem, kas baro \u0101du, atbalsta t\u0101s dabisko aizsargbarjeru un sniedz komforta un svaiguma saj\u016btu. Losjons uzlabo \u0101das elast\u012bbu, gludumu un izskatu, nodro\u0161inot ilgsto\u0161u mitrin\u0101\u0161anu visas dienas garum\u0101.<\/p>\n<p data-start=\"501\" data-end=\"522\"><strong data-start=\"501\" data-end=\"520\">Tilpums: 200 ml<\/strong><\/p>\n","protected":false},"excerpt":{"rendered":"<p data-start=\"656\" data-end=\"683\">Mitrino\u0161s \u0137erme\u0146a losjons<\/p>\n<h2 data-start=\"685\" data-end=\"732\"><strong data-start=\"685\" data-end=\"730\">Circadia Tidal Moisture For Body \u012bpa\u0161\u012bbas<\/strong><\/h2>\n<p data-start=\"734\" data-end=\"925\">\u2714\ufe0f Intens\u012bvi mitrina un m\u012bkstina \u0101du<br data-start=\"770\" data-end=\"773\" \/>\u2714\ufe0f Atjauno \u0101das barjerfunkciju<br data-start=\"803\" data-end=\"806\" \/>\u2714\ufe0f Sniedz komforta un svaiguma saj\u016btu<br data-start=\"843\" data-end=\"846\" \/>\u2714\ufe0f Atbalsta \u0101das elast\u012bbu un stingr\u012bbu<br data-start=\"884\" data-end=\"887\" \/>\u2714\ufe0f Uzs\u016bcas \u0101tri, neatst\u0101jot lip\u012bgumu<\/p>\n","protected":false},"featured_media":66187,"template":"","meta":[],"pwb-brand":[800],"product_brand":[],"product_cat":[757],"product_tag":[],"giftcard-category":[],"class_list":{"0":"post-44209","1":"product","2":"type-product","3":"status-publish","4":"has-post-thumbnail","6":"pwb-brand-circadia","7":"product_cat-kermena-kopsana","9":"first","10":"instock","11":"taxable","12":"shipping-taxable","13":"purchasable","14":"product-type-simple"},"acf":[],"brands":[{"id":800,"name":"Circadia","slug":"circadia"}],"_links":{"self":[{"href":"https:\/\/skinstudio.ee\/lv\/wp-json\/wp\/v2\/product\/44209","targetHints":{"allow":["GET"]}}],"collection":[{"href":"https:\/\/skinstudio.ee\/lv\/wp-json\/wp\/v2\/product"}],"about":[{"href":"https:\/\/skinstudio.ee\/lv\/wp-json\/wp\/v2\/types\/product"}],"version-history":[{"count":0,"href":"https:\/\/skinstudio.ee\/lv\/wp-json\/wp\/v2\/product\/44209\/revisions"}],"wp:featuredmedia":[{"embeddable":true,"href":"https:\/\/skinstudio.ee\/lv\/wp-json\/wp\/v2\/media\/66187"}],"wp:attachment":[{"href":"https:\/\/skinstudio.ee\/lv\/wp-json\/wp\/v2\/media?parent=44209"}],"wp:term":[{"taxonomy":"pwb-brand","embeddable":true,"href":"https:\/\/skinstudio.ee\/lv\/wp-json\/wp\/v2\/pwb-brand?post=44209"},{"taxonomy":"product_brand","embeddable":true,"href":"https:\/\/skinstudio.ee\/lv\/wp-json\/wp\/v2\/product_brand?post=44209"},{"taxonomy":"product_cat","embeddable":true,"href":"https:\/\/skinstudio.ee\/lv\/wp-json\/wp\/v2\/product_cat?post=44209"},{"taxonomy":"product_tag","embeddable":true,"href":"https:\/\/skinstudio.ee\/lv\/wp-json\/wp\/v2\/product_tag?post=44209"},{"taxonomy":"giftcard-category","embeddable":true,"href":"https:\/\/skinstudio.ee\/lv\/wp-json\/wp\/v2\/giftcard-category?post=44209"}],"curies":[{"name":"wp","href":"https:\/\/api.w.org\/{rel}","templated":true}]}}