{"id":44270,"date":"2025-08-13T15:16:24","date_gmt":"2025-08-13T15:16:24","guid":{"rendered":"https:\/\/skinstudio.ee\/?post_type=product&#038;p=44270"},"modified":"2026-01-19T15:12:48","modified_gmt":"2026-01-19T15:12:48","slug":"glow-on-the-go","status":"publish","type":"product","link":"https:\/\/skinstudio.ee\/lv\/catalog\/circadia\/glow-on-the-go\/","title":{"rendered":"Glow On The Go"},"content":{"rendered":"<p data-start=\"135\" data-end=\"225\"><strong>Ekskluz\u012bvs Glow on the Go komplekts no Circadia \u2013 viss, kas nepiecie\u0161ams \u0101das mirdzumam!<\/strong><\/p>\n<p data-start=\"227\" data-end=\"676\">Komplekts ietver l\u012bdzek\u013cus \u0101das att\u012br\u012b\u0161anai, atjauno\u0161anai, baro\u0161anai un mitrin\u0101\u0161anai. Tikai da\u017ei produkti sniegs j\u016bsu \u0101dai p\u0101rsteidzo\u0161u izskatu, vienlaikus palielinot p\u0101rliec\u012bbu par sevi un uzlabojot noska\u0146ojumu. P\u0101rsteidziet savu \u0101du ar pilnv\u0113rt\u012bgu un efekt\u012bvu kop\u0161anu, lai svar\u012bg\u0101kajos dz\u012bves mirk\u013cos izskat\u012btos nevainojami. Pateicoties kompaktajam kosm\u0113tikas maci\u0146am, \u0161is komplekts vienm\u0113r b\u016bs l\u012bdzi, nodro\u0161inot mirdzo\u0161u un nevainojamu izskatu.<\/p>\n","protected":false},"excerpt":{"rendered":"<p data-start=\"129\" data-end=\"159\">Komplekts mirdzo\u0161ai \u0101dai<\/p>\n<h2 data-start=\"161\" data-end=\"205\">Komplekt\u0101 Circadia Glow On The Go ietilpst<\/h2>\n<p data-start=\"207\" data-end=\"366\">\u2714\ufe0f Lipid Replacing Cleansing Gel, 59 ml<br data-start=\"246\" data-end=\"249\" \/>\u2714\ufe0f Vitamin C Reversal Serum, 15 ml<br data-start=\"283\" data-end=\"286\" \/>\u2714\ufe0f Serum 71, 15 ml<br data-start=\"304\" data-end=\"307\" \/>\u2714\ufe0f AquaPorin Hydrating Cream, 50 g<br data-start=\"341\" data-end=\"344\" \/>\u2714\ufe0f Kosm\u0113tikas maci\u0146\u0161<\/p>\n","protected":false},"featured_media":66182,"template":"","meta":[],"pwb-brand":[800],"product_brand":[],"product_cat":[764,755],"product_tag":[],"giftcard-category":[],"class_list":{"0":"post-44270","1":"product","2":"type-product","3":"status-publish","4":"has-post-thumbnail","6":"pwb-brand-circadia","7":"product_cat-davanu-ideja","8":"product_cat-komplekts","10":"first","11":"instock","12":"sale","13":"taxable","14":"shipping-taxable","15":"purchasable","16":"product-type-simple"},"acf":[],"brands":[{"id":800,"name":"Circadia","slug":"circadia"}],"_links":{"self":[{"href":"https:\/\/skinstudio.ee\/lv\/wp-json\/wp\/v2\/product\/44270","targetHints":{"allow":["GET"]}}],"collection":[{"href":"https:\/\/skinstudio.ee\/lv\/wp-json\/wp\/v2\/product"}],"about":[{"href":"https:\/\/skinstudio.ee\/lv\/wp-json\/wp\/v2\/types\/product"}],"version-history":[{"count":0,"href":"https:\/\/skinstudio.ee\/lv\/wp-json\/wp\/v2\/product\/44270\/revisions"}],"wp:featuredmedia":[{"embeddable":true,"href":"https:\/\/skinstudio.ee\/lv\/wp-json\/wp\/v2\/media\/66182"}],"wp:attachment":[{"href":"https:\/\/skinstudio.ee\/lv\/wp-json\/wp\/v2\/media?parent=44270"}],"wp:term":[{"taxonomy":"pwb-brand","embeddable":true,"href":"https:\/\/skinstudio.ee\/lv\/wp-json\/wp\/v2\/pwb-brand?post=44270"},{"taxonomy":"product_brand","embeddable":true,"href":"https:\/\/skinstudio.ee\/lv\/wp-json\/wp\/v2\/product_brand?post=44270"},{"taxonomy":"product_cat","embeddable":true,"href":"https:\/\/skinstudio.ee\/lv\/wp-json\/wp\/v2\/product_cat?post=44270"},{"taxonomy":"product_tag","embeddable":true,"href":"https:\/\/skinstudio.ee\/lv\/wp-json\/wp\/v2\/product_tag?post=44270"},{"taxonomy":"giftcard-category","embeddable":true,"href":"https:\/\/skinstudio.ee\/lv\/wp-json\/wp\/v2\/giftcard-category?post=44270"}],"curies":[{"name":"wp","href":"https:\/\/api.w.org\/{rel}","templated":true}]}}