{"id":44370,"date":"2025-08-14T12:03:40","date_gmt":"2025-08-14T12:03:40","guid":{"rendered":"https:\/\/skinstudio.ee\/?post_type=product&#038;p=44370"},"modified":"2026-01-19T15:12:53","modified_gmt":"2026-01-19T15:12:53","slug":"milk-make-up","status":"publish","type":"product","link":"https:\/\/skinstudio.ee\/lv\/catalog\/natinuel\/milk-make-up\/","title":{"rendered":"Milk Make UP"},"content":{"rendered":"<p data-start=\"142\" data-end=\"471\"><strong data-start=\"149\" data-end=\"165\">MILK MAKE UP<\/strong> \u2013 maigs att\u012bro\u0161s pieni\u0146\u0161, kas satur ar \u0101du sader\u012bgus att\u012bro\u0161os l\u012bdzek\u013cus un ir bag\u0101tin\u0101ts ar augu izcelsmes sast\u0101vda\u013c\u0101m, kas nomierina un aizsarg\u0101 pret iekaisumiem. Produkts nodro\u0161ina optim\u0101lu dekorat\u012bv\u0101s kosm\u0113tikas no\u0146em\u0161anu, tostarp acu zon\u0101, nerada kairin\u0101jumu un ir piem\u0113rots maigai un jut\u012bgai \u0101dai.<\/p>\n<p data-start=\"473\" data-end=\"494\"><strong data-start=\"473\" data-end=\"485\">Tilpums:<\/strong> 150 ml<\/p>\n","protected":false},"excerpt":{"rendered":"<p data-start=\"658\" data-end=\"682\">Att\u012bro\u0161s pieni\u0146\u0161 sejai<\/p>\n<h2 data-start=\"684\" data-end=\"915\"><strong data-start=\"684\" data-end=\"718\">Natinuel Milk Make Up \u012bpa\u0161\u012bbas<\/strong><\/h2>\n<p data-start=\"684\" data-end=\"915\">\u2714\ufe0f Maigi no\u0146em net\u012brumus un kosm\u0113tiku<br data-start=\"758\" data-end=\"761\" \/>\u2714\ufe0f Saglab\u0101 \u0101das dabisko hidrolip\u012bdu barjeru<br data-start=\"804\" data-end=\"807\" \/>\u2714\ufe0f Nomierina un m\u012bkstina \u0101du<br data-start=\"835\" data-end=\"838\" \/>\u2714\ufe0f Sagatavo \u0101du turpm\u0101kai kop\u0161anai<br data-start=\"872\" data-end=\"875\" \/>\u2714\ufe0f Viegls tekst\u016bra, viegli noskalojams<\/p>\n","protected":false},"featured_media":67690,"template":"","meta":[],"pwb-brand":[1127],"product_brand":[],"product_cat":[715,739],"product_tag":[],"giftcard-category":[],"class_list":{"0":"post-44370","1":"product","2":"type-product","3":"status-publish","4":"has-post-thumbnail","6":"pwb-brand-natinuel","7":"product_cat-attirisana","8":"product_cat-sausai-adai","10":"first","11":"instock","12":"taxable","13":"shipping-taxable","14":"purchasable","15":"product-type-simple"},"acf":[],"brands":[{"id":1127,"name":"Natinuel","slug":"natinuel"}],"_links":{"self":[{"href":"https:\/\/skinstudio.ee\/lv\/wp-json\/wp\/v2\/product\/44370","targetHints":{"allow":["GET"]}}],"collection":[{"href":"https:\/\/skinstudio.ee\/lv\/wp-json\/wp\/v2\/product"}],"about":[{"href":"https:\/\/skinstudio.ee\/lv\/wp-json\/wp\/v2\/types\/product"}],"version-history":[{"count":0,"href":"https:\/\/skinstudio.ee\/lv\/wp-json\/wp\/v2\/product\/44370\/revisions"}],"wp:featuredmedia":[{"embeddable":true,"href":"https:\/\/skinstudio.ee\/lv\/wp-json\/wp\/v2\/media\/67690"}],"wp:attachment":[{"href":"https:\/\/skinstudio.ee\/lv\/wp-json\/wp\/v2\/media?parent=44370"}],"wp:term":[{"taxonomy":"pwb-brand","embeddable":true,"href":"https:\/\/skinstudio.ee\/lv\/wp-json\/wp\/v2\/pwb-brand?post=44370"},{"taxonomy":"product_brand","embeddable":true,"href":"https:\/\/skinstudio.ee\/lv\/wp-json\/wp\/v2\/product_brand?post=44370"},{"taxonomy":"product_cat","embeddable":true,"href":"https:\/\/skinstudio.ee\/lv\/wp-json\/wp\/v2\/product_cat?post=44370"},{"taxonomy":"product_tag","embeddable":true,"href":"https:\/\/skinstudio.ee\/lv\/wp-json\/wp\/v2\/product_tag?post=44370"},{"taxonomy":"giftcard-category","embeddable":true,"href":"https:\/\/skinstudio.ee\/lv\/wp-json\/wp\/v2\/giftcard-category?post=44370"}],"curies":[{"name":"wp","href":"https:\/\/api.w.org\/{rel}","templated":true}]}}