{"id":44387,"date":"2025-08-15T09:17:34","date_gmt":"2025-08-15T09:17:34","guid":{"rendered":"https:\/\/skinstudio.ee\/?post_type=product&#038;p=44387"},"modified":"2026-01-19T15:12:52","modified_gmt":"2026-01-19T15:12:52","slug":"cleanser-pha-aha-5","status":"publish","type":"product","link":"https:\/\/skinstudio.ee\/lv\/catalog\/natinuel\/cleanser-pha-aha-5\/","title":{"rendered":"Cleanser PHA-AHA 5%"},"content":{"rendered":"<p data-start=\"81\" data-end=\"430\">CLEANSER PHA-AHA 5% ir att\u012bro\u0161s l\u012bdzeklis bez SLS un SLES, paredz\u0113ts norm\u0101lai un jut\u012bgai \u0101dai. Nerada kairin\u0101jumu. Maigas virsmakt\u012bv\u0101s vielas ir apvienotas ar biofunkcion\u0101l\u0101m sast\u0101vda\u013c\u0101m, lai saudz\u012bgi no\u0146emtu \u0161\u016bnu atlikumus un net\u012brumus, nemainot \u0101das hidrolip\u012bdu aizsargpl\u0113vi. \u0160\u012bs pl\u0113ves integrit\u0101te ir b\u016btiska \u0101das vesel\u012bbai un funkcionalit\u0101tei.<\/p>\n<p data-start=\"432\" data-end=\"617\">P\u0113c noskalo\u0161anas emulsija atst\u0101j pat\u012bkamu svaiguma, maiguma un t\u012br\u012bbas saj\u016btu. Saglab\u0101 \u0101das trauslo hidrolip\u012bdu l\u012bdzsvaru, radot ide\u0101lus apst\u0101k\u013cus n\u0101kam\u0101 kop\u0161anas l\u012bdzek\u013ca uzkl\u0101\u0161anai.<\/p>\n<p data-start=\"619\" data-end=\"640\"><strong data-start=\"619\" data-end=\"631\">Tilpums:<\/strong> 150 ml<\/p>\n","protected":false},"excerpt":{"rendered":"<p data-start=\"743\" data-end=\"768\">Att\u012bro\u0161s gels ar sk\u0101b\u0113m<\/p>\n<h2 data-start=\"770\" data-end=\"1043\"><strong data-start=\"770\" data-end=\"811\">Natinuel Cleanser PHA-AHA 5% \u012bpa\u0161\u012bbas<\/strong><\/h2>\n<p data-start=\"770\" data-end=\"1043\">\u2714\ufe0f Saudz\u012bgi att\u012bra \u0101du, neradot sausuma saj\u016btu<br data-start=\"860\" data-end=\"863\" \/>\u2714\ufe0f Maigi noloba un atjauno \u0101das virsmu<br data-start=\"901\" data-end=\"904\" \/>\u2714\ufe0f Vienm\u0113r\u012bgi izl\u012bdzina toni un pie\u0161\u0137ir svaigumu<br data-start=\"952\" data-end=\"955\" \/>\u2714\ufe0f Sagatavo \u0101du kop\u0161anas l\u012bdzek\u013cu uzkl\u0101\u0161anai<br data-start=\"999\" data-end=\"1002\" \/>\u2714\ufe0f Atbalsta dabisko \u0101das aizsargbarjeru<\/p>\n","protected":false},"featured_media":67685,"template":"","meta":[],"pwb-brand":[1127],"product_brand":[],"product_cat":[715,745],"product_tag":[],"giftcard-category":[],"class_list":{"0":"post-44387","1":"product","2":"type-product","3":"status-publish","4":"has-post-thumbnail","6":"pwb-brand-natinuel","7":"product_cat-attirisana","8":"product_cat-jutigai-adai","10":"first","11":"instock","12":"taxable","13":"shipping-taxable","14":"purchasable","15":"product-type-simple"},"acf":[],"brands":[{"id":1127,"name":"Natinuel","slug":"natinuel"}],"_links":{"self":[{"href":"https:\/\/skinstudio.ee\/lv\/wp-json\/wp\/v2\/product\/44387","targetHints":{"allow":["GET"]}}],"collection":[{"href":"https:\/\/skinstudio.ee\/lv\/wp-json\/wp\/v2\/product"}],"about":[{"href":"https:\/\/skinstudio.ee\/lv\/wp-json\/wp\/v2\/types\/product"}],"version-history":[{"count":0,"href":"https:\/\/skinstudio.ee\/lv\/wp-json\/wp\/v2\/product\/44387\/revisions"}],"wp:featuredmedia":[{"embeddable":true,"href":"https:\/\/skinstudio.ee\/lv\/wp-json\/wp\/v2\/media\/67685"}],"wp:attachment":[{"href":"https:\/\/skinstudio.ee\/lv\/wp-json\/wp\/v2\/media?parent=44387"}],"wp:term":[{"taxonomy":"pwb-brand","embeddable":true,"href":"https:\/\/skinstudio.ee\/lv\/wp-json\/wp\/v2\/pwb-brand?post=44387"},{"taxonomy":"product_brand","embeddable":true,"href":"https:\/\/skinstudio.ee\/lv\/wp-json\/wp\/v2\/product_brand?post=44387"},{"taxonomy":"product_cat","embeddable":true,"href":"https:\/\/skinstudio.ee\/lv\/wp-json\/wp\/v2\/product_cat?post=44387"},{"taxonomy":"product_tag","embeddable":true,"href":"https:\/\/skinstudio.ee\/lv\/wp-json\/wp\/v2\/product_tag?post=44387"},{"taxonomy":"giftcard-category","embeddable":true,"href":"https:\/\/skinstudio.ee\/lv\/wp-json\/wp\/v2\/giftcard-category?post=44387"}],"curies":[{"name":"wp","href":"https:\/\/api.w.org\/{rel}","templated":true}]}}