{"id":44403,"date":"2025-08-15T09:27:50","date_gmt":"2025-08-15T09:27:50","guid":{"rendered":"https:\/\/skinstudio.ee\/?post_type=product&#038;p=44403"},"modified":"2026-01-19T15:12:52","modified_gmt":"2026-01-19T15:12:52","slug":"cleanser-aha-8","status":"publish","type":"product","link":"https:\/\/skinstudio.ee\/lv\/catalog\/natinuel\/cleanser-aha-8\/","title":{"rendered":"Cleanser AHA 8%"},"content":{"rendered":"<p data-start=\"67\" data-end=\"381\">Cleanser AHA 8% ir augstas kvalit\u0101tes att\u012bro\u0161s l\u012bdzeklis bez SLS un SLES, paredz\u0113ts norm\u0101lai \u0101dai. Satur v\u0113rt\u012bgu un maigu virsmakt\u012bvo vielu mais\u012bjumu, kas apvienots ar noteikt\u0101m akt\u012bvaj\u0101m viel\u0101m. To mijiedarb\u012bba nodro\u0161ina dzi\u013cu un optim\u0101lu \u0101das att\u012br\u012b\u0161anu, saglab\u0101jot \u0101das homeost\u0101zi bez p\u0101rm\u0113r\u012bgas attauko\u0161anas.<\/p>\n<p data-start=\"383\" data-end=\"514\">P\u0113c att\u012br\u012b\u0161anas atst\u0101j pat\u012bkamu svaiguma un \u0101das maiguma saj\u016btu, radot ide\u0101lus apst\u0101k\u013cus atbilsto\u0161a NATINUEL produkta uzkl\u0101\u0161anai.<\/p>\n<p data-start=\"516\" data-end=\"537\"><strong data-start=\"516\" data-end=\"528\">Tilpums:<\/strong> 150 ml<\/p>\n","protected":false},"excerpt":{"rendered":"<p data-start=\"646\" data-end=\"675\">Att\u012bro\u0161s gels ar AHA sk\u0101b\u0113m<\/p>\n<h2 data-start=\"677\" data-end=\"924\"><strong data-start=\"677\" data-end=\"714\">Natinuel Cleanser AHA 8% \u012bpa\u0161\u012bbas<\/strong><\/h2>\n<p data-start=\"677\" data-end=\"924\">\u2714\ufe0f Efekt\u012bvi no\u0146em net\u012brumus un lieko sebumu<br data-start=\"760\" data-end=\"763\" \/>\u2714\ufe0f Akt\u012bvi noloba atmiru\u0161\u0101s \u0101das \u0161\u016bnas<br data-start=\"800\" data-end=\"803\" \/>\u2714\ufe0f Vienm\u0113r\u012bgi izl\u012bdzina toni un uzlabo \u0101das tekst\u016bru<br data-start=\"855\" data-end=\"858\" \/>\u2714\ufe0f Stimul\u0113 \u0161\u016bnu atjauno\u0161anos<br data-start=\"886\" data-end=\"889\" \/>\u2714\ufe0f Uzlabo akt\u012bvo vielu uzs\u016bk\u0161anos<\/p>\n","protected":false},"featured_media":67695,"template":"","meta":[],"pwb-brand":[1127],"product_brand":[],"product_cat":[715,749],"product_tag":[],"giftcard-category":[],"class_list":{"0":"post-44403","1":"product","2":"type-product","3":"status-publish","4":"has-post-thumbnail","6":"pwb-brand-natinuel","7":"product_cat-attirisana","8":"product_cat-novecojosa-ada","10":"first","11":"instock","12":"taxable","13":"shipping-taxable","14":"purchasable","15":"product-type-simple"},"acf":[],"brands":[{"id":1127,"name":"Natinuel","slug":"natinuel"}],"_links":{"self":[{"href":"https:\/\/skinstudio.ee\/lv\/wp-json\/wp\/v2\/product\/44403","targetHints":{"allow":["GET"]}}],"collection":[{"href":"https:\/\/skinstudio.ee\/lv\/wp-json\/wp\/v2\/product"}],"about":[{"href":"https:\/\/skinstudio.ee\/lv\/wp-json\/wp\/v2\/types\/product"}],"version-history":[{"count":0,"href":"https:\/\/skinstudio.ee\/lv\/wp-json\/wp\/v2\/product\/44403\/revisions"}],"wp:featuredmedia":[{"embeddable":true,"href":"https:\/\/skinstudio.ee\/lv\/wp-json\/wp\/v2\/media\/67695"}],"wp:attachment":[{"href":"https:\/\/skinstudio.ee\/lv\/wp-json\/wp\/v2\/media?parent=44403"}],"wp:term":[{"taxonomy":"pwb-brand","embeddable":true,"href":"https:\/\/skinstudio.ee\/lv\/wp-json\/wp\/v2\/pwb-brand?post=44403"},{"taxonomy":"product_brand","embeddable":true,"href":"https:\/\/skinstudio.ee\/lv\/wp-json\/wp\/v2\/product_brand?post=44403"},{"taxonomy":"product_cat","embeddable":true,"href":"https:\/\/skinstudio.ee\/lv\/wp-json\/wp\/v2\/product_cat?post=44403"},{"taxonomy":"product_tag","embeddable":true,"href":"https:\/\/skinstudio.ee\/lv\/wp-json\/wp\/v2\/product_tag?post=44403"},{"taxonomy":"giftcard-category","embeddable":true,"href":"https:\/\/skinstudio.ee\/lv\/wp-json\/wp\/v2\/giftcard-category?post=44403"}],"curies":[{"name":"wp","href":"https:\/\/api.w.org\/{rel}","templated":true}]}}