{"id":44419,"date":"2025-08-15T09:38:31","date_gmt":"2025-08-15T09:38:31","guid":{"rendered":"https:\/\/skinstudio.ee\/?post_type=product&#038;p=44419"},"modified":"2026-01-19T15:12:52","modified_gmt":"2026-01-19T15:12:52","slug":"cleanser-aha-pha-9","status":"publish","type":"product","link":"https:\/\/skinstudio.ee\/lv\/catalog\/natinuel\/cleanser-aha-pha-9\/","title":{"rendered":"Cleanser AHA-PHA 9%"},"content":{"rendered":"<p data-start=\"21\" data-end=\"497\">Augu izcelsmes att\u012bro\u0161s l\u012bdzeklis, kas bag\u0101ts ar bioakt\u012bv\u0101m viel\u0101m un apvienots ar specifisk\u0101m AHA un BHA sk\u0101b\u0113m, ir ide\u0101li piem\u0113rots taukainas, problem\u0101tiskas un nosprostotas \u0101das kop\u0161anai. Tas piln\u012bb\u0101 un maigi no\u0146em net\u012brumus un lieko sebumu, vienlaikus nodro\u0161inot antiseptisku un att\u012bro\u0161u iedarb\u012bbu, neboj\u0101jot \u0101das hidrolip\u012bdu aizsargsl\u0101ni. P\u0113c att\u012br\u012b\u0161anas \u0101da ir gatava atbilsto\u0161a NATINUEL produkta uzkl\u0101\u0161anai. Produkts ir pat\u012bkams lieto\u0161an\u0101, padarot \u0101das toni svaig\u0101ku.<\/p>\n<p data-start=\"499\" data-end=\"520\"><strong data-start=\"499\" data-end=\"511\">Tilpums:<\/strong> 150 ml<\/p>\n","protected":false},"excerpt":{"rendered":"<p data-start=\"629\" data-end=\"665\">Att\u012bro\u0161s gels ar AHA un PHA sk\u0101b\u0113m<\/p>\n<h2 data-start=\"667\" data-end=\"938\"><strong data-start=\"667\" data-end=\"708\">Natinuel Cleanser AHA-PHA 9% \u012bpa\u0161\u012bbas<\/strong><\/h2>\n<p data-start=\"667\" data-end=\"938\">\u2714\ufe0f Att\u012bra poras un no\u0146em notur\u012bgus net\u012brumus<br data-start=\"755\" data-end=\"758\" \/>\u2714\ufe0f Kontrol\u0113 sebuma izstr\u0101di<br data-start=\"785\" data-end=\"788\" \/>\u2714\ufe0f \u0160\u0137\u012bdina komedonus un nov\u0113r\u0161 to veido\u0161anos<br data-start=\"832\" data-end=\"835\" \/>\u2714\ufe0f Nol\u012bdzina \u0101das reljefu un uzlabo toni<br data-start=\"875\" data-end=\"878\" \/>\u2714\ufe0f Nodro\u0161ina vieglu pretiekaisuma un nomierino\u0161u iedarb\u012bbu<\/p>\n","protected":false},"featured_media":67680,"template":"","meta":[],"pwb-brand":[1127],"product_brand":[],"product_cat":[715,747],"product_tag":[],"giftcard-category":[],"class_list":{"0":"post-44419","1":"product","2":"type-product","3":"status-publish","4":"has-post-thumbnail","6":"pwb-brand-natinuel","7":"product_cat-attirisana","8":"product_cat-taukainai-adai","10":"first","11":"instock","12":"taxable","13":"shipping-taxable","14":"purchasable","15":"product-type-simple"},"acf":[],"brands":[{"id":1127,"name":"Natinuel","slug":"natinuel"}],"_links":{"self":[{"href":"https:\/\/skinstudio.ee\/lv\/wp-json\/wp\/v2\/product\/44419","targetHints":{"allow":["GET"]}}],"collection":[{"href":"https:\/\/skinstudio.ee\/lv\/wp-json\/wp\/v2\/product"}],"about":[{"href":"https:\/\/skinstudio.ee\/lv\/wp-json\/wp\/v2\/types\/product"}],"version-history":[{"count":0,"href":"https:\/\/skinstudio.ee\/lv\/wp-json\/wp\/v2\/product\/44419\/revisions"}],"wp:featuredmedia":[{"embeddable":true,"href":"https:\/\/skinstudio.ee\/lv\/wp-json\/wp\/v2\/media\/67680"}],"wp:attachment":[{"href":"https:\/\/skinstudio.ee\/lv\/wp-json\/wp\/v2\/media?parent=44419"}],"wp:term":[{"taxonomy":"pwb-brand","embeddable":true,"href":"https:\/\/skinstudio.ee\/lv\/wp-json\/wp\/v2\/pwb-brand?post=44419"},{"taxonomy":"product_brand","embeddable":true,"href":"https:\/\/skinstudio.ee\/lv\/wp-json\/wp\/v2\/product_brand?post=44419"},{"taxonomy":"product_cat","embeddable":true,"href":"https:\/\/skinstudio.ee\/lv\/wp-json\/wp\/v2\/product_cat?post=44419"},{"taxonomy":"product_tag","embeddable":true,"href":"https:\/\/skinstudio.ee\/lv\/wp-json\/wp\/v2\/product_tag?post=44419"},{"taxonomy":"giftcard-category","embeddable":true,"href":"https:\/\/skinstudio.ee\/lv\/wp-json\/wp\/v2\/giftcard-category?post=44419"}],"curies":[{"name":"wp","href":"https:\/\/api.w.org\/{rel}","templated":true}]}}