{"id":44444,"date":"2025-08-15T09:47:38","date_gmt":"2025-08-15T09:47:38","guid":{"rendered":"https:\/\/skinstudio.ee\/?post_type=product&#038;p=44444"},"modified":"2026-01-19T15:12:53","modified_gmt":"2026-01-19T15:12:53","slug":"homeo-gen-face-cream","status":"publish","type":"product","link":"https:\/\/skinstudio.ee\/lv\/catalog\/natinuel\/homeo-gen-face-cream\/","title":{"rendered":"Homeo Gen Face Cream"},"content":{"rendered":"<p data-start=\"21\" data-end=\"414\">HOME\u041e GEN ir maigs kr\u0113ms sausai, saplais\u0101ju\u0161ai un jut\u012bgai \u0101dai ar kuperoza paz\u012bm\u0113m. T\u0101 sast\u0101v\u0101 ir akt\u012bva specifiska viela, kas siner\u0123ij\u0101 ar da\u017e\u0101diem \u0101das probl\u0113mu aspektiem pal\u012bdz normaliz\u0113t \u0101das funkcijas. Sast\u0101vda\u013cas, piem\u0113ram, ceram\u012bdi 3 un fosfatidilhol\u012bns, kop\u0101 ar bioakt\u012bvo kompleksu pal\u012bdz atjaunot pareizu un stabilu virspus\u0113ju un dzi\u013cu mitrin\u0101\u0161anu, k\u0101 ar\u012b veicina \u0101das re\u0123ener\u0101ciju.<\/p>\n<p data-start=\"416\" data-end=\"436\"><strong data-start=\"416\" data-end=\"428\">Tilpums:<\/strong> 50 ml<\/p>\n","protected":false},"excerpt":{"rendered":"<p data-start=\"515\" data-end=\"548\">Premium kr\u0113ms \u0101das atjauno\u0161anai<\/p>\n<h2 data-start=\"550\" data-end=\"795\"><strong data-start=\"550\" data-end=\"592\">Natinuel Homeo Gen Face Cream \u012bpa\u0161\u012bbas<\/strong><\/h2>\n<p data-start=\"550\" data-end=\"795\">\u2714\ufe0f Atjauno un stiprina \u0101das strukt\u016bru<br data-start=\"632\" data-end=\"635\" \/>\u2714\ufe0f Uzlabo elast\u012bbu un tvirtumu<br data-start=\"665\" data-end=\"668\" \/>\u2714\ufe0f Samazina grumbas un izl\u012bdzina toni<br data-start=\"705\" data-end=\"708\" \/>\u2714\ufe0f Mitrina un nodro\u0161ina komfortu<br data-start=\"740\" data-end=\"743\" \/>\u2714\ufe0f Aizsarg\u0101 no stresa un apk\u0101rt\u0113j\u0101s vides ietekmes<\/p>\n","protected":false},"featured_media":67675,"template":"","meta":[],"pwb-brand":[1127],"product_brand":[],"product_cat":[745,737],"product_tag":[],"giftcard-category":[],"class_list":{"0":"post-44444","1":"product","2":"type-product","3":"status-publish","4":"has-post-thumbnail","6":"pwb-brand-natinuel","7":"product_cat-jutigai-adai","8":"product_cat-mitrinasana","10":"first","11":"instock","12":"taxable","13":"shipping-taxable","14":"purchasable","15":"product-type-simple"},"acf":[],"brands":[{"id":1127,"name":"Natinuel","slug":"natinuel"}],"_links":{"self":[{"href":"https:\/\/skinstudio.ee\/lv\/wp-json\/wp\/v2\/product\/44444","targetHints":{"allow":["GET"]}}],"collection":[{"href":"https:\/\/skinstudio.ee\/lv\/wp-json\/wp\/v2\/product"}],"about":[{"href":"https:\/\/skinstudio.ee\/lv\/wp-json\/wp\/v2\/types\/product"}],"version-history":[{"count":0,"href":"https:\/\/skinstudio.ee\/lv\/wp-json\/wp\/v2\/product\/44444\/revisions"}],"wp:featuredmedia":[{"embeddable":true,"href":"https:\/\/skinstudio.ee\/lv\/wp-json\/wp\/v2\/media\/67675"}],"wp:attachment":[{"href":"https:\/\/skinstudio.ee\/lv\/wp-json\/wp\/v2\/media?parent=44444"}],"wp:term":[{"taxonomy":"pwb-brand","embeddable":true,"href":"https:\/\/skinstudio.ee\/lv\/wp-json\/wp\/v2\/pwb-brand?post=44444"},{"taxonomy":"product_brand","embeddable":true,"href":"https:\/\/skinstudio.ee\/lv\/wp-json\/wp\/v2\/product_brand?post=44444"},{"taxonomy":"product_cat","embeddable":true,"href":"https:\/\/skinstudio.ee\/lv\/wp-json\/wp\/v2\/product_cat?post=44444"},{"taxonomy":"product_tag","embeddable":true,"href":"https:\/\/skinstudio.ee\/lv\/wp-json\/wp\/v2\/product_tag?post=44444"},{"taxonomy":"giftcard-category","embeddable":true,"href":"https:\/\/skinstudio.ee\/lv\/wp-json\/wp\/v2\/giftcard-category?post=44444"}],"curies":[{"name":"wp","href":"https:\/\/api.w.org\/{rel}","templated":true}]}}