{"id":44460,"date":"2025-08-15T09:54:11","date_gmt":"2025-08-15T09:54:11","guid":{"rendered":"https:\/\/skinstudio.ee\/?post_type=product&#038;p=44460"},"modified":"2026-01-19T15:12:53","modified_gmt":"2026-01-19T15:12:53","slug":"hydra-gen-face-cream","status":"publish","type":"product","link":"https:\/\/skinstudio.ee\/lv\/catalog\/natinuel\/hydra-gen-face-cream\/","title":{"rendered":"Hydra Gen Face Cream"},"content":{"rendered":"<p data-start=\"21\" data-end=\"399\">Kr\u0113ms ar augstu bio\u0137\u012bmisko aktivit\u0101ti. T\u0101 bag\u0101t\u012bg\u0101 formula nodro\u0161ina optim\u0101lu \u0101das mitruma atjauno\u0161anu, s\u016btot atbilsto\u0161us biolo\u0123iskos sign\u0101lus, kas stimul\u0113 mitrin\u0101\u0161anu. Pateicoties specifisk\u0101m akt\u012bvaj\u0101m viel\u0101m, tiek pastiprin\u0101tas \u0101das funkcijas, kas nepiecie\u0161amas, lai aizsarg\u0101tu to no negat\u012bviem apk\u0101rt\u0113j\u0101s vides faktoriem, ultraviolet\u0101 starojuma un \u0137\u012bmiskiem pies\u0101r\u0146ot\u0101jiem.<\/p>\n<p data-start=\"401\" data-end=\"559\">Ide\u0101ls kr\u0113ms sausas un saplais\u0101ju\u0161as \u0101das kop\u0161anai. Kr\u0113ms nodro\u0161ina \u0101das maigumu, mitrin\u0101\u0161anu un komfortu; \u0101da ir pien\u0101c\u012bgi mitrin\u0101ta, atsl\u0101bin\u0101ta un kopta.<\/p>\n<p data-start=\"561\" data-end=\"581\"><strong data-start=\"561\" data-end=\"573\">Tilpums:<\/strong> 50 ml<\/p>\n","protected":false},"excerpt":{"rendered":"<p data-start=\"660\" data-end=\"693\">Intens\u012bvi mitrino\u0161s sejas kr\u0113ms<\/p>\n<h2 data-start=\"695\" data-end=\"955\"><strong data-start=\"695\" data-end=\"737\">Natinuel Hydra Gen Face Cream \u012bpa\u0161\u012bbas<\/strong><\/h2>\n<p data-start=\"695\" data-end=\"955\">\u2714\ufe0f Nekav\u0113joties pies\u0101tina \u0101du ar mitrumu<br data-start=\"780\" data-end=\"783\" \/>\u2714\ufe0f Atjauno optim\u0101lo mitrin\u0101\u0161anas l\u012bmeni<br data-start=\"822\" data-end=\"825\" \/>\u2714\ufe0f Uzlabo elast\u012bbu un maigumu<br data-start=\"854\" data-end=\"857\" \/>\u2714\ufe0f Izl\u012bdzina smalkas sausuma rad\u012btas l\u012bnijas<br data-start=\"901\" data-end=\"904\" \/>\u2714\ufe0f Aizsarg\u0101 no mitruma zuduma visas dienas garum\u0101<\/p>\n","protected":false},"featured_media":67670,"template":"","meta":[],"pwb-brand":[1127],"product_brand":[],"product_cat":[737,739],"product_tag":[],"giftcard-category":[],"class_list":{"0":"post-44460","1":"product","2":"type-product","3":"status-publish","4":"has-post-thumbnail","6":"pwb-brand-natinuel","7":"product_cat-mitrinasana","8":"product_cat-sausai-adai","10":"first","11":"instock","12":"taxable","13":"shipping-taxable","14":"purchasable","15":"product-type-simple"},"acf":[],"brands":[{"id":1127,"name":"Natinuel","slug":"natinuel"}],"_links":{"self":[{"href":"https:\/\/skinstudio.ee\/lv\/wp-json\/wp\/v2\/product\/44460","targetHints":{"allow":["GET"]}}],"collection":[{"href":"https:\/\/skinstudio.ee\/lv\/wp-json\/wp\/v2\/product"}],"about":[{"href":"https:\/\/skinstudio.ee\/lv\/wp-json\/wp\/v2\/types\/product"}],"version-history":[{"count":0,"href":"https:\/\/skinstudio.ee\/lv\/wp-json\/wp\/v2\/product\/44460\/revisions"}],"wp:featuredmedia":[{"embeddable":true,"href":"https:\/\/skinstudio.ee\/lv\/wp-json\/wp\/v2\/media\/67670"}],"wp:attachment":[{"href":"https:\/\/skinstudio.ee\/lv\/wp-json\/wp\/v2\/media?parent=44460"}],"wp:term":[{"taxonomy":"pwb-brand","embeddable":true,"href":"https:\/\/skinstudio.ee\/lv\/wp-json\/wp\/v2\/pwb-brand?post=44460"},{"taxonomy":"product_brand","embeddable":true,"href":"https:\/\/skinstudio.ee\/lv\/wp-json\/wp\/v2\/product_brand?post=44460"},{"taxonomy":"product_cat","embeddable":true,"href":"https:\/\/skinstudio.ee\/lv\/wp-json\/wp\/v2\/product_cat?post=44460"},{"taxonomy":"product_tag","embeddable":true,"href":"https:\/\/skinstudio.ee\/lv\/wp-json\/wp\/v2\/product_tag?post=44460"},{"taxonomy":"giftcard-category","embeddable":true,"href":"https:\/\/skinstudio.ee\/lv\/wp-json\/wp\/v2\/giftcard-category?post=44460"}],"curies":[{"name":"wp","href":"https:\/\/api.w.org\/{rel}","templated":true}]}}