{"id":44475,"date":"2025-08-15T10:10:35","date_gmt":"2025-08-15T10:10:35","guid":{"rendered":"https:\/\/skinstudio.ee\/?post_type=product&#038;p=44475"},"modified":"2026-01-19T15:12:51","modified_gmt":"2026-01-19T15:12:51","slug":"bio-soft-phas-8-face-cream","status":"publish","type":"product","link":"https:\/\/skinstudio.ee\/lv\/catalog\/natinuel\/bio-soft-phas-8-face-cream\/","title":{"rendered":"Bio Soft PHAs 8% Face Cream"},"content":{"rendered":"<p data-start=\"21\" data-end=\"506\">Specifiski PHAs, piem\u0113ram, glikonolaktons un laktobionsk\u0101be, apvienojum\u0101 ar \u012bpa\u0161u pept\u012bdu un liposk\u0101bi, rada ide\u0101lu mais\u012bjumu, kas atjauno un re\u0123ener\u0113 \u0101du. Sadarb\u012bb\u0101 ar cit\u0101m akt\u012bvaj\u0101m sast\u0101vda\u013c\u0101m t\u0101s stabiliz\u0113 optim\u0101lu dzi\u013co un virspus\u0113jo mitrin\u0101\u0161anu un stiprina \u0101das barjeru. Ilgtermi\u0146a lieto\u0161anas efekts ir atjaunojo\u0161a proced\u016bra. Kr\u0113ms palielina \u0101das elast\u012bbu un tvirtumu, izl\u012bdzina toni. Rezult\u0101t\u0101 notiek biolo\u0123iska \u0101das atjauno\u0161an\u0101s \u2013 \u0101da k\u013c\u016bst elast\u012bg\u0101ka, glud\u0101ka un mitrin\u0101ta.<\/p>\n<p data-start=\"508\" data-end=\"528\"><strong data-start=\"508\" data-end=\"520\">Tilpums:<\/strong> 50 ml<\/p>\n","protected":false},"excerpt":{"rendered":"<p data-start=\"607\" data-end=\"640\">Kr\u0113ms ar PHAs \u0101das atjauno\u0161anai<\/p>\n<h2 data-start=\"642\" data-end=\"906\"><strong data-start=\"642\" data-end=\"691\">Natinuel Bio Soft PHAs 8% Face Cream \u012bpa\u0161\u012bbas<\/strong><\/h2>\n<p data-start=\"642\" data-end=\"906\">\u2714\ufe0f Maigi noloba un stimul\u0113 \u0101das atjauno\u0161anos<br data-start=\"738\" data-end=\"741\" \/>\u2714\ufe0f Dzi\u013ci mitrina un uztur \u016bdens l\u012bdzsvaru<br data-start=\"782\" data-end=\"785\" \/>\u2714\ufe0f Samazina jut\u012bgumu un kairin\u0101jumu<br data-start=\"820\" data-end=\"823\" \/>\u2714\ufe0f Vienm\u0113r\u012bgi izl\u012bdzina toni un uzlabo tekst\u016bru<br data-start=\"870\" data-end=\"873\" \/>\u2714\ufe0f Stiprina \u0101das aizsargbarjeru<\/p>\n","protected":false},"featured_media":67665,"template":"","meta":[],"pwb-brand":[1127],"product_brand":[],"product_cat":[745,737],"product_tag":[],"giftcard-category":[],"class_list":{"0":"post-44475","1":"product","2":"type-product","3":"status-publish","4":"has-post-thumbnail","6":"pwb-brand-natinuel","7":"product_cat-jutigai-adai","8":"product_cat-mitrinasana","10":"first","11":"instock","12":"taxable","13":"shipping-taxable","14":"purchasable","15":"product-type-simple"},"acf":[],"brands":[{"id":1127,"name":"Natinuel","slug":"natinuel"}],"_links":{"self":[{"href":"https:\/\/skinstudio.ee\/lv\/wp-json\/wp\/v2\/product\/44475","targetHints":{"allow":["GET"]}}],"collection":[{"href":"https:\/\/skinstudio.ee\/lv\/wp-json\/wp\/v2\/product"}],"about":[{"href":"https:\/\/skinstudio.ee\/lv\/wp-json\/wp\/v2\/types\/product"}],"version-history":[{"count":0,"href":"https:\/\/skinstudio.ee\/lv\/wp-json\/wp\/v2\/product\/44475\/revisions"}],"wp:featuredmedia":[{"embeddable":true,"href":"https:\/\/skinstudio.ee\/lv\/wp-json\/wp\/v2\/media\/67665"}],"wp:attachment":[{"href":"https:\/\/skinstudio.ee\/lv\/wp-json\/wp\/v2\/media?parent=44475"}],"wp:term":[{"taxonomy":"pwb-brand","embeddable":true,"href":"https:\/\/skinstudio.ee\/lv\/wp-json\/wp\/v2\/pwb-brand?post=44475"},{"taxonomy":"product_brand","embeddable":true,"href":"https:\/\/skinstudio.ee\/lv\/wp-json\/wp\/v2\/product_brand?post=44475"},{"taxonomy":"product_cat","embeddable":true,"href":"https:\/\/skinstudio.ee\/lv\/wp-json\/wp\/v2\/product_cat?post=44475"},{"taxonomy":"product_tag","embeddable":true,"href":"https:\/\/skinstudio.ee\/lv\/wp-json\/wp\/v2\/product_tag?post=44475"},{"taxonomy":"giftcard-category","embeddable":true,"href":"https:\/\/skinstudio.ee\/lv\/wp-json\/wp\/v2\/giftcard-category?post=44475"}],"curies":[{"name":"wp","href":"https:\/\/api.w.org\/{rel}","templated":true}]}}