{"id":44492,"date":"2025-08-15T10:20:01","date_gmt":"2025-08-15T10:20:01","guid":{"rendered":"https:\/\/skinstudio.ee\/?post_type=product&#038;p=44492"},"modified":"2026-01-19T15:12:51","modified_gmt":"2026-01-19T15:12:51","slug":"bio-delis-pha-aha-10-face-cream","status":"publish","type":"product","link":"https:\/\/skinstudio.ee\/lv\/catalog\/natinuel\/bio-delis-pha-aha-10-face-cream\/","title":{"rendered":"Bio Delis PHA-AHA 10% Face Cream"},"content":{"rendered":"<p data-start=\"21\" data-end=\"629\">Atjaunojo\u0161s kr\u0113ms \u0101das noveco\u0161an\u0101s vid\u0113j\u0101 posm\u0101. Piem\u0113rots kombin\u0113tai un taukainai \u0101dai. Unik\u0101ls mande\u013csk\u0101bes un regul\u0113jo\u0161o pept\u012bdu apvienojums nodro\u0161ina daudzl\u012bme\u0146u iedarb\u012bbu. Mande\u013csk\u0101bei piem\u012bt keratoplastiska un antiseptiska iedarb\u012bba, t\u0101 pal\u012bdz att\u012br\u012bt poras un mazin\u0101t mikroiekaisumus. Pept\u012bdu siner\u0123ija nov\u0113r\u0161 grumbu veido\u0161anos, aktiviz\u0113jot fibroblastus, stimul\u0113jot kolag\u0113na un elast\u012bna sint\u0113zi, kas noved pie redzama \u0101das st\u0101vok\u013ca uzlabojuma. Ilgsto\u0161a lieto\u0161ana sniedz atjaunojo\u0161u proced\u016bru kursa efektu. Rezult\u0101t\u0101 notiek biolo\u0123iska \u0101das atjauno\u0161an\u0101s \u2013 \u0101da k\u013c\u016bst elast\u012bg\u0101ka, glud\u0101ka un mitrin\u0101t\u0101ka.<\/p>\n<p data-start=\"631\" data-end=\"651\"><strong data-start=\"631\" data-end=\"643\">Tilpums:<\/strong> 50 ml<\/p>\n","protected":false},"excerpt":{"rendered":"<p data-start=\"730\" data-end=\"765\">Kr\u0113ms ar sk\u0101b\u0113m \u0101das atjauno\u0161anai<\/p>\n<h2 data-start=\"767\" data-end=\"1051\"><strong data-start=\"767\" data-end=\"821\">Natinuel Bio Delis PHA-AHA 10% Face Cream \u012bpa\u0161\u012bbas<\/strong><\/h2>\n<p data-start=\"767\" data-end=\"1051\">\u2714\ufe0f Stimul\u0113 \u0161\u016bnu atjauno\u0161anos un noloba atmiru\u0161o \u0101das sl\u0101ni<br data-start=\"882\" data-end=\"885\" \/>\u2714\ufe0f Vienm\u0113r\u012bgi izl\u012bdzina toni un uzlabo tekst\u016bru<br data-start=\"932\" data-end=\"935\" \/>\u2714\ufe0f Pie\u0161\u0137ir \u0101dai svaigu un vesel\u012bgu izskatu<br data-start=\"977\" data-end=\"980\" \/>\u2714\ufe0f Dzi\u013ci mitrina un m\u012bkstina<br data-start=\"1008\" data-end=\"1011\" \/>\u2714\ufe0f Palielina \u0101das elast\u012bbu un tvirtumu<\/p>\n","protected":false},"featured_media":67660,"template":"","meta":[],"pwb-brand":[1127],"product_brand":[],"product_cat":[737,747],"product_tag":[],"giftcard-category":[],"class_list":{"0":"post-44492","1":"product","2":"type-product","3":"status-publish","4":"has-post-thumbnail","6":"pwb-brand-natinuel","7":"product_cat-mitrinasana","8":"product_cat-taukaina-ada","10":"first","11":"instock","12":"sale","13":"taxable","14":"shipping-taxable","15":"purchasable","16":"product-type-simple"},"acf":[],"brands":[{"id":1127,"name":"Natinuel","slug":"natinuel"}],"_links":{"self":[{"href":"https:\/\/skinstudio.ee\/lv\/wp-json\/wp\/v2\/product\/44492","targetHints":{"allow":["GET"]}}],"collection":[{"href":"https:\/\/skinstudio.ee\/lv\/wp-json\/wp\/v2\/product"}],"about":[{"href":"https:\/\/skinstudio.ee\/lv\/wp-json\/wp\/v2\/types\/product"}],"version-history":[{"count":0,"href":"https:\/\/skinstudio.ee\/lv\/wp-json\/wp\/v2\/product\/44492\/revisions"}],"wp:featuredmedia":[{"embeddable":true,"href":"https:\/\/skinstudio.ee\/lv\/wp-json\/wp\/v2\/media\/67660"}],"wp:attachment":[{"href":"https:\/\/skinstudio.ee\/lv\/wp-json\/wp\/v2\/media?parent=44492"}],"wp:term":[{"taxonomy":"pwb-brand","embeddable":true,"href":"https:\/\/skinstudio.ee\/lv\/wp-json\/wp\/v2\/pwb-brand?post=44492"},{"taxonomy":"product_brand","embeddable":true,"href":"https:\/\/skinstudio.ee\/lv\/wp-json\/wp\/v2\/product_brand?post=44492"},{"taxonomy":"product_cat","embeddable":true,"href":"https:\/\/skinstudio.ee\/lv\/wp-json\/wp\/v2\/product_cat?post=44492"},{"taxonomy":"product_tag","embeddable":true,"href":"https:\/\/skinstudio.ee\/lv\/wp-json\/wp\/v2\/product_tag?post=44492"},{"taxonomy":"giftcard-category","embeddable":true,"href":"https:\/\/skinstudio.ee\/lv\/wp-json\/wp\/v2\/giftcard-category?post=44492"}],"curies":[{"name":"wp","href":"https:\/\/api.w.org\/{rel}","templated":true}]}}