{"id":44508,"date":"2025-08-15T10:30:27","date_gmt":"2025-08-15T10:30:27","guid":{"rendered":"https:\/\/skinstudio.ee\/?post_type=product&#038;p=44508"},"modified":"2026-01-19T15:12:51","modified_gmt":"2026-01-19T15:12:51","slug":"bio-derm-amphoteric-system-face-cream","status":"publish","type":"product","link":"https:\/\/skinstudio.ee\/lv\/catalog\/natinuel\/bio-derm-amphoteric-system-face-cream\/","title":{"rendered":"Bio Derm Amphoteric System Face Cream"},"content":{"rendered":"<p data-start=\"21\" data-end=\"447\">Bio Derm ir zin\u0101tniska atbilde uz v\u0113lmi ieg\u016bt \u0101du, kas ir biolo\u0123iski jaun\u0101ka nek\u0101 nor\u0101d\u012bts p\u0113c pases vecuma. T\u0101 \u012bpa\u0161\u0101 formula satur \u013coti akt\u012bvas sast\u0101vda\u013cas. Kr\u0113ma sast\u0101vs izmanto sp\u0113c\u012bgu sast\u0101vda\u013cu bio\u0137\u012bmisko siner\u0123iju, kas veicina \u0101das audu atjauno\u0161anos un re\u0123ener\u0101ciju vair\u0101kos l\u012bme\u0146os un ir pamats redzamai atjauno\u0161anai. Produkts uzlabo nobriedu\u0161as \u0101das tvirtumu un elast\u012bbu, pak\u0101peniski izl\u012bdzinot da\u017e\u0101da veida grumbas.<\/p>\n<p data-start=\"449\" data-end=\"780\">Kr\u0113ms stimul\u0113 jauna kolag\u0113na, elast\u012bna, glikozaminoglik\u0101nu (GAG) un proteoglik\u0101nu veido\u0161anos, pa\u0101trina \u0161\u016bnu re\u0123ener\u0101ciju, aktiviz\u0113 ener\u0123\u0113tiskos meh\u0101nismus, kas regul\u0113 vielmai\u0146as procesus, aizsarg\u0101 \u0101das strukt\u016bru no br\u012bvo radik\u0101\u013cu kait\u012bg\u0101s iedarb\u012bbas, piem\u012bt antiglik\u0101cijas \u012bpa\u0161\u012bbas un pal\u012bdz uztur\u0113t optim\u0101lu \u0101das mitruma l\u012bmeni.<\/p>\n<p data-start=\"782\" data-end=\"802\"><strong data-start=\"782\" data-end=\"794\">Tilpums:<\/strong> 50 ml<\/p>\n","protected":false},"excerpt":{"rendered":"<p data-start=\"881\" data-end=\"923\">Atjaunojo\u0161s kr\u0113ms ar amfot\u0113risko sist\u0113mu<\/p>\n<h2 data-start=\"925\" data-end=\"1197\"><strong data-start=\"925\" data-end=\"984\">Natinuel Bio Derm Amphoteric System Face Cream \u012bpa\u0161\u012bbas<\/strong><\/h2>\n<p data-start=\"925\" data-end=\"1197\">\u2714\ufe0f Dzi\u013ci atjauno \u0101du \u0161\u016bnu l\u012bmen\u012b<br data-start=\"1019\" data-end=\"1022\" \/>\u2714\ufe0f Uzlabo tvirtumu un pie\u0161\u0137ir bl\u012bvumu<br data-start=\"1059\" data-end=\"1062\" \/>\u2714\ufe0f Izl\u012bdzina grumbas un uzlabo tekst\u016bru<br data-start=\"1101\" data-end=\"1104\" \/>\u2714\ufe0f Aizsarg\u0101 pret oksidat\u012bvo stresu un glik\u0101ciju<br data-start=\"1151\" data-end=\"1154\" \/>\u2714\ufe0f Uztur ilgsto\u0161u mitrin\u0101\u0161anu un komfortu<\/p>\n","protected":false},"featured_media":67655,"template":"","meta":[],"pwb-brand":[1127],"product_brand":[],"product_cat":[737,749],"product_tag":[],"giftcard-category":[],"class_list":{"0":"post-44508","1":"product","2":"type-product","3":"status-publish","4":"has-post-thumbnail","6":"pwb-brand-natinuel","7":"product_cat-mitrinasana","8":"product_cat-novecojosa-ada","10":"first","11":"instock","12":"taxable","13":"shipping-taxable","14":"purchasable","15":"product-type-simple"},"acf":[],"brands":[{"id":1127,"name":"Natinuel","slug":"natinuel"}],"_links":{"self":[{"href":"https:\/\/skinstudio.ee\/lv\/wp-json\/wp\/v2\/product\/44508","targetHints":{"allow":["GET"]}}],"collection":[{"href":"https:\/\/skinstudio.ee\/lv\/wp-json\/wp\/v2\/product"}],"about":[{"href":"https:\/\/skinstudio.ee\/lv\/wp-json\/wp\/v2\/types\/product"}],"version-history":[{"count":0,"href":"https:\/\/skinstudio.ee\/lv\/wp-json\/wp\/v2\/product\/44508\/revisions"}],"wp:featuredmedia":[{"embeddable":true,"href":"https:\/\/skinstudio.ee\/lv\/wp-json\/wp\/v2\/media\/67655"}],"wp:attachment":[{"href":"https:\/\/skinstudio.ee\/lv\/wp-json\/wp\/v2\/media?parent=44508"}],"wp:term":[{"taxonomy":"pwb-brand","embeddable":true,"href":"https:\/\/skinstudio.ee\/lv\/wp-json\/wp\/v2\/pwb-brand?post=44508"},{"taxonomy":"product_brand","embeddable":true,"href":"https:\/\/skinstudio.ee\/lv\/wp-json\/wp\/v2\/product_brand?post=44508"},{"taxonomy":"product_cat","embeddable":true,"href":"https:\/\/skinstudio.ee\/lv\/wp-json\/wp\/v2\/product_cat?post=44508"},{"taxonomy":"product_tag","embeddable":true,"href":"https:\/\/skinstudio.ee\/lv\/wp-json\/wp\/v2\/product_tag?post=44508"},{"taxonomy":"giftcard-category","embeddable":true,"href":"https:\/\/skinstudio.ee\/lv\/wp-json\/wp\/v2\/giftcard-category?post=44508"}],"curies":[{"name":"wp","href":"https:\/\/api.w.org\/{rel}","templated":true}]}}