{"id":44528,"date":"2025-08-15T10:50:40","date_gmt":"2025-08-15T10:50:40","guid":{"rendered":"https:\/\/skinstudio.ee\/?post_type=product&#038;p=44528"},"modified":"2026-01-19T15:12:52","modified_gmt":"2026-01-19T15:12:52","slug":"firmin-30-face-cream","status":"publish","type":"product","link":"https:\/\/skinstudio.ee\/lv\/catalog\/natinuel\/firmin-30-face-cream\/","title":{"rendered":"Firmin 30 Face Cream"},"content":{"rendered":"<p data-start=\"21\" data-end=\"416\">FIRMIN 30 ir multiakt\u012bvs kr\u0113ms ar dzi\u013cu dermatolo\u0123isku iedarb\u012bbu. Paredz\u0113ts \u0101das kop\u0161anai ar pirmaj\u0101m noveco\u0161an\u0101s paz\u012bm\u0113m. Satur unik\u0101las akt\u012bv\u0101s vielas, kas ieg\u016btas no jaun\u0101kaj\u0101m biotehnolo\u0123ij\u0101m un progres\u012bviem p\u0113t\u012bjumiem par \u0101das noveco\u0161anos. To siner\u0123isk\u0101 darb\u012bba nodro\u0161ina \u0101du ar komponentiem, kas nepiecie\u0161ami piln\u012bgai re\u0123ener\u0101cijai un rekonstrukcijai \u0101das ECM (ekstracelul\u0101raj\u0101 matric\u0101).<\/p>\n<p data-start=\"418\" data-end=\"438\"><strong data-start=\"418\" data-end=\"430\">Tilpums:<\/strong> 50 ml<\/p>\n","protected":false},"excerpt":{"rendered":"<p data-start=\"517\" data-end=\"560\">Liftinga kr\u0113ms \u0101das elast\u012bbas uzlabo\u0161anai<\/p>\n<h2 data-start=\"562\" data-end=\"805\"><strong data-start=\"562\" data-end=\"604\">Natinuel Firmin 30 Face Cream \u012bpa\u0161\u012bbas<\/strong><\/h2>\n<p data-start=\"562\" data-end=\"805\">\u2714\ufe0f Nostiprina \u0101das strukt\u016bru un palielina bl\u012bvumu<br data-start=\"656\" data-end=\"659\" \/>\u2714\ufe0f Pace\u013c un uzlabo sejas kont\u016bras<br data-start=\"692\" data-end=\"695\" \/>\u2714\ufe0f Izl\u012bdzina smalkas un vid\u0113jas grumbas<br data-start=\"734\" data-end=\"737\" \/>\u2714\ufe0f Uzlabo \u0101das toni un elast\u012bbu<br data-start=\"768\" data-end=\"771\" \/>\u2714\ufe0f Uztur optim\u0101lu mitruma l\u012bmeni<\/p>\n","protected":false},"featured_media":67650,"template":"","meta":[],"pwb-brand":[1127],"product_brand":[],"product_cat":[737,749],"product_tag":[],"giftcard-category":[],"class_list":{"0":"post-44528","1":"product","2":"type-product","3":"status-publish","4":"has-post-thumbnail","6":"pwb-brand-natinuel","7":"product_cat-mitrinasana","8":"product_cat-novecojosa-ada","10":"first","11":"instock","12":"taxable","13":"shipping-taxable","14":"purchasable","15":"product-type-simple"},"acf":[],"brands":[{"id":1127,"name":"Natinuel","slug":"natinuel"}],"_links":{"self":[{"href":"https:\/\/skinstudio.ee\/lv\/wp-json\/wp\/v2\/product\/44528","targetHints":{"allow":["GET"]}}],"collection":[{"href":"https:\/\/skinstudio.ee\/lv\/wp-json\/wp\/v2\/product"}],"about":[{"href":"https:\/\/skinstudio.ee\/lv\/wp-json\/wp\/v2\/types\/product"}],"version-history":[{"count":0,"href":"https:\/\/skinstudio.ee\/lv\/wp-json\/wp\/v2\/product\/44528\/revisions"}],"wp:featuredmedia":[{"embeddable":true,"href":"https:\/\/skinstudio.ee\/lv\/wp-json\/wp\/v2\/media\/67650"}],"wp:attachment":[{"href":"https:\/\/skinstudio.ee\/lv\/wp-json\/wp\/v2\/media?parent=44528"}],"wp:term":[{"taxonomy":"pwb-brand","embeddable":true,"href":"https:\/\/skinstudio.ee\/lv\/wp-json\/wp\/v2\/pwb-brand?post=44528"},{"taxonomy":"product_brand","embeddable":true,"href":"https:\/\/skinstudio.ee\/lv\/wp-json\/wp\/v2\/product_brand?post=44528"},{"taxonomy":"product_cat","embeddable":true,"href":"https:\/\/skinstudio.ee\/lv\/wp-json\/wp\/v2\/product_cat?post=44528"},{"taxonomy":"product_tag","embeddable":true,"href":"https:\/\/skinstudio.ee\/lv\/wp-json\/wp\/v2\/product_tag?post=44528"},{"taxonomy":"giftcard-category","embeddable":true,"href":"https:\/\/skinstudio.ee\/lv\/wp-json\/wp\/v2\/giftcard-category?post=44528"}],"curies":[{"name":"wp","href":"https:\/\/api.w.org\/{rel}","templated":true}]}}