{"id":44544,"date":"2025-08-15T11:01:41","date_gmt":"2025-08-15T11:01:41","guid":{"rendered":"https:\/\/skinstudio.ee\/?post_type=product&#038;p=44544"},"modified":"2026-01-19T15:12:53","modified_gmt":"2026-01-19T15:12:53","slug":"firmin-up-40-face-cream","status":"publish","type":"product","link":"https:\/\/skinstudio.ee\/lv\/catalog\/natinuel\/firmin-up-40-face-cream\/","title":{"rendered":"Firmin Up 40+ Face Cream"},"content":{"rendered":"<p data-start=\"21\" data-end=\"539\">FIRMIN UP 40 ir \u012bpa\u0161s bioceitisks kr\u0113ms ar izteiktu dermatolo\u0123isku iedarb\u012bbu. R\u016bp\u012bgi atlas\u012btas augsto tehnolo\u0123iju sast\u0101vda\u013cas kompens\u0113 funkcion\u0101lo defic\u012btu, ko izraisa hormon\u0101l\u0101s izmai\u0146as novecojo\u0161\u0101 \u0101d\u0101. Kr\u0113ma formula stimul\u0113 kolag\u0113na un elast\u012bna sint\u0113zi, stiprina ekstracelul\u0101ro matricu, uzlabo mikrocirkul\u0101ciju un \u0161\u016bnu vielmai\u0146u. Produkts iev\u0113rojami palielina \u0101das bl\u012bvumu un elast\u012bbu, pace\u013c sejas kont\u016bras, samazina grumbu dzi\u013cumu un atjauno komfortu. Regul\u0101ri lietojot, \u0101da k\u013c\u016bst glud\u0101ka, elast\u012bg\u0101ka un svaig\u0101ka.<\/p>\n<p data-start=\"541\" data-end=\"561\"><strong data-start=\"541\" data-end=\"553\">Tilpums:<\/strong> 50 ml<\/p>\n","protected":false},"excerpt":{"rendered":"<p data-start=\"640\" data-end=\"687\">Liftinga kr\u0113ms \u0101das elast\u012bbai un atjauno\u0161anai<\/p>\n<h2 data-start=\"689\" data-end=\"946\"><strong data-start=\"689\" data-end=\"735\">Natinuel Firmin Up 40+ Face Cream \u012bpa\u0161\u012bbas<\/strong><\/h2>\n<p data-start=\"689\" data-end=\"946\">\u2714\ufe0f Nostiprina \u0101das strukt\u016bru un palielina bl\u012bvumu<br data-start=\"787\" data-end=\"790\" \/>\u2714\ufe0f Pace\u013c sejas un kakla kont\u016bras<br data-start=\"822\" data-end=\"825\" \/>\u2714\ufe0f Samazina grumbu dzi\u013cumu un izskatu<br data-start=\"862\" data-end=\"865\" \/>\u2714\ufe0f Uzlabo \u0101das toni un elast\u012bbu<br data-start=\"896\" data-end=\"899\" \/>\u2714\ufe0f Nodro\u0161ina ilgsto\u0161u mitrin\u0101\u0161anu un komfortu<\/p>\n","protected":false},"featured_media":67645,"template":"","meta":[],"pwb-brand":[1127],"product_brand":[],"product_cat":[737,749],"product_tag":[],"giftcard-category":[],"class_list":{"0":"post-44544","1":"product","2":"type-product","3":"status-publish","4":"has-post-thumbnail","6":"pwb-brand-natinuel","7":"product_cat-mitrinasana","8":"product_cat-novecojosa-ada","10":"first","11":"instock","12":"taxable","13":"shipping-taxable","14":"purchasable","15":"product-type-simple"},"acf":[],"brands":[{"id":1127,"name":"Natinuel","slug":"natinuel"}],"_links":{"self":[{"href":"https:\/\/skinstudio.ee\/lv\/wp-json\/wp\/v2\/product\/44544","targetHints":{"allow":["GET"]}}],"collection":[{"href":"https:\/\/skinstudio.ee\/lv\/wp-json\/wp\/v2\/product"}],"about":[{"href":"https:\/\/skinstudio.ee\/lv\/wp-json\/wp\/v2\/types\/product"}],"version-history":[{"count":0,"href":"https:\/\/skinstudio.ee\/lv\/wp-json\/wp\/v2\/product\/44544\/revisions"}],"wp:featuredmedia":[{"embeddable":true,"href":"https:\/\/skinstudio.ee\/lv\/wp-json\/wp\/v2\/media\/67645"}],"wp:attachment":[{"href":"https:\/\/skinstudio.ee\/lv\/wp-json\/wp\/v2\/media?parent=44544"}],"wp:term":[{"taxonomy":"pwb-brand","embeddable":true,"href":"https:\/\/skinstudio.ee\/lv\/wp-json\/wp\/v2\/pwb-brand?post=44544"},{"taxonomy":"product_brand","embeddable":true,"href":"https:\/\/skinstudio.ee\/lv\/wp-json\/wp\/v2\/product_brand?post=44544"},{"taxonomy":"product_cat","embeddable":true,"href":"https:\/\/skinstudio.ee\/lv\/wp-json\/wp\/v2\/product_cat?post=44544"},{"taxonomy":"product_tag","embeddable":true,"href":"https:\/\/skinstudio.ee\/lv\/wp-json\/wp\/v2\/product_tag?post=44544"},{"taxonomy":"giftcard-category","embeddable":true,"href":"https:\/\/skinstudio.ee\/lv\/wp-json\/wp\/v2\/giftcard-category?post=44544"}],"curies":[{"name":"wp","href":"https:\/\/api.w.org\/{rel}","templated":true}]}}