{"id":44560,"date":"2025-08-15T11:09:50","date_gmt":"2025-08-15T11:09:50","guid":{"rendered":"https:\/\/skinstudio.ee\/?post_type=product&#038;p=44560"},"modified":"2026-01-19T15:12:53","modified_gmt":"2026-01-19T15:12:53","slug":"the-look-eyes-contour-cream","status":"publish","type":"product","link":"https:\/\/skinstudio.ee\/lv\/catalog\/natinuel\/the-look-eyes-contour-cream\/","title":{"rendered":"The Look Eyes Contour Cream"},"content":{"rendered":"<p data-start=\"21\" data-end=\"84\">Liftinga un atjaunojo\u0161s kr\u0113ms acu kont\u016brai ar botoksa efektu.<\/p>\n<p data-start=\"86\" data-end=\"443\">Jaun\u0101s paaudzes bioceitisks l\u012bdzeklis ar pla\u0161u iedarb\u012bbu. Pateicoties augsti koncentr\u0113t\u0101m akt\u012bvaj\u0101m sast\u0101vda\u013c\u0101m, tas efekt\u012bvi iedarbojas uz daudziem \u0101das defektiem ap ac\u012bm: elast\u012bbas zudumu, dehidrat\u0101ciju, m\u012bmikas krunci\u0146\u0101m, tum\u0161iem lokiem un piet\u016bkumu zem ac\u012bm. Tie\u0161i t\u0101p\u0113c THE LOOK ir ide\u0101ls kr\u0113ms visaptvero\u0161ai acu zonas atjauno\u0161anai un atjaunin\u0101\u0161anai.<\/p>\n<p data-start=\"445\" data-end=\"465\"><strong data-start=\"445\" data-end=\"457\">Tilpums:<\/strong> 15 ml<\/p>\n","protected":false},"excerpt":{"rendered":"<p data-start=\"544\" data-end=\"576\">Atjaunojo\u0161s acu kont\u016bras kr\u0113ms<\/p>\n<h2 data-start=\"578\" data-end=\"858\"><strong data-start=\"578\" data-end=\"627\">Natinuel The Look Eyes Contour Cream \u012bpa\u0161\u012bbas<\/strong><\/h2>\n<p data-start=\"578\" data-end=\"858\">\u2714\ufe0f Samazina piet\u016bkumu un tum\u0161os lokus zem ac\u012bm<br data-start=\"676\" data-end=\"679\" \/>\u2714\ufe0f Izl\u012bdzina smalk\u0101s krunci\u0146as un \u201ev\u0101rnu k\u0101ji\u0146as\u201d<br data-start=\"728\" data-end=\"731\" \/>\u2714\ufe0f Uzlabo plaksti\u0146u \u0101das elast\u012bbu un bl\u012bvumu<br data-start=\"775\" data-end=\"778\" \/>\u2714\ufe0f Mitrina un m\u012bkstina maigo \u0101du<br data-start=\"810\" data-end=\"813\" \/>\u2714\ufe0f Atsvaidzina skatienu un pie\u0161\u0137ir mirdzumu<\/p>\n","protected":false},"featured_media":67640,"template":"","meta":[],"pwb-brand":[1127],"product_brand":[],"product_cat":[733,749],"product_tag":[],"giftcard-category":[],"class_list":{"0":"post-44560","1":"product","2":"type-product","3":"status-publish","4":"has-post-thumbnail","6":"pwb-brand-natinuel","7":"product_cat-ada-ap-acim","8":"product_cat-novecojosa-ada","10":"first","11":"instock","12":"taxable","13":"shipping-taxable","14":"purchasable","15":"product-type-simple"},"acf":[],"brands":[{"id":1127,"name":"Natinuel","slug":"natinuel"}],"_links":{"self":[{"href":"https:\/\/skinstudio.ee\/lv\/wp-json\/wp\/v2\/product\/44560","targetHints":{"allow":["GET"]}}],"collection":[{"href":"https:\/\/skinstudio.ee\/lv\/wp-json\/wp\/v2\/product"}],"about":[{"href":"https:\/\/skinstudio.ee\/lv\/wp-json\/wp\/v2\/types\/product"}],"version-history":[{"count":0,"href":"https:\/\/skinstudio.ee\/lv\/wp-json\/wp\/v2\/product\/44560\/revisions"}],"wp:featuredmedia":[{"embeddable":true,"href":"https:\/\/skinstudio.ee\/lv\/wp-json\/wp\/v2\/media\/67640"}],"wp:attachment":[{"href":"https:\/\/skinstudio.ee\/lv\/wp-json\/wp\/v2\/media?parent=44560"}],"wp:term":[{"taxonomy":"pwb-brand","embeddable":true,"href":"https:\/\/skinstudio.ee\/lv\/wp-json\/wp\/v2\/pwb-brand?post=44560"},{"taxonomy":"product_brand","embeddable":true,"href":"https:\/\/skinstudio.ee\/lv\/wp-json\/wp\/v2\/product_brand?post=44560"},{"taxonomy":"product_cat","embeddable":true,"href":"https:\/\/skinstudio.ee\/lv\/wp-json\/wp\/v2\/product_cat?post=44560"},{"taxonomy":"product_tag","embeddable":true,"href":"https:\/\/skinstudio.ee\/lv\/wp-json\/wp\/v2\/product_tag?post=44560"},{"taxonomy":"giftcard-category","embeddable":true,"href":"https:\/\/skinstudio.ee\/lv\/wp-json\/wp\/v2\/giftcard-category?post=44560"}],"curies":[{"name":"wp","href":"https:\/\/api.w.org\/{rel}","templated":true}]}}