{"id":44577,"date":"2025-08-15T12:03:06","date_gmt":"2025-08-15T12:03:06","guid":{"rendered":"https:\/\/skinstudio.ee\/?post_type=product&#038;p=44577"},"modified":"2026-01-19T15:12:51","modified_gmt":"2026-01-19T15:12:51","slug":"bio-eyes-aha-phas-6-contour-cream","status":"publish","type":"product","link":"https:\/\/skinstudio.ee\/lv\/catalog\/natinuel\/bio-eyes-aha-phas-6-contour-cream\/","title":{"rendered":"Bio Eyes AHA-PHAs 6% Contour Cream"},"content":{"rendered":"<p data-start=\"21\" data-end=\"60\">Biostimul\u0113jo\u0161s un mitrino\u0161s acu kr\u0113ms<\/p>\n<p data-start=\"62\" data-end=\"413\">Izstr\u0101d\u0101ts \u012bpa\u0161i acu zonas \u0101das re\u0123ener\u0101cijai un biostimul\u0101cijai. Unik\u0101l\u0101 formula satur divas \u012bpa\u0161as polihidroksisk\u0101bes (PHAs), kas kombin\u0101cij\u0101 ar unik\u0101lu alfa-hidroksisk\u0101bi (AHA), k\u0101 ar\u012b liposk\u0101bi un \u0101bolsk\u0101bi pal\u012bdz restrukturiz\u0113t un atjaunot gan epidermu, gan dermu. Dabiskas izcelsmes vielas un hialuronsk\u0101be atjauno pareizu \u0101das mitruma l\u012bmeni.<\/p>\n<p data-start=\"415\" data-end=\"435\"><strong data-start=\"415\" data-end=\"427\">Tilpums:<\/strong> 30 ml<\/p>\n","protected":false},"excerpt":{"rendered":"<p data-start=\"514\" data-end=\"535\">Acu kr\u0113ms ar sk\u0101b\u0113m<\/p>\n<h2 data-start=\"537\" data-end=\"824\"><strong data-start=\"537\" data-end=\"593\">Natinuel Bio Eyes AHA-PHAs 6% Contour Cream \u012bpa\u0161\u012bbas<\/strong><\/h2>\n<p data-start=\"537\" data-end=\"824\">\u2714\ufe0f Maigi noloba un stimul\u0113 \u0101das atjauno\u0161anos<br data-start=\"640\" data-end=\"643\" \/>\u2714\ufe0f Atsvaidzina un izl\u012bdzina \u0101das toni ap ac\u012bm<br data-start=\"688\" data-end=\"691\" \/>\u2714\ufe0f Samazina tum\u0161os lokus un noguruma paz\u012bmes<br data-start=\"735\" data-end=\"738\" \/>\u2714\ufe0f Uzlabo elast\u012bbu un izl\u012bdzina smalk\u0101s krunci\u0146as<br data-start=\"787\" data-end=\"790\" \/>\u2714\ufe0f Mitrina un m\u012bkstina maigo \u0101du<\/p>\n","protected":false},"featured_media":67635,"template":"","meta":[],"pwb-brand":[1127],"product_brand":[],"product_cat":[733,749],"product_tag":[],"giftcard-category":[],"class_list":{"0":"post-44577","1":"product","2":"type-product","3":"status-publish","4":"has-post-thumbnail","6":"pwb-brand-natinuel","7":"product_cat-ada-ap-acim","8":"product_cat-novecojosa-ada","10":"first","11":"instock","12":"taxable","13":"shipping-taxable","14":"purchasable","15":"product-type-simple"},"acf":[],"brands":[{"id":1127,"name":"Natinuel","slug":"natinuel"}],"_links":{"self":[{"href":"https:\/\/skinstudio.ee\/lv\/wp-json\/wp\/v2\/product\/44577","targetHints":{"allow":["GET"]}}],"collection":[{"href":"https:\/\/skinstudio.ee\/lv\/wp-json\/wp\/v2\/product"}],"about":[{"href":"https:\/\/skinstudio.ee\/lv\/wp-json\/wp\/v2\/types\/product"}],"version-history":[{"count":0,"href":"https:\/\/skinstudio.ee\/lv\/wp-json\/wp\/v2\/product\/44577\/revisions"}],"wp:featuredmedia":[{"embeddable":true,"href":"https:\/\/skinstudio.ee\/lv\/wp-json\/wp\/v2\/media\/67635"}],"wp:attachment":[{"href":"https:\/\/skinstudio.ee\/lv\/wp-json\/wp\/v2\/media?parent=44577"}],"wp:term":[{"taxonomy":"pwb-brand","embeddable":true,"href":"https:\/\/skinstudio.ee\/lv\/wp-json\/wp\/v2\/pwb-brand?post=44577"},{"taxonomy":"product_brand","embeddable":true,"href":"https:\/\/skinstudio.ee\/lv\/wp-json\/wp\/v2\/product_brand?post=44577"},{"taxonomy":"product_cat","embeddable":true,"href":"https:\/\/skinstudio.ee\/lv\/wp-json\/wp\/v2\/product_cat?post=44577"},{"taxonomy":"product_tag","embeddable":true,"href":"https:\/\/skinstudio.ee\/lv\/wp-json\/wp\/v2\/product_tag?post=44577"},{"taxonomy":"giftcard-category","embeddable":true,"href":"https:\/\/skinstudio.ee\/lv\/wp-json\/wp\/v2\/giftcard-category?post=44577"}],"curies":[{"name":"wp","href":"https:\/\/api.w.org\/{rel}","templated":true}]}}