{"id":44592,"date":"2025-08-15T12:11:20","date_gmt":"2025-08-15T12:11:20","guid":{"rendered":"https:\/\/skinstudio.ee\/?post_type=product&#038;p=44592"},"modified":"2026-01-19T15:12:52","modified_gmt":"2026-01-19T15:12:52","slug":"defend-c-25-face-powder-fluid","status":"publish","type":"product","link":"https:\/\/skinstudio.ee\/lv\/catalog\/natinuel\/defend-c-25-face-powder-fluid\/","title":{"rendered":"Defend C 25 Face Powder\/Fluid"},"content":{"rendered":"<p data-start=\"160\" data-end=\"200\">Bioaizsarg\u0101jo\u0161s flu\u012bds \u2013 antioksidants<\/p>\n<p data-start=\"202\" data-end=\"751\">Unik\u0101ls divkomponentu produkts. Defend C25 j\u0101sagatavo 30 min\u016btes pirms lieto\u0161anas, lai sasniegtu optim\u0101lo C vitam\u012bna l\u012bmeni maksim\u0101laj\u0101 biopieejam\u012bb\u0101. C vitam\u012bna (25%) nenoliedzamo v\u0113rt\u012bbu pastiprina E vitam\u012bns, melaton\u012bns, karnos\u012bns un hialuronsk\u0101be, kas pal\u012bdz neitraliz\u0113t br\u012bvos radik\u0101\u013cus, kav\u0113t kolag\u0113na glik\u0101ciju un stimul\u0113t re\u0123ener\u0101cijas procesus. Pateicoties \u0161\u012bm \u012bpa\u0161\u012bb\u0101m, Defend C25 galvenok\u0101rt j\u0101lieto \u0101dai, kurai nepiecie\u0161ama piln\u012bga strukt\u016bras atjauno\u0161ana. Paredz\u0113ts ar\u012b iekaisu\u0161as, kairin\u0101tas, nov\u0101jin\u0101tas un pigment\u0113tas \u0101das kop\u0161anai.<\/p>\n<p data-start=\"753\" data-end=\"777\"><strong data-start=\"753\" data-end=\"765\">Tilpums:<\/strong> 2 x 10 ml<\/p>\n","protected":false},"excerpt":{"rendered":"<p data-start=\"980\" data-end=\"1011\">Atjaunojo\u0161s C vitam\u012bna flu\u012bds<\/p>\n<h2 data-start=\"1013\" data-end=\"1259\"><strong data-start=\"1013\" data-end=\"1064\">Natinuel Defend C 25 Face Powder\/Fluid \u012bpa\u0161\u012bbas<\/strong><\/h2>\n<p data-start=\"1013\" data-end=\"1259\">\u2714\ufe0f Aizsarg\u0101 \u0101du no oksidat\u012bv\u0101 stresa<br data-start=\"1103\" data-end=\"1106\" \/>\u2714\ufe0f Stimul\u0113 kolag\u0113na sint\u0113zi<br data-start=\"1133\" data-end=\"1136\" \/>\u2714\ufe0f Atsvaidzina un izl\u012bdzina \u0101das toni<br data-start=\"1173\" data-end=\"1176\" \/>\u2714\ufe0f Stiprina kapil\u0101rus un samazina aps\u0101rtumu<br data-start=\"1219\" data-end=\"1222\" \/>\u2714\ufe0f Uzlabo \u0101das tvirtumu un mirdzumu<\/p>\n","protected":false},"featured_media":67630,"template":"","meta":[],"pwb-brand":[1127],"product_brand":[],"product_cat":[729,723],"product_tag":[],"giftcard-category":[],"class_list":{"0":"post-44592","1":"product","2":"type-product","3":"status-publish","4":"has-post-thumbnail","6":"pwb-brand-natinuel","7":"product_cat-c-vitamins","8":"product_cat-serumi","10":"first","11":"instock","12":"taxable","13":"shipping-taxable","14":"purchasable","15":"product-type-simple"},"acf":[],"brands":[{"id":1127,"name":"Natinuel","slug":"natinuel"}],"_links":{"self":[{"href":"https:\/\/skinstudio.ee\/lv\/wp-json\/wp\/v2\/product\/44592","targetHints":{"allow":["GET"]}}],"collection":[{"href":"https:\/\/skinstudio.ee\/lv\/wp-json\/wp\/v2\/product"}],"about":[{"href":"https:\/\/skinstudio.ee\/lv\/wp-json\/wp\/v2\/types\/product"}],"version-history":[{"count":0,"href":"https:\/\/skinstudio.ee\/lv\/wp-json\/wp\/v2\/product\/44592\/revisions"}],"wp:featuredmedia":[{"embeddable":true,"href":"https:\/\/skinstudio.ee\/lv\/wp-json\/wp\/v2\/media\/67630"}],"wp:attachment":[{"href":"https:\/\/skinstudio.ee\/lv\/wp-json\/wp\/v2\/media?parent=44592"}],"wp:term":[{"taxonomy":"pwb-brand","embeddable":true,"href":"https:\/\/skinstudio.ee\/lv\/wp-json\/wp\/v2\/pwb-brand?post=44592"},{"taxonomy":"product_brand","embeddable":true,"href":"https:\/\/skinstudio.ee\/lv\/wp-json\/wp\/v2\/product_brand?post=44592"},{"taxonomy":"product_cat","embeddable":true,"href":"https:\/\/skinstudio.ee\/lv\/wp-json\/wp\/v2\/product_cat?post=44592"},{"taxonomy":"product_tag","embeddable":true,"href":"https:\/\/skinstudio.ee\/lv\/wp-json\/wp\/v2\/product_tag?post=44592"},{"taxonomy":"giftcard-category","embeddable":true,"href":"https:\/\/skinstudio.ee\/lv\/wp-json\/wp\/v2\/giftcard-category?post=44592"}],"curies":[{"name":"wp","href":"https:\/\/api.w.org\/{rel}","templated":true}]}}