{"id":44609,"date":"2025-08-15T12:21:54","date_gmt":"2025-08-15T12:21:54","guid":{"rendered":"https:\/\/skinstudio.ee\/?post_type=product&#038;p=44609"},"modified":"2026-01-19T15:12:53","modified_gmt":"2026-01-19T15:12:53","slug":"seba-fluid-12-ahas-bha-face-fluid","status":"publish","type":"product","link":"https:\/\/skinstudio.ee\/lv\/catalog\/natinuel\/seba-fluid-12-ahas-bha-face-fluid\/","title":{"rendered":"Seba Fluid 12% AHAs-BHA Face Fluid"},"content":{"rendered":"<p data-start=\"127\" data-end=\"599\">AHAs-BHA 12% flu\u012bds ir produkts, kas paredz\u0113ts problem\u0101tiskas \u0101das izmai\u0146u normaliz\u0113\u0161anai, \u012bpa\u0161i izstr\u0101d\u0101ts taukainai un aknei pak\u013cautai \u0101dai. R\u016bp\u012bgi atlas\u012bt\u0101s akt\u012bv\u0101s sast\u0101vda\u013cas pie\u0161\u0137ir papildu bio\u0137\u012bmisk\u0101s \u012bpa\u0161\u012bbas, nodro\u0161inot sebuma sekr\u0113cijas regul\u0113\u0161anu, antibakteri\u0101lu, keratol\u012btisku, dezinfic\u0113jo\u0161u un nomierino\u0161u iedarb\u012bbu. \u0160\u012bs \u012bpa\u0161\u012bbas rada optim\u0101lus higi\u0113niskus un funkcion\u0101lus apst\u0101k\u013cus, kas ir ide\u0101li piem\u0113roti taukainas un aknei pak\u013cautas \u0101das l\u012bdzsvaro\u0161anai.<\/p>\n<p data-start=\"601\" data-end=\"621\"><strong data-start=\"601\" data-end=\"613\">Tilpums:<\/strong> 50 ml<\/p>\n","protected":false},"excerpt":{"rendered":"<p data-start=\"697\" data-end=\"730\">Sebuma regul\u0113jo\u0161s sk\u0101bju flu\u012bds<\/p>\n<h2 data-start=\"732\" data-end=\"958\"><strong data-start=\"732\" data-end=\"788\">Natinuel Seba Fluid 12% AHAs-BHA Face Fluid \u012bpa\u0161\u012bbas<\/strong><\/h2>\n<p data-start=\"732\" data-end=\"958\">\u2714\ufe0f Nov\u0113r\u0161 pinnes<br data-start=\"807\" data-end=\"810\" \/>\u2714\ufe0f Normaliz\u0113 sebuma sekr\u0113ciju<br data-start=\"839\" data-end=\"842\" \/>\u2714\ufe0f Samazina iekaisuma procesus<br data-start=\"872\" data-end=\"875\" \/>\u2714\ufe0f Nodro\u0161ina efekt\u012bvu att\u012br\u012b\u0161anu<br data-start=\"907\" data-end=\"910\" \/>\u2714\ufe0f Atjauno \u0101das integrit\u0101ti un funkcionalit\u0101ti<\/p>\n","protected":false},"featured_media":67625,"template":"","meta":[],"pwb-brand":[1127],"product_brand":[],"product_cat":[723,747],"product_tag":[],"giftcard-category":[],"class_list":{"0":"post-44609","1":"product","2":"type-product","3":"status-publish","4":"has-post-thumbnail","6":"pwb-brand-natinuel","7":"product_cat-serumi","8":"product_cat-taukainai-adai","10":"first","11":"instock","12":"taxable","13":"shipping-taxable","14":"purchasable","15":"product-type-simple"},"acf":[],"brands":[{"id":1127,"name":"Natinuel","slug":"natinuel"}],"_links":{"self":[{"href":"https:\/\/skinstudio.ee\/lv\/wp-json\/wp\/v2\/product\/44609","targetHints":{"allow":["GET"]}}],"collection":[{"href":"https:\/\/skinstudio.ee\/lv\/wp-json\/wp\/v2\/product"}],"about":[{"href":"https:\/\/skinstudio.ee\/lv\/wp-json\/wp\/v2\/types\/product"}],"version-history":[{"count":0,"href":"https:\/\/skinstudio.ee\/lv\/wp-json\/wp\/v2\/product\/44609\/revisions"}],"wp:featuredmedia":[{"embeddable":true,"href":"https:\/\/skinstudio.ee\/lv\/wp-json\/wp\/v2\/media\/67625"}],"wp:attachment":[{"href":"https:\/\/skinstudio.ee\/lv\/wp-json\/wp\/v2\/media?parent=44609"}],"wp:term":[{"taxonomy":"pwb-brand","embeddable":true,"href":"https:\/\/skinstudio.ee\/lv\/wp-json\/wp\/v2\/pwb-brand?post=44609"},{"taxonomy":"product_brand","embeddable":true,"href":"https:\/\/skinstudio.ee\/lv\/wp-json\/wp\/v2\/product_brand?post=44609"},{"taxonomy":"product_cat","embeddable":true,"href":"https:\/\/skinstudio.ee\/lv\/wp-json\/wp\/v2\/product_cat?post=44609"},{"taxonomy":"product_tag","embeddable":true,"href":"https:\/\/skinstudio.ee\/lv\/wp-json\/wp\/v2\/product_tag?post=44609"},{"taxonomy":"giftcard-category","embeddable":true,"href":"https:\/\/skinstudio.ee\/lv\/wp-json\/wp\/v2\/giftcard-category?post=44609"}],"curies":[{"name":"wp","href":"https:\/\/api.w.org\/{rel}","templated":true}]}}