{"id":44626,"date":"2025-08-15T12:31:09","date_gmt":"2025-08-15T12:31:09","guid":{"rendered":"https:\/\/skinstudio.ee\/?post_type=product&#038;p=44626"},"modified":"2026-01-19T15:12:53","modified_gmt":"2026-01-19T15:12:53","slug":"spot-trx-lightening-strong-cream","status":"publish","type":"product","link":"https:\/\/skinstudio.ee\/lv\/catalog\/natinuel\/spot-trx-lightening-strong-cream\/","title":{"rendered":"Spot TRX Lightening Strong Cream"},"content":{"rendered":"<p data-start=\"21\" data-end=\"608\">\u0160is produkts ir paredz\u0113ts melan\u012bna veido\u0161an\u0101s procesa regul\u0113\u0161anai un \u0101trai hiperpigment\u0101cijas mazin\u0101\u0161anai. T\u0101 formul\u0101 ar izteiktu bio\u0137\u012bmisko aktivit\u0101ti ir jaun\u0101k\u0101s paaudzes biomim\u0113tiskie pept\u012bdi, kas integr\u0113ti t\u0101dos kompleksos un akt\u012bvaj\u0101s viel\u0101s k\u0101 Etioline un Peel Moist. Nodro\u0161ina pla\u0161u pielietojumu, vid\u0113ja l\u012bme\u0146a fot aizsardz\u012bbu, intens\u012bvu \u0101das izgaismo\u0161anu, dzi\u013cu un ilgsto\u0161u mitrin\u0101\u0161anu, raga sl\u0101\u0146a biezuma modul\u0101ciju un ton\u0113jo\u0161u efektu. Kr\u0113ms pal\u012bdz izl\u012bdzin\u0101t \u0101das toni, c\u012bn\u0101s ar iekaisuma procesiem, samazinot hiperpigment\u0101cijas risku, un nodro\u0161ina pla\u0161a spektra aizsardz\u012bbu.<\/p>\n<p data-start=\"610\" data-end=\"634\"><strong data-start=\"610\" data-end=\"622\">Tilpums:<\/strong> <strong data-start=\"623\" data-end=\"632\">15 ml<\/strong><\/p>\n","protected":false},"excerpt":{"rendered":"<p data-start=\"736\" data-end=\"758\">Balino\u0161s sejas kr\u0113ms<\/p>\n<h2 data-start=\"760\" data-end=\"972\"><strong data-start=\"760\" data-end=\"814\">Natinuel Spot TRX Lightening Strong Cream \u012bpa\u0161\u012bbas<\/strong><\/h2>\n<p data-start=\"760\" data-end=\"972\">\u2714\ufe0f Balina pigmenta plankumus<br data-start=\"845\" data-end=\"848\" \/>\u2714\ufe0f Izl\u012bdzina \u0101das toni<br data-start=\"870\" data-end=\"873\" \/>\u2714\ufe0f Nov\u0113r\u0161 jaunas pigment\u0101cijas veido\u0161anos<br data-start=\"914\" data-end=\"917\" \/>\u2714\ufe0f Uzlabo \u0101das tekst\u016bru<br data-start=\"940\" data-end=\"943\" \/>\u2714\ufe0f Uztur mitrumu un maigumu<\/p>\n","protected":false},"featured_media":67620,"template":"","meta":[],"pwb-brand":[1127],"product_brand":[],"product_cat":[770,737,751],"product_tag":[],"giftcard-category":[],"class_list":{"0":"post-44626","1":"product","2":"type-product","3":"status-publish","4":"has-post-thumbnail","6":"pwb-brand-natinuel","7":"product_cat-grims","8":"product_cat-mitrinasana","9":"product_cat-pigmentacija","11":"first","12":"instock","13":"taxable","14":"shipping-taxable","15":"purchasable","16":"product-type-simple"},"acf":[],"brands":[{"id":1127,"name":"Natinuel","slug":"natinuel"}],"_links":{"self":[{"href":"https:\/\/skinstudio.ee\/lv\/wp-json\/wp\/v2\/product\/44626","targetHints":{"allow":["GET"]}}],"collection":[{"href":"https:\/\/skinstudio.ee\/lv\/wp-json\/wp\/v2\/product"}],"about":[{"href":"https:\/\/skinstudio.ee\/lv\/wp-json\/wp\/v2\/types\/product"}],"version-history":[{"count":0,"href":"https:\/\/skinstudio.ee\/lv\/wp-json\/wp\/v2\/product\/44626\/revisions"}],"wp:featuredmedia":[{"embeddable":true,"href":"https:\/\/skinstudio.ee\/lv\/wp-json\/wp\/v2\/media\/67620"}],"wp:attachment":[{"href":"https:\/\/skinstudio.ee\/lv\/wp-json\/wp\/v2\/media?parent=44626"}],"wp:term":[{"taxonomy":"pwb-brand","embeddable":true,"href":"https:\/\/skinstudio.ee\/lv\/wp-json\/wp\/v2\/pwb-brand?post=44626"},{"taxonomy":"product_brand","embeddable":true,"href":"https:\/\/skinstudio.ee\/lv\/wp-json\/wp\/v2\/product_brand?post=44626"},{"taxonomy":"product_cat","embeddable":true,"href":"https:\/\/skinstudio.ee\/lv\/wp-json\/wp\/v2\/product_cat?post=44626"},{"taxonomy":"product_tag","embeddable":true,"href":"https:\/\/skinstudio.ee\/lv\/wp-json\/wp\/v2\/product_tag?post=44626"},{"taxonomy":"giftcard-category","embeddable":true,"href":"https:\/\/skinstudio.ee\/lv\/wp-json\/wp\/v2\/giftcard-category?post=44626"}],"curies":[{"name":"wp","href":"https:\/\/api.w.org\/{rel}","templated":true}]}}